{"id":18352,"date":"2025-07-16T10:48:41","date_gmt":"2025-07-16T08:48:41","guid":{"rendered":"https:\/\/uj.adatbank.ro\/lexikon\/termek\/pokai-jakab\/"},"modified":"2025-07-16T10:48:41","modified_gmt":"2025-07-16T08:48:41","slug":"pokai-jakab","status":"publish","type":"product","link":"https:\/\/uj.adatbank.ro\/lexikon\/termek\/pokai-jakab\/","title":{"rendered":"P\u00d3KAI Jakab"},"content":{"rendered":"<p>? \u2020 1572. dec. 12.:tan\u00e1csos, birtokos. \u2013 Fiai: J\u00e1nos \u00e9s P\u00e9ter. \u2013 Izabella kir\u00e1lyn\u00e9 Abaf\u00e1j\u00e1t neki adom\u00e1nyozta (1557). J\u00e1nos Zsigmond erd\u00e9lyi fejedelem f\u0151embere, f\u0151kapit\u00e1nya volt, elk\u00eds\u00e9rte a fejedelmet T\u00f6r\u00f6ko-ba Nagy Szolim\u00e1n szult\u00e1nhoz (1566). D\u00e1vid Ferenc neki aj\u00e1nlotta a Szent\u00edr\u00e1snak fundamentum\u00e1b\u00f3l c. k\u00f6nyv\u00e9t. A kerel\u0151szentp\u00e1li csat\u00e1ban (1575. j\u00fal. 8.), Bekes G\u00e1sp\u00e1r mellett harcoltak, fogs\u00e1gba estek, az ogy. hal\u00e1lra \u00edt\u00e9lte \u0151ket. B\u00e1thori Istv\u00e1n anyjuk k\u00e9r\u00e9s\u00e9re az egyiknek, P\u00e9ternek, megkegyelmezett. <br \/><strong>Irod.:<\/strong> Abaf\u00e1ja, Gyulai P\u00e1l: Pokain\u00e9; Kelemen; P\u00e1lmay; P\u00f3ka, Varr\u00f3 J\u00e1nos: Ki csat\u00e1t nyer, koron\u00e1t nyer, 1976. <br \/><strong>Irod.:<\/strong> Abaf\u00e1ja<\/br><\/p>\n","protected":false},"excerpt":{"rendered":"<p>? \u2020 1572. dec. 12.:tan\u00e1csos, birtokos. \u2013 Fiai: J\u00e1nos \u00e9s P\u00e9ter. \u2013 Izabella kir\u00e1lyn\u00e9 Abaf\u00e1j\u00e1t neki adom\u00e1nyozta (1557). J\u00e1nos Zsigmond erd\u00e9lyi fejedelem f\u0151embere, f\u0151kapit\u00e1nya volt, elk\u00eds\u00e9rte a fejedelmet T\u00f6r\u00f6ko-ba Nagy Szolim\u00e1n szult\u00e1nhoz (1566). D\u00e1vid Ferenc neki aj\u00e1nlotta a Szent\u00edr\u00e1snak fundamentum\u00e1b\u00f3l c. k\u00f6nyv\u00e9t. A kerel\u0151szentp\u00e1li csat\u00e1ban (1575. j\u00fal. 8.), Bekes G\u00e1sp\u00e1r mellett harcoltak, fogs\u00e1gba estek, az [&hellip;]<\/p>\n","protected":false},"featured_media":0,"comment_status":"open","ping_status":"closed","template":"","meta":[],"product_brand":[],"product_cat":[137],"product_tag":[],"class_list":{"0":"post-18352","1":"product","2":"type-product","3":"status-publish","5":"product_cat-maros-megyei-eletrajzi-lexikon","7":"first","8":"instock","9":"shipping-taxable","10":"product-type-simple"},"_links":{"self":[{"href":"https:\/\/uj.adatbank.ro\/lexikon\/wp-json\/wp\/v2\/product\/18352","targetHints":{"allow":["GET"]}}],"collection":[{"href":"https:\/\/uj.adatbank.ro\/lexikon\/wp-json\/wp\/v2\/product"}],"about":[{"href":"https:\/\/uj.adatbank.ro\/lexikon\/wp-json\/wp\/v2\/types\/product"}],"replies":[{"embeddable":true,"href":"https:\/\/uj.adatbank.ro\/lexikon\/wp-json\/wp\/v2\/comments?post=18352"}],"wp:attachment":[{"href":"https:\/\/uj.adatbank.ro\/lexikon\/wp-json\/wp\/v2\/media?parent=18352"}],"wp:term":[{"taxonomy":"product_brand","embeddable":true,"href":"https:\/\/uj.adatbank.ro\/lexikon\/wp-json\/wp\/v2\/product_brand?post=18352"},{"taxonomy":"product_cat","embeddable":true,"href":"https:\/\/uj.adatbank.ro\/lexikon\/wp-json\/wp\/v2\/product_cat?post=18352"},{"taxonomy":"product_tag","embeddable":true,"href":"https:\/\/uj.adatbank.ro\/lexikon\/wp-json\/wp\/v2\/product_tag?post=18352"}],"curies":[{"name":"wp","href":"https:\/\/api.w.org\/{rel}","templated":true}]}}