{"id":18353,"date":"2025-07-16T10:48:42","date_gmt":"2025-07-16T08:48:42","guid":{"rendered":"https:\/\/uj.adatbank.ro\/lexikon\/termek\/pokai-janos\/"},"modified":"2025-07-16T10:48:42","modified_gmt":"2025-07-16T08:48:42","slug":"pokai-janos","status":"publish","type":"product","link":"https:\/\/uj.adatbank.ro\/lexikon\/termek\/pokai-janos\/","title":{"rendered":"P\u00d3KAI J\u00e1nos"},"content":{"rendered":"<p>? \u2020 1575: P. Jakab fia. \u2013 A szentp\u00e1li csat\u00e1ban (1575. j\u00fal. 8.) Bekes G\u00e1sp\u00e1r mellett harcolt, fogs\u00e1gba esett az orsz\u00e1ggy\u0171l\u00e9s hal\u00e1lra \u00edt\u00e9lte, s kiv\u00e9geztette. <br \/><strong>Irod.:<\/strong> Abaf\u00e1ja<\/br><\/p>\n","protected":false},"excerpt":{"rendered":"<p>? \u2020 1575: P. Jakab fia. \u2013 A szentp\u00e1li csat\u00e1ban (1575. j\u00fal. 8.) Bekes G\u00e1sp\u00e1r mellett harcolt, fogs\u00e1gba esett az orsz\u00e1ggy\u0171l\u00e9s hal\u00e1lra \u00edt\u00e9lte, s kiv\u00e9geztette. Irod.: Abaf\u00e1ja<\/p>\n","protected":false},"featured_media":0,"comment_status":"open","ping_status":"closed","template":"","meta":[],"product_brand":[],"product_cat":[137],"product_tag":[],"class_list":{"0":"post-18353","1":"product","2":"type-product","3":"status-publish","5":"product_cat-maros-megyei-eletrajzi-lexikon","7":"first","8":"instock","9":"shipping-taxable","10":"product-type-simple"},"_links":{"self":[{"href":"https:\/\/uj.adatbank.ro\/lexikon\/wp-json\/wp\/v2\/product\/18353","targetHints":{"allow":["GET"]}}],"collection":[{"href":"https:\/\/uj.adatbank.ro\/lexikon\/wp-json\/wp\/v2\/product"}],"about":[{"href":"https:\/\/uj.adatbank.ro\/lexikon\/wp-json\/wp\/v2\/types\/product"}],"replies":[{"embeddable":true,"href":"https:\/\/uj.adatbank.ro\/lexikon\/wp-json\/wp\/v2\/comments?post=18353"}],"wp:attachment":[{"href":"https:\/\/uj.adatbank.ro\/lexikon\/wp-json\/wp\/v2\/media?parent=18353"}],"wp:term":[{"taxonomy":"product_brand","embeddable":true,"href":"https:\/\/uj.adatbank.ro\/lexikon\/wp-json\/wp\/v2\/product_brand?post=18353"},{"taxonomy":"product_cat","embeddable":true,"href":"https:\/\/uj.adatbank.ro\/lexikon\/wp-json\/wp\/v2\/product_cat?post=18353"},{"taxonomy":"product_tag","embeddable":true,"href":"https:\/\/uj.adatbank.ro\/lexikon\/wp-json\/wp\/v2\/product_tag?post=18353"}],"curies":[{"name":"wp","href":"https:\/\/api.w.org\/{rel}","templated":true}]}}