{"id":18355,"date":"2025-07-16T10:48:47","date_gmt":"2025-07-16T08:48:47","guid":{"rendered":"https:\/\/uj.adatbank.ro\/lexikon\/termek\/pokai-peter\/"},"modified":"2025-07-16T10:48:47","modified_gmt":"2025-07-16T08:48:47","slug":"pokai-peter","status":"publish","type":"product","link":"https:\/\/uj.adatbank.ro\/lexikon\/termek\/pokai-peter\/","title":{"rendered":"P\u00d3KAI P\u00e9ter"},"content":{"rendered":"<p>? \u2020 1589: P. Jakab fia. B\u00e1tyj\u00e1val, J\u00e1nossal egy\u00fctt fogs\u00e1gba esett, de anyja k\u00e9r\u00e9s\u00e9re B\u00e1thori megkegyelmezett neki. <br \/><strong>Irod.:<\/strong> Abaf\u00e1ja<\/br><\/p>\n","protected":false},"excerpt":{"rendered":"<p>? \u2020 1589: P. Jakab fia. B\u00e1tyj\u00e1val, J\u00e1nossal egy\u00fctt fogs\u00e1gba esett, de anyja k\u00e9r\u00e9s\u00e9re B\u00e1thori megkegyelmezett neki. Irod.: Abaf\u00e1ja<\/p>\n","protected":false},"featured_media":0,"comment_status":"open","ping_status":"closed","template":"","meta":[],"product_brand":[],"product_cat":[137],"product_tag":[],"class_list":{"0":"post-18355","1":"product","2":"type-product","3":"status-publish","5":"product_cat-maros-megyei-eletrajzi-lexikon","7":"first","8":"instock","9":"shipping-taxable","10":"product-type-simple"},"_links":{"self":[{"href":"https:\/\/uj.adatbank.ro\/lexikon\/wp-json\/wp\/v2\/product\/18355","targetHints":{"allow":["GET"]}}],"collection":[{"href":"https:\/\/uj.adatbank.ro\/lexikon\/wp-json\/wp\/v2\/product"}],"about":[{"href":"https:\/\/uj.adatbank.ro\/lexikon\/wp-json\/wp\/v2\/types\/product"}],"replies":[{"embeddable":true,"href":"https:\/\/uj.adatbank.ro\/lexikon\/wp-json\/wp\/v2\/comments?post=18355"}],"wp:attachment":[{"href":"https:\/\/uj.adatbank.ro\/lexikon\/wp-json\/wp\/v2\/media?parent=18355"}],"wp:term":[{"taxonomy":"product_brand","embeddable":true,"href":"https:\/\/uj.adatbank.ro\/lexikon\/wp-json\/wp\/v2\/product_brand?post=18355"},{"taxonomy":"product_cat","embeddable":true,"href":"https:\/\/uj.adatbank.ro\/lexikon\/wp-json\/wp\/v2\/product_cat?post=18355"},{"taxonomy":"product_tag","embeddable":true,"href":"https:\/\/uj.adatbank.ro\/lexikon\/wp-json\/wp\/v2\/product_tag?post=18355"}],"curies":[{"name":"wp","href":"https:\/\/api.w.org\/{rel}","templated":true}]}}