{"id":18356,"date":"2025-07-16T10:48:49","date_gmt":"2025-07-16T08:48:49","guid":{"rendered":"https:\/\/uj.adatbank.ro\/lexikon\/termek\/pokai-sarosi-ferenc\/"},"modified":"2025-07-16T10:48:49","modified_gmt":"2025-07-16T08:48:49","slug":"pokai-sarosi-ferenc","status":"publish","type":"product","link":"https:\/\/uj.adatbank.ro\/lexikon\/termek\/pokai-sarosi-ferenc\/","title":{"rendered":"P\u00d3KAI S\u00c1ROSI Ferenc"},"content":{"rendered":"<p>? \u2020 ?: szenth\u00e1roms\u00e1gi csal\u00e1d. \u2013 A kisgyermek fia nev\u00e9ben orgon\u00e1t aj\u00e1nd\u00e9koztak a szenth\u00e1roms\u00e1gi unit\u00e1rius templom sz\u00e1m\u00e1ra (1846). <br \/><strong>Irod.:<\/strong> Maros \u2013 m\u0171eml\u00e9kek<\/br><\/p>\n","protected":false},"excerpt":{"rendered":"<p>? \u2020 ?: szenth\u00e1roms\u00e1gi csal\u00e1d. \u2013 A kisgyermek fia nev\u00e9ben orgon\u00e1t aj\u00e1nd\u00e9koztak a szenth\u00e1roms\u00e1gi unit\u00e1rius templom sz\u00e1m\u00e1ra (1846). Irod.: Maros \u2013 m\u0171eml\u00e9kek<\/p>\n","protected":false},"featured_media":0,"comment_status":"open","ping_status":"closed","template":"","meta":[],"product_brand":[],"product_cat":[137],"product_tag":[],"class_list":{"0":"post-18356","1":"product","2":"type-product","3":"status-publish","5":"product_cat-maros-megyei-eletrajzi-lexikon","7":"first","8":"instock","9":"shipping-taxable","10":"product-type-simple"},"_links":{"self":[{"href":"https:\/\/uj.adatbank.ro\/lexikon\/wp-json\/wp\/v2\/product\/18356","targetHints":{"allow":["GET"]}}],"collection":[{"href":"https:\/\/uj.adatbank.ro\/lexikon\/wp-json\/wp\/v2\/product"}],"about":[{"href":"https:\/\/uj.adatbank.ro\/lexikon\/wp-json\/wp\/v2\/types\/product"}],"replies":[{"embeddable":true,"href":"https:\/\/uj.adatbank.ro\/lexikon\/wp-json\/wp\/v2\/comments?post=18356"}],"wp:attachment":[{"href":"https:\/\/uj.adatbank.ro\/lexikon\/wp-json\/wp\/v2\/media?parent=18356"}],"wp:term":[{"taxonomy":"product_brand","embeddable":true,"href":"https:\/\/uj.adatbank.ro\/lexikon\/wp-json\/wp\/v2\/product_brand?post=18356"},{"taxonomy":"product_cat","embeddable":true,"href":"https:\/\/uj.adatbank.ro\/lexikon\/wp-json\/wp\/v2\/product_cat?post=18356"},{"taxonomy":"product_tag","embeddable":true,"href":"https:\/\/uj.adatbank.ro\/lexikon\/wp-json\/wp\/v2\/product_tag?post=18356"}],"curies":[{"name":"wp","href":"https:\/\/api.w.org\/{rel}","templated":true}]}}