{"id":18360,"date":"2025-07-16T10:49:00","date_gmt":"2025-07-16T08:49:00","guid":{"rendered":"https:\/\/uj.adatbank.ro\/lexikon\/termek\/pokorny-ferenc-2\/"},"modified":"2025-07-16T10:49:00","modified_gmt":"2025-07-16T08:49:00","slug":"pokorny-ferenc-2","status":"publish","type":"product","link":"https:\/\/uj.adatbank.ro\/lexikon\/termek\/pokorny-ferenc-2\/","title":{"rendered":"POKORNY Ferenc"},"content":{"rendered":"<p>? \u2020\u00a0?: erd\u0151m\u00e9rn\u00f6k. \u2013 Feles\u00e9ge: Teutsch Julianna. Fi\u00fak: P. Szil\u00e1rd (1907.? \u2013 Mv., 1927. j\u00fan. 30). \u2013 Mv.-en v\u00e1rosi tisztvisel\u0151, sportember, v\u00e1rosi tan\u00e1csos (1924 k.). Az \u00c1ltal\u00e1nos Sporttal foglalkoz\u00f3 Egyes\u00fclet alap\u00edt\u00f3ja. A S\u00e1ros utca \u00e9s a Kispiac sark\u00e1n fel\u00e1ll\u00edtott N\u00e9pkonyha \u00e9s meleged\u0151 gondnoka (1928). <br \/><strong>Irod.:<\/strong> Almanah Tg.M.; Gy\u00e1szjelent\u0151; Id\u0151t\u00e1r 3; \u00d6kr\u00f6s<\/br><\/p>\n","protected":false},"excerpt":{"rendered":"<p>? \u2020\u00a0?: erd\u0151m\u00e9rn\u00f6k. \u2013 Feles\u00e9ge: Teutsch Julianna. Fi\u00fak: P. Szil\u00e1rd (1907.? \u2013 Mv., 1927. j\u00fan. 30). \u2013 Mv.-en v\u00e1rosi tisztvisel\u0151, sportember, v\u00e1rosi tan\u00e1csos (1924 k.). Az \u00c1ltal\u00e1nos Sporttal foglalkoz\u00f3 Egyes\u00fclet alap\u00edt\u00f3ja. A S\u00e1ros utca \u00e9s a Kispiac sark\u00e1n fel\u00e1ll\u00edtott N\u00e9pkonyha \u00e9s meleged\u0151 gondnoka (1928). Irod.: Almanah Tg.M.; Gy\u00e1szjelent\u0151; Id\u0151t\u00e1r 3; \u00d6kr\u00f6s<\/p>\n","protected":false},"featured_media":0,"comment_status":"open","ping_status":"closed","template":"","meta":[],"product_brand":[],"product_cat":[137],"product_tag":[],"class_list":{"0":"post-18360","1":"product","2":"type-product","3":"status-publish","5":"product_cat-maros-megyei-eletrajzi-lexikon","7":"first","8":"instock","9":"shipping-taxable","10":"product-type-simple"},"_links":{"self":[{"href":"https:\/\/uj.adatbank.ro\/lexikon\/wp-json\/wp\/v2\/product\/18360","targetHints":{"allow":["GET"]}}],"collection":[{"href":"https:\/\/uj.adatbank.ro\/lexikon\/wp-json\/wp\/v2\/product"}],"about":[{"href":"https:\/\/uj.adatbank.ro\/lexikon\/wp-json\/wp\/v2\/types\/product"}],"replies":[{"embeddable":true,"href":"https:\/\/uj.adatbank.ro\/lexikon\/wp-json\/wp\/v2\/comments?post=18360"}],"wp:attachment":[{"href":"https:\/\/uj.adatbank.ro\/lexikon\/wp-json\/wp\/v2\/media?parent=18360"}],"wp:term":[{"taxonomy":"product_brand","embeddable":true,"href":"https:\/\/uj.adatbank.ro\/lexikon\/wp-json\/wp\/v2\/product_brand?post=18360"},{"taxonomy":"product_cat","embeddable":true,"href":"https:\/\/uj.adatbank.ro\/lexikon\/wp-json\/wp\/v2\/product_cat?post=18360"},{"taxonomy":"product_tag","embeddable":true,"href":"https:\/\/uj.adatbank.ro\/lexikon\/wp-json\/wp\/v2\/product_tag?post=18360"}],"curies":[{"name":"wp","href":"https:\/\/api.w.org\/{rel}","templated":true}]}}