{"id":18361,"date":"2025-07-16T10:49:01","date_gmt":"2025-07-16T08:49:01","guid":{"rendered":"https:\/\/uj.adatbank.ro\/lexikon\/termek\/pokorny-geza\/"},"modified":"2025-07-16T10:49:01","modified_gmt":"2025-07-16T08:49:01","slug":"pokorny-geza","status":"publish","type":"product","link":"https:\/\/uj.adatbank.ro\/lexikon\/termek\/pokorny-geza\/","title":{"rendered":"POKORNY G\u00e9za"},"content":{"rendered":"<p>Losonc, 1869, \u2020\u00a0?: gy\u00f3gyszer\u00e9sz. \u2013 Testv\u00e9rei: P. Eliz, P. Ferenc \u00e9s J\u00e1noska. Feles\u00e9ge: So\u00f3s Juliska. \u2013 Oklevelet kapott (1890). Mv.-en b\u00e9relte az Arany Kereszt gy\u00f3gyszert\u00e1rat (1903\u201305). <br \/><strong>Irod.:<\/strong> P\u00e9ter H. M.<\/br><\/p>\n","protected":false},"excerpt":{"rendered":"<p>Losonc, 1869, \u2020\u00a0?: gy\u00f3gyszer\u00e9sz. \u2013 Testv\u00e9rei: P. Eliz, P. Ferenc \u00e9s J\u00e1noska. Feles\u00e9ge: So\u00f3s Juliska. \u2013 Oklevelet kapott (1890). Mv.-en b\u00e9relte az Arany Kereszt gy\u00f3gyszert\u00e1rat (1903\u201305). Irod.: P\u00e9ter H. M.<\/p>\n","protected":false},"featured_media":0,"comment_status":"open","ping_status":"closed","template":"","meta":[],"product_brand":[],"product_cat":[137],"product_tag":[],"class_list":{"0":"post-18361","1":"product","2":"type-product","3":"status-publish","5":"product_cat-maros-megyei-eletrajzi-lexikon","7":"first","8":"instock","9":"shipping-taxable","10":"product-type-simple"},"_links":{"self":[{"href":"https:\/\/uj.adatbank.ro\/lexikon\/wp-json\/wp\/v2\/product\/18361","targetHints":{"allow":["GET"]}}],"collection":[{"href":"https:\/\/uj.adatbank.ro\/lexikon\/wp-json\/wp\/v2\/product"}],"about":[{"href":"https:\/\/uj.adatbank.ro\/lexikon\/wp-json\/wp\/v2\/types\/product"}],"replies":[{"embeddable":true,"href":"https:\/\/uj.adatbank.ro\/lexikon\/wp-json\/wp\/v2\/comments?post=18361"}],"wp:attachment":[{"href":"https:\/\/uj.adatbank.ro\/lexikon\/wp-json\/wp\/v2\/media?parent=18361"}],"wp:term":[{"taxonomy":"product_brand","embeddable":true,"href":"https:\/\/uj.adatbank.ro\/lexikon\/wp-json\/wp\/v2\/product_brand?post=18361"},{"taxonomy":"product_cat","embeddable":true,"href":"https:\/\/uj.adatbank.ro\/lexikon\/wp-json\/wp\/v2\/product_cat?post=18361"},{"taxonomy":"product_tag","embeddable":true,"href":"https:\/\/uj.adatbank.ro\/lexikon\/wp-json\/wp\/v2\/product_tag?post=18361"}],"curies":[{"name":"wp","href":"https:\/\/api.w.org\/{rel}","templated":true}]}}