{"id":18362,"date":"2025-07-16T10:49:03","date_gmt":"2025-07-16T08:49:03","guid":{"rendered":"https:\/\/uj.adatbank.ro\/lexikon\/termek\/pol-alexandru\/"},"modified":"2025-07-16T10:49:03","modified_gmt":"2025-07-16T08:49:03","slug":"pol-alexandru","status":"publish","type":"product","link":"https:\/\/uj.adatbank.ro\/lexikon\/termek\/pol-alexandru\/","title":{"rendered":"POL, Alexandru"},"content":{"rendered":"<p>Bala, 1906. dec. 15., \u2020 Kv., 1985. dec. 15., Bal\u00e1zsfalv\u00e1n temett\u00e9k el.: tan\u00e1r, g.kat. pap. \u2013 Sz\u00fcl\u0151faluj\u00e1ban \u00e9s Mv.-en az \u201eAl. Papiu Ilarian\u201d \u00e9s a kereskedelmi l\u00edc.-ban v\u00e9gezte tanulm\u00e1nyait (1927), kereskedelmi akad\u00e9mi\u00e1t v\u00e9gzett Kv.-on (1930). Tan\u00edtott Bal\u00e1zsfalv\u00e1n k\u00f6nyvel\u00e9st \u00e9s matematik\u00e1t (1931\u201348). Id\u0151k\u00f6zben elv\u00e9gezte a teol\u00f3gi\u00e1t \u00e9s papp\u00e1 szentelt\u00e9k (1940). Maros\u00fajv\u00e1ron a Kereskedelmi Liceumban tan\u00edtott (1948\u201351), majd Kv.-on a Kereskedelmi Le\u00e1ny k\u00f6z\u00e9piskol\u00e1ban tan\u00edtott (1951\u201355), k\u00f6nyvel\u0151 a G\u00e1z \u00e9s villany vezet\u00e9kek v\u00e1llalat\u00e1n\u00e1l nyugd\u00edba vonul\u00e1s\u00e1ig (1955\u201366), k\u00f6zben k\u00f6nyvel\u00e9st tan\u00edtott (1958\u201361) <br \/><strong>Irod.:<\/strong> Com\u015fa\u2013Seiceanu; Todea 2013<\/br><\/p>\n","protected":false},"excerpt":{"rendered":"<p>Bala, 1906. dec. 15., \u2020 Kv., 1985. dec. 15., Bal\u00e1zsfalv\u00e1n temett\u00e9k el.: tan\u00e1r, g.kat. pap. \u2013 Sz\u00fcl\u0151faluj\u00e1ban \u00e9s Mv.-en az \u201eAl. Papiu Ilarian\u201d \u00e9s a kereskedelmi l\u00edc.-ban v\u00e9gezte tanulm\u00e1nyait (1927), kereskedelmi akad\u00e9mi\u00e1t v\u00e9gzett Kv.-on (1930). Tan\u00edtott Bal\u00e1zsfalv\u00e1n k\u00f6nyvel\u00e9st \u00e9s matematik\u00e1t (1931\u201348). Id\u0151k\u00f6zben elv\u00e9gezte a teol\u00f3gi\u00e1t \u00e9s papp\u00e1 szentelt\u00e9k (1940). Maros\u00fajv\u00e1ron a Kereskedelmi Liceumban tan\u00edtott (1948\u201351), [&hellip;]<\/p>\n","protected":false},"featured_media":0,"comment_status":"open","ping_status":"closed","template":"","meta":[],"product_brand":[],"product_cat":[137],"product_tag":[],"class_list":{"0":"post-18362","1":"product","2":"type-product","3":"status-publish","5":"product_cat-maros-megyei-eletrajzi-lexikon","7":"first","8":"instock","9":"shipping-taxable","10":"product-type-simple"},"_links":{"self":[{"href":"https:\/\/uj.adatbank.ro\/lexikon\/wp-json\/wp\/v2\/product\/18362","targetHints":{"allow":["GET"]}}],"collection":[{"href":"https:\/\/uj.adatbank.ro\/lexikon\/wp-json\/wp\/v2\/product"}],"about":[{"href":"https:\/\/uj.adatbank.ro\/lexikon\/wp-json\/wp\/v2\/types\/product"}],"replies":[{"embeddable":true,"href":"https:\/\/uj.adatbank.ro\/lexikon\/wp-json\/wp\/v2\/comments?post=18362"}],"wp:attachment":[{"href":"https:\/\/uj.adatbank.ro\/lexikon\/wp-json\/wp\/v2\/media?parent=18362"}],"wp:term":[{"taxonomy":"product_brand","embeddable":true,"href":"https:\/\/uj.adatbank.ro\/lexikon\/wp-json\/wp\/v2\/product_brand?post=18362"},{"taxonomy":"product_cat","embeddable":true,"href":"https:\/\/uj.adatbank.ro\/lexikon\/wp-json\/wp\/v2\/product_cat?post=18362"},{"taxonomy":"product_tag","embeddable":true,"href":"https:\/\/uj.adatbank.ro\/lexikon\/wp-json\/wp\/v2\/product_tag?post=18362"}],"curies":[{"name":"wp","href":"https:\/\/api.w.org\/{rel}","templated":true}]}}