{"id":18363,"date":"2025-07-16T10:49:05","date_gmt":"2025-07-16T08:49:05","guid":{"rendered":"https:\/\/uj.adatbank.ro\/lexikon\/termek\/pol-ioan\/"},"modified":"2025-07-16T10:49:05","modified_gmt":"2025-07-16T08:49:05","slug":"pol-ioan","status":"publish","type":"product","link":"https:\/\/uj.adatbank.ro\/lexikon\/termek\/pol-ioan\/","title":{"rendered":"POL, Ioan"},"content":{"rendered":"<p>? \u2020 ?: ort. pap. \u2013 Sz\u00e9naf\u0171ben szolg\u00e1lata idej\u00e9ben \u00e9p\u00edtett\u00e9k \u00e9s festett\u00e9k ki az ort. Szenth\u00e1roms\u00e1g templomot (1935). A fest\u00e9s Aurel Pop mv.-i rajztan\u00e1r alkot\u00e1sa.-<br \/><strong>Irod.:<\/strong> \u015eincan 2006<\/br><\/p>\n","protected":false},"excerpt":{"rendered":"<p>? \u2020 ?: ort. pap. \u2013 Sz\u00e9naf\u0171ben szolg\u00e1lata idej\u00e9ben \u00e9p\u00edtett\u00e9k \u00e9s festett\u00e9k ki az ort. Szenth\u00e1roms\u00e1g templomot (1935). A fest\u00e9s Aurel Pop mv.-i rajztan\u00e1r alkot\u00e1sa.-Irod.: \u015eincan 2006<\/p>\n","protected":false},"featured_media":0,"comment_status":"open","ping_status":"closed","template":"","meta":[],"product_brand":[],"product_cat":[137],"product_tag":[],"class_list":{"0":"post-18363","1":"product","2":"type-product","3":"status-publish","5":"product_cat-maros-megyei-eletrajzi-lexikon","7":"first","8":"instock","9":"shipping-taxable","10":"product-type-simple"},"_links":{"self":[{"href":"https:\/\/uj.adatbank.ro\/lexikon\/wp-json\/wp\/v2\/product\/18363","targetHints":{"allow":["GET"]}}],"collection":[{"href":"https:\/\/uj.adatbank.ro\/lexikon\/wp-json\/wp\/v2\/product"}],"about":[{"href":"https:\/\/uj.adatbank.ro\/lexikon\/wp-json\/wp\/v2\/types\/product"}],"replies":[{"embeddable":true,"href":"https:\/\/uj.adatbank.ro\/lexikon\/wp-json\/wp\/v2\/comments?post=18363"}],"wp:attachment":[{"href":"https:\/\/uj.adatbank.ro\/lexikon\/wp-json\/wp\/v2\/media?parent=18363"}],"wp:term":[{"taxonomy":"product_brand","embeddable":true,"href":"https:\/\/uj.adatbank.ro\/lexikon\/wp-json\/wp\/v2\/product_brand?post=18363"},{"taxonomy":"product_cat","embeddable":true,"href":"https:\/\/uj.adatbank.ro\/lexikon\/wp-json\/wp\/v2\/product_cat?post=18363"},{"taxonomy":"product_tag","embeddable":true,"href":"https:\/\/uj.adatbank.ro\/lexikon\/wp-json\/wp\/v2\/product_tag?post=18363"}],"curies":[{"name":"wp","href":"https:\/\/api.w.org\/{rel}","templated":true}]}}