{"id":18364,"date":"2025-07-16T10:49:06","date_gmt":"2025-07-16T08:49:06","guid":{"rendered":"https:\/\/uj.adatbank.ro\/lexikon\/termek\/pol-simion\/"},"modified":"2026-02-18T06:59:39","modified_gmt":"2026-02-18T05:59:39","slug":"pol-simion","status":"publish","type":"product","link":"https:\/\/uj.adatbank.ro\/lexikon\/termek\/pol-simion\/","title":{"rendered":"POL Simion"},"content":{"rendered":"<p>Bala, 1890. aug. 26., \u2020 Bala, 1944. okt. 4.: paraszt. R\u00e9szt vett a gyulafeh\u00e9rv\u00e1ri nagygy\u0171l\u00e9sen (1918. dec. 1.), azut\u00e1n polg\u00e1rmester Bala k\u00f6zs\u00e9gben (\u20131940). A rom\u00e1n hadsereg k\u00f6zeledt\u00e9vel (1944) m\u00e1s t\u00e1rsaival egy\u00fctt r\u00e9szt vett \u00e9s elesett a k\u00f6zs\u00e9ge felszabad\u00edt\u00e1s\u00e1\u00e9rt v\u00edvott harcokban.<br \/>\n<strong>Irod.:<\/strong> MMK<\/p>\n","protected":false},"excerpt":{"rendered":"<p>Bala, 1890. aug. 26., \u2020 Bala, 1944. okt. 4.: paraszt. R\u00e9szt vett a gyulafeh\u00e9rv\u00e1ri nagygy\u0171l\u00e9sen (1918. dec. 1.), azut\u00e1n polg\u00e1rmester Bala k\u00f6zs\u00e9gben (\u20131940). A rom\u00e1n hadsereg k\u00f6zeledt\u00e9vel (1944) m\u00e1s t\u00e1rsaival egy\u00fctt r\u00e9szt vett \u00e9s elesett a k\u00f6zs\u00e9ge felszabad\u00edt\u00e1s\u00e1\u00e9rt v\u00edvott harcokban. Irod.: MMK<\/p>\n","protected":false},"featured_media":0,"comment_status":"open","ping_status":"closed","template":"","meta":[],"product_brand":[],"product_cat":[137],"product_tag":[],"class_list":{"0":"post-18364","1":"product","2":"type-product","3":"status-publish","5":"product_cat-maros-megyei-eletrajzi-lexikon","7":"first","8":"instock","9":"shipping-taxable","10":"product-type-simple"},"_links":{"self":[{"href":"https:\/\/uj.adatbank.ro\/lexikon\/wp-json\/wp\/v2\/product\/18364","targetHints":{"allow":["GET"]}}],"collection":[{"href":"https:\/\/uj.adatbank.ro\/lexikon\/wp-json\/wp\/v2\/product"}],"about":[{"href":"https:\/\/uj.adatbank.ro\/lexikon\/wp-json\/wp\/v2\/types\/product"}],"replies":[{"embeddable":true,"href":"https:\/\/uj.adatbank.ro\/lexikon\/wp-json\/wp\/v2\/comments?post=18364"}],"wp:attachment":[{"href":"https:\/\/uj.adatbank.ro\/lexikon\/wp-json\/wp\/v2\/media?parent=18364"}],"wp:term":[{"taxonomy":"product_brand","embeddable":true,"href":"https:\/\/uj.adatbank.ro\/lexikon\/wp-json\/wp\/v2\/product_brand?post=18364"},{"taxonomy":"product_cat","embeddable":true,"href":"https:\/\/uj.adatbank.ro\/lexikon\/wp-json\/wp\/v2\/product_cat?post=18364"},{"taxonomy":"product_tag","embeddable":true,"href":"https:\/\/uj.adatbank.ro\/lexikon\/wp-json\/wp\/v2\/product_tag?post=18364"}],"curies":[{"name":"wp","href":"https:\/\/api.w.org\/{rel}","templated":true}]}}