{"id":18365,"date":"2025-07-16T10:49:08","date_gmt":"2025-07-16T08:49:08","guid":{"rendered":"https:\/\/uj.adatbank.ro\/lexikon\/termek\/polacsek-ferenc\/"},"modified":"2025-07-16T10:49:08","modified_gmt":"2025-07-16T08:49:08","slug":"polacsek-ferenc","status":"publish","type":"product","link":"https:\/\/uj.adatbank.ro\/lexikon\/termek\/polacsek-ferenc\/","title":{"rendered":"POLACSEK Ferenc"},"content":{"rendered":"<p>V\u00e1ghalmos, 1889., \u2020\u00a0? : a Foresta Rt fel\u00fcgyel\u0151je Sz\u00e1szr\u00e9genben. \u2013 Iskol\u00e1i elv\u00e9gz\u00e9se ut\u00e1n kereskedelmi p\u00e1ly\u00e1n m\u0171k\u00f6d\u00f6tt, mint mag\u00e1ntisztvisel\u0151 l\u00e9pett a Foresta Rt be Sz\u00e1szr\u00e9genben, ahol fel\u00fcgyel\u0151 lett. Az els\u0151 vh.-ban a szerb \u00e9s az orosz fronton harcolt. <br \/><strong>Irod.:<\/strong> Sz\u00e9kelyf\u00f6ld \u00ed.k.<\/br><\/p>\n","protected":false},"excerpt":{"rendered":"<p>V\u00e1ghalmos, 1889., \u2020\u00a0? : a Foresta Rt fel\u00fcgyel\u0151je Sz\u00e1szr\u00e9genben. \u2013 Iskol\u00e1i elv\u00e9gz\u00e9se ut\u00e1n kereskedelmi p\u00e1ly\u00e1n m\u0171k\u00f6d\u00f6tt, mint mag\u00e1ntisztvisel\u0151 l\u00e9pett a Foresta Rt be Sz\u00e1szr\u00e9genben, ahol fel\u00fcgyel\u0151 lett. Az els\u0151 vh.-ban a szerb \u00e9s az orosz fronton harcolt. Irod.: Sz\u00e9kelyf\u00f6ld \u00ed.k.<\/p>\n","protected":false},"featured_media":0,"comment_status":"open","ping_status":"closed","template":"","meta":[],"product_brand":[],"product_cat":[137],"product_tag":[],"class_list":{"0":"post-18365","1":"product","2":"type-product","3":"status-publish","5":"product_cat-maros-megyei-eletrajzi-lexikon","7":"first","8":"instock","9":"shipping-taxable","10":"product-type-simple"},"_links":{"self":[{"href":"https:\/\/uj.adatbank.ro\/lexikon\/wp-json\/wp\/v2\/product\/18365","targetHints":{"allow":["GET"]}}],"collection":[{"href":"https:\/\/uj.adatbank.ro\/lexikon\/wp-json\/wp\/v2\/product"}],"about":[{"href":"https:\/\/uj.adatbank.ro\/lexikon\/wp-json\/wp\/v2\/types\/product"}],"replies":[{"embeddable":true,"href":"https:\/\/uj.adatbank.ro\/lexikon\/wp-json\/wp\/v2\/comments?post=18365"}],"wp:attachment":[{"href":"https:\/\/uj.adatbank.ro\/lexikon\/wp-json\/wp\/v2\/media?parent=18365"}],"wp:term":[{"taxonomy":"product_brand","embeddable":true,"href":"https:\/\/uj.adatbank.ro\/lexikon\/wp-json\/wp\/v2\/product_brand?post=18365"},{"taxonomy":"product_cat","embeddable":true,"href":"https:\/\/uj.adatbank.ro\/lexikon\/wp-json\/wp\/v2\/product_cat?post=18365"},{"taxonomy":"product_tag","embeddable":true,"href":"https:\/\/uj.adatbank.ro\/lexikon\/wp-json\/wp\/v2\/product_tag?post=18365"}],"curies":[{"name":"wp","href":"https:\/\/api.w.org\/{rel}","templated":true}]}}