{"id":18366,"date":"2025-07-16T10:49:09","date_gmt":"2025-07-16T08:49:09","guid":{"rendered":"https:\/\/uj.adatbank.ro\/lexikon\/termek\/polacsek-vilmos-polatsek\/"},"modified":"2025-07-16T10:49:09","modified_gmt":"2025-07-16T08:49:09","slug":"polacsek-vilmos-polatsek","status":"publish","type":"product","link":"https:\/\/uj.adatbank.ro\/lexikon\/termek\/polacsek-vilmos-polatsek\/","title":{"rendered":"POLACSEK Vilmos, Polatsek"},"content":{"rendered":"<p>? \u2020 ?: tan\u00edt\u00f3, igazgat\u00f3. \u2013 A mv.-i \u00faj zsid\u00f3 iskola els\u0151 igazgat\u00f3ja (1881\u2013), hossz\u00fa \u00e9vekig tev\u00e9kenykedett, elm\u00e9ly\u00edtve a tradicion\u00e1lis zsid\u00f3 nevel\u00e9si rendszert. <br \/><strong>Irod.:<\/strong> Id\u0151t\u00e1r 2; Mv. zsid\u00f3s\u00e1ga<\/br><\/p>\n","protected":false},"excerpt":{"rendered":"<p>? \u2020 ?: tan\u00edt\u00f3, igazgat\u00f3. \u2013 A mv.-i \u00faj zsid\u00f3 iskola els\u0151 igazgat\u00f3ja (1881\u2013), hossz\u00fa \u00e9vekig tev\u00e9kenykedett, elm\u00e9ly\u00edtve a tradicion\u00e1lis zsid\u00f3 nevel\u00e9si rendszert. Irod.: Id\u0151t\u00e1r 2; Mv. zsid\u00f3s\u00e1ga<\/p>\n","protected":false},"featured_media":0,"comment_status":"open","ping_status":"closed","template":"","meta":[],"product_brand":[],"product_cat":[137],"product_tag":[],"class_list":{"0":"post-18366","1":"product","2":"type-product","3":"status-publish","5":"product_cat-maros-megyei-eletrajzi-lexikon","7":"first","8":"instock","9":"shipping-taxable","10":"product-type-simple"},"_links":{"self":[{"href":"https:\/\/uj.adatbank.ro\/lexikon\/wp-json\/wp\/v2\/product\/18366","targetHints":{"allow":["GET"]}}],"collection":[{"href":"https:\/\/uj.adatbank.ro\/lexikon\/wp-json\/wp\/v2\/product"}],"about":[{"href":"https:\/\/uj.adatbank.ro\/lexikon\/wp-json\/wp\/v2\/types\/product"}],"replies":[{"embeddable":true,"href":"https:\/\/uj.adatbank.ro\/lexikon\/wp-json\/wp\/v2\/comments?post=18366"}],"wp:attachment":[{"href":"https:\/\/uj.adatbank.ro\/lexikon\/wp-json\/wp\/v2\/media?parent=18366"}],"wp:term":[{"taxonomy":"product_brand","embeddable":true,"href":"https:\/\/uj.adatbank.ro\/lexikon\/wp-json\/wp\/v2\/product_brand?post=18366"},{"taxonomy":"product_cat","embeddable":true,"href":"https:\/\/uj.adatbank.ro\/lexikon\/wp-json\/wp\/v2\/product_cat?post=18366"},{"taxonomy":"product_tag","embeddable":true,"href":"https:\/\/uj.adatbank.ro\/lexikon\/wp-json\/wp\/v2\/product_tag?post=18366"}],"curies":[{"name":"wp","href":"https:\/\/api.w.org\/{rel}","templated":true}]}}