{"id":18367,"date":"2025-07-16T10:49:11","date_gmt":"2025-07-16T08:49:11","guid":{"rendered":"https:\/\/uj.adatbank.ro\/lexikon\/termek\/polak-nathan\/"},"modified":"2025-07-16T10:49:11","modified_gmt":"2025-07-16T08:49:11","slug":"polak-nathan","status":"publish","type":"product","link":"https:\/\/uj.adatbank.ro\/lexikon\/termek\/polak-nathan\/","title":{"rendered":"POL\u00c1K N\u00e1th\u00e1n"},"content":{"rendered":"<p>? \u2020\u00a0?: tan\u00edt\u00f3. \u2013 Mv.-en mag\u00e1n zsid\u00f3iskol\u00e1t m\u0171k\u0151dtetett, amelyet a gazdag zsid\u00f3 csal\u00e1dok tartottak fenn (1870\u201380).-<br \/><strong>Irod.:<\/strong> Sebesty\u00e9n Mih\u00e1ly 2000<\/br><\/p>\n","protected":false},"excerpt":{"rendered":"<p>? \u2020\u00a0?: tan\u00edt\u00f3. \u2013 Mv.-en mag\u00e1n zsid\u00f3iskol\u00e1t m\u0171k\u0151dtetett, amelyet a gazdag zsid\u00f3 csal\u00e1dok tartottak fenn (1870\u201380).-Irod.: Sebesty\u00e9n Mih\u00e1ly 2000<\/p>\n","protected":false},"featured_media":0,"comment_status":"open","ping_status":"closed","template":"","meta":[],"product_brand":[],"product_cat":[137],"product_tag":[],"class_list":{"0":"post-18367","1":"product","2":"type-product","3":"status-publish","5":"product_cat-maros-megyei-eletrajzi-lexikon","7":"first","8":"instock","9":"shipping-taxable","10":"product-type-simple"},"_links":{"self":[{"href":"https:\/\/uj.adatbank.ro\/lexikon\/wp-json\/wp\/v2\/product\/18367","targetHints":{"allow":["GET"]}}],"collection":[{"href":"https:\/\/uj.adatbank.ro\/lexikon\/wp-json\/wp\/v2\/product"}],"about":[{"href":"https:\/\/uj.adatbank.ro\/lexikon\/wp-json\/wp\/v2\/types\/product"}],"replies":[{"embeddable":true,"href":"https:\/\/uj.adatbank.ro\/lexikon\/wp-json\/wp\/v2\/comments?post=18367"}],"wp:attachment":[{"href":"https:\/\/uj.adatbank.ro\/lexikon\/wp-json\/wp\/v2\/media?parent=18367"}],"wp:term":[{"taxonomy":"product_brand","embeddable":true,"href":"https:\/\/uj.adatbank.ro\/lexikon\/wp-json\/wp\/v2\/product_brand?post=18367"},{"taxonomy":"product_cat","embeddable":true,"href":"https:\/\/uj.adatbank.ro\/lexikon\/wp-json\/wp\/v2\/product_cat?post=18367"},{"taxonomy":"product_tag","embeddable":true,"href":"https:\/\/uj.adatbank.ro\/lexikon\/wp-json\/wp\/v2\/product_tag?post=18367"}],"curies":[{"name":"wp","href":"https:\/\/api.w.org\/{rel}","templated":true}]}}