{"id":1837,"date":"2025-06-28T11:54:47","date_gmt":"2025-06-28T09:54:47","guid":{"rendered":"https:\/\/uj.adatbank.ro\/lexikon\/termek\/bagothay-samuel\/"},"modified":"2025-06-28T11:54:47","modified_gmt":"2025-06-28T09:54:47","slug":"bagothay-samuel","status":"publish","type":"product","link":"https:\/\/uj.adatbank.ro\/lexikon\/termek\/bagothay-samuel\/","title":{"rendered":"BAGOTHAY S\u00e1muel"},"content":{"rendered":"<p>Mikefalva, 1868. nov. 11., \u2020 ? : tan\u00e1r. \u2013 A k\u00f6z\u00e9piskol\u00e1t Mv-en., a teol\u00f3gi\u00e1t Nagyenyeden v\u00e9gezte; tan\u00e1ri diplom\u00e1t Kv-on szerzett (1898). Tan\u00e1r volt Mv., Sepsiszentgy\u00f6rgy\u00f6n, majd Szatm\u00e1rra k\u00f6lt\u00f6z\u00f6tt, ahol a ref. f\u0151gimn.-ban 34 \u00e9vig tan\u00edtott. A MP vezet\u0151s\u00e9gi tagja volt. <br \/><strong>Irod.:<\/strong> EM<\/br><\/p>\n","protected":false},"excerpt":{"rendered":"<p>Mikefalva, 1868. nov. 11., \u2020 ? : tan\u00e1r. \u2013 A k\u00f6z\u00e9piskol\u00e1t Mv-en., a teol\u00f3gi\u00e1t Nagyenyeden v\u00e9gezte; tan\u00e1ri diplom\u00e1t Kv-on szerzett (1898). Tan\u00e1r volt Mv., Sepsiszentgy\u00f6rgy\u00f6n, majd Szatm\u00e1rra k\u00f6lt\u00f6z\u00f6tt, ahol a ref. f\u0151gimn.-ban 34 \u00e9vig tan\u00edtott. A MP vezet\u0151s\u00e9gi tagja volt. Irod.: EM<\/p>\n","protected":false},"featured_media":0,"comment_status":"open","ping_status":"closed","template":"","meta":[],"product_brand":[],"product_cat":[137],"product_tag":[],"class_list":{"0":"post-1837","1":"product","2":"type-product","3":"status-publish","5":"product_cat-maros-megyei-eletrajzi-lexikon","7":"first","8":"instock","9":"shipping-taxable","10":"product-type-simple"},"_links":{"self":[{"href":"https:\/\/uj.adatbank.ro\/lexikon\/wp-json\/wp\/v2\/product\/1837","targetHints":{"allow":["GET"]}}],"collection":[{"href":"https:\/\/uj.adatbank.ro\/lexikon\/wp-json\/wp\/v2\/product"}],"about":[{"href":"https:\/\/uj.adatbank.ro\/lexikon\/wp-json\/wp\/v2\/types\/product"}],"replies":[{"embeddable":true,"href":"https:\/\/uj.adatbank.ro\/lexikon\/wp-json\/wp\/v2\/comments?post=1837"}],"wp:attachment":[{"href":"https:\/\/uj.adatbank.ro\/lexikon\/wp-json\/wp\/v2\/media?parent=1837"}],"wp:term":[{"taxonomy":"product_brand","embeddable":true,"href":"https:\/\/uj.adatbank.ro\/lexikon\/wp-json\/wp\/v2\/product_brand?post=1837"},{"taxonomy":"product_cat","embeddable":true,"href":"https:\/\/uj.adatbank.ro\/lexikon\/wp-json\/wp\/v2\/product_cat?post=1837"},{"taxonomy":"product_tag","embeddable":true,"href":"https:\/\/uj.adatbank.ro\/lexikon\/wp-json\/wp\/v2\/product_tag?post=1837"}],"curies":[{"name":"wp","href":"https:\/\/api.w.org\/{rel}","templated":true}]}}