{"id":18370,"date":"2025-07-16T10:49:17","date_gmt":"2025-07-16T08:49:17","guid":{"rendered":"https:\/\/uj.adatbank.ro\/lexikon\/termek\/poldner-johann\/"},"modified":"2025-07-16T10:49:17","modified_gmt":"2025-07-16T08:49:17","slug":"poldner-johann","status":"publish","type":"product","link":"https:\/\/uj.adatbank.ro\/lexikon\/termek\/poldner-johann\/","title":{"rendered":"POLDNER Johann"},"content":{"rendered":"<p>? \u2020\u00a0?: r. k. pap. \u2013 Sz\u00e1szk\u00e9zd pl\u00e9b\u00e1nosa, k\u00e9r\u00e9s\u00e9re azok, akik v\u00e1llalt\u00e1k a templom er\u0151d\u00edt\u00e9si munk\u00e1latait felment\u00e9st kaptak a katonas\u00e1g al\u00f3l (1503), A Szent Test T\u00e1rsulat k\u00e9r\u00e9s\u00e9re b\u00facs\u00faenged\u00e9lyt kapott a Szent Istv\u00e1n tisztelet\u00e9re nevezett sz\u00e1szk\u00e9zdi templom (1507). <br \/><strong>Irod.:<\/strong> L\u00e9sty\u00e1n \u2013 templomok; <\/br><\/p>\n","protected":false},"excerpt":{"rendered":"<p>? \u2020\u00a0?: r. k. pap. \u2013 Sz\u00e1szk\u00e9zd pl\u00e9b\u00e1nosa, k\u00e9r\u00e9s\u00e9re azok, akik v\u00e1llalt\u00e1k a templom er\u0151d\u00edt\u00e9si munk\u00e1latait felment\u00e9st kaptak a katonas\u00e1g al\u00f3l (1503), A Szent Test T\u00e1rsulat k\u00e9r\u00e9s\u00e9re b\u00facs\u00faenged\u00e9lyt kapott a Szent Istv\u00e1n tisztelet\u00e9re nevezett sz\u00e1szk\u00e9zdi templom (1507). Irod.: L\u00e9sty\u00e1n \u2013 templomok;<\/p>\n","protected":false},"featured_media":0,"comment_status":"open","ping_status":"closed","template":"","meta":[],"product_brand":[],"product_cat":[137],"product_tag":[],"class_list":{"0":"post-18370","1":"product","2":"type-product","3":"status-publish","5":"product_cat-maros-megyei-eletrajzi-lexikon","7":"first","8":"instock","9":"shipping-taxable","10":"product-type-simple"},"_links":{"self":[{"href":"https:\/\/uj.adatbank.ro\/lexikon\/wp-json\/wp\/v2\/product\/18370","targetHints":{"allow":["GET"]}}],"collection":[{"href":"https:\/\/uj.adatbank.ro\/lexikon\/wp-json\/wp\/v2\/product"}],"about":[{"href":"https:\/\/uj.adatbank.ro\/lexikon\/wp-json\/wp\/v2\/types\/product"}],"replies":[{"embeddable":true,"href":"https:\/\/uj.adatbank.ro\/lexikon\/wp-json\/wp\/v2\/comments?post=18370"}],"wp:attachment":[{"href":"https:\/\/uj.adatbank.ro\/lexikon\/wp-json\/wp\/v2\/media?parent=18370"}],"wp:term":[{"taxonomy":"product_brand","embeddable":true,"href":"https:\/\/uj.adatbank.ro\/lexikon\/wp-json\/wp\/v2\/product_brand?post=18370"},{"taxonomy":"product_cat","embeddable":true,"href":"https:\/\/uj.adatbank.ro\/lexikon\/wp-json\/wp\/v2\/product_cat?post=18370"},{"taxonomy":"product_tag","embeddable":true,"href":"https:\/\/uj.adatbank.ro\/lexikon\/wp-json\/wp\/v2\/product_tag?post=18370"}],"curies":[{"name":"wp","href":"https:\/\/api.w.org\/{rel}","templated":true}]}}