{"id":18372,"date":"2025-07-16T10:49:21","date_gmt":"2025-07-16T08:49:21","guid":{"rendered":"https:\/\/uj.adatbank.ro\/lexikon\/termek\/polgar-istvan-%c2%a7-iroi-alnevei-soo-domokos-palotai-ivan\/"},"modified":"2025-07-16T10:49:21","modified_gmt":"2025-07-16T08:49:21","slug":"polgar-istvan-%c2%a7-iroi-alnevei-soo-domokos-palotai-ivan","status":"publish","type":"product","link":"https:\/\/uj.adatbank.ro\/lexikon\/termek\/polgar-istvan-%c2%a7-iroi-alnevei-soo-domokos-palotai-ivan\/","title":{"rendered":"POLG\u00c1R Istv\u00e1n, \u00a7; \u00edr\u00f3i \u00e1lnevei: So\u00f3 Domokos, Palotai Iv\u00e1n"},"content":{"rendered":"<p>Mv., 1919. j\u00fal. 23., \u2020 Mv., 1988. jan. 29.: \u00fajs\u00e1g\u00edr\u00f3, essz\u00e9\u00edr\u00f3, m\u0171kritikus. \u2013 K\u00f6z\u00e9piskol\u00e1it sz\u00fcl\u0151v\u00e1rosa Ref. Koll.-ban, egyetemi tanulm\u00e1nyait a kv.-i egyetem b\u00f6lcs\u00e9szkar\u00e1n v\u00e9gezte (1944). A mv.-i R.K. Gimn\u00e1ziumban magyart tan\u00edtott (1944\u201348 k.). M\u00e1r di\u00e1k kor\u00e1ban az Ifj\u00fa Erd\u00e9ly, M\u00e1rcius, Kelet N\u00e9pe, P\u00e1sztort\u0171z munkat\u00e1rsa. \u00dajs\u00e1g\u00edr\u00f3i p\u00e1ly\u00e1j\u00e1t a mv.-i Sz\u00e9kely Sz\u00f3n\u00e1l riporterk\u00e9nt kezdte (1942\u201344), a Szabad Sz\u00f3 szerkeszt\u0151je (1947), a m\u0171vel\u0151d\u00e9si rovat vezet\u0151je a Rom\u00e1niai M. Sz\u00f3n\u00e1l (1947\u201351). Ekkor elt\u00e1vol\u00edtott\u00e1k a sajt\u00f3b\u00f3l; seg\u00e9dmunk\u00e1s a mv.-i cukorgy\u00e1rban, c\u00edmfest\u0151 az Arta Popular\u0103 sz\u00f6vetkezetn\u00e9l. V\u00e9g\u00fcl az \u00daj \u00c9let szerkeszt\u0151s\u00e9gi bels\u0151 munkat\u00e1rsa (1958\u2013). Els\u0151 \u00edr\u00e1s\u00e1t a P\u00e1sztort\u0171z k\u00f6z\u00f6lte (1938). Megeml\u00e9kez\u00e9seket \u00edrt Dsida Jen\u0151r\u0151l, Tompa L\u00e1szl\u00f3r\u00f3l, Salamon Ern\u0151r\u0151l, Szerb Antalr\u00f3l, Korvin S\u00e1ndorr\u00f3l, M\u00f3ricz Zsigmondr\u00f3l; \u00e9rt\u00e9kelte Puskin, Csehov, Goethe, Eminescu, Bacovia, Caragiale, Emil Isac m\u0171v\u00e9szet\u00e9t. Az Utunk, Igaz Sz\u00f3 is k\u00f6z\u00f6lte \u00edr\u00e1sait. Utols\u00f3 munkahely\u00e9n, az \u00daj \u00c9letn\u00e9l f\u0151leg k\u00e9pz\u0151m\u0171v\u00e9szeti jegyzeteivel, filmismertet\u00e9sekkel \u00e9s sz\u00ednib\u00edr\u00e1latokkal szerepelt. K\u00e9ziratban maradt dr. J\u00e1rayn\u00e9 dr. Orosz T\u00fcnd\u00e9nek \u00f6ssze\u00e1ll\u00edtott, saj\u00e1tkez\u00fcleg \u00edrt, illuszt\u00e1lt \u00e9s dedik\u00e1lt gy\u0171jtem\u00e9nyes versesk\u00f6tete, Fenevadak ellen c. <br \/><strong>Irod.:<\/strong> Gy\u00e1rf\u00e1s L. Mikl\u00f3s: P. I. (V. Z., 1979. j\u00fal. 22.); Gy\u00e1rf\u00e1s L.2013; Katona Szab\u00f3; MIIB; [Nekrol\u00f3g] (V. Z., 1988. jan. 31.); R. K. Okt.\u20131; RMIL; Varga S\u00e1ndor: Volt egyszer egy&#8230;(V. Z., 1988. febr. 13.)<\/br><\/p>\n","protected":false},"excerpt":{"rendered":"<p>Mv., 1919. j\u00fal. 23., \u2020 Mv., 1988. jan. 29.: \u00fajs\u00e1g\u00edr\u00f3, essz\u00e9\u00edr\u00f3, m\u0171kritikus. \u2013 K\u00f6z\u00e9piskol\u00e1it sz\u00fcl\u0151v\u00e1rosa Ref. Koll.-ban, egyetemi tanulm\u00e1nyait a kv.-i egyetem b\u00f6lcs\u00e9szkar\u00e1n v\u00e9gezte (1944). A mv.-i R.K. Gimn\u00e1ziumban magyart tan\u00edtott (1944\u201348 k.). M\u00e1r di\u00e1k kor\u00e1ban az Ifj\u00fa Erd\u00e9ly, M\u00e1rcius, Kelet N\u00e9pe, P\u00e1sztort\u0171z munkat\u00e1rsa. \u00dajs\u00e1g\u00edr\u00f3i p\u00e1ly\u00e1j\u00e1t a mv.-i Sz\u00e9kely Sz\u00f3n\u00e1l riporterk\u00e9nt kezdte (1942\u201344), a Szabad [&hellip;]<\/p>\n","protected":false},"featured_media":0,"comment_status":"open","ping_status":"closed","template":"","meta":[],"product_brand":[],"product_cat":[137],"product_tag":[],"class_list":{"0":"post-18372","1":"product","2":"type-product","3":"status-publish","5":"product_cat-maros-megyei-eletrajzi-lexikon","7":"first","8":"instock","9":"shipping-taxable","10":"product-type-simple"},"_links":{"self":[{"href":"https:\/\/uj.adatbank.ro\/lexikon\/wp-json\/wp\/v2\/product\/18372","targetHints":{"allow":["GET"]}}],"collection":[{"href":"https:\/\/uj.adatbank.ro\/lexikon\/wp-json\/wp\/v2\/product"}],"about":[{"href":"https:\/\/uj.adatbank.ro\/lexikon\/wp-json\/wp\/v2\/types\/product"}],"replies":[{"embeddable":true,"href":"https:\/\/uj.adatbank.ro\/lexikon\/wp-json\/wp\/v2\/comments?post=18372"}],"wp:attachment":[{"href":"https:\/\/uj.adatbank.ro\/lexikon\/wp-json\/wp\/v2\/media?parent=18372"}],"wp:term":[{"taxonomy":"product_brand","embeddable":true,"href":"https:\/\/uj.adatbank.ro\/lexikon\/wp-json\/wp\/v2\/product_brand?post=18372"},{"taxonomy":"product_cat","embeddable":true,"href":"https:\/\/uj.adatbank.ro\/lexikon\/wp-json\/wp\/v2\/product_cat?post=18372"},{"taxonomy":"product_tag","embeddable":true,"href":"https:\/\/uj.adatbank.ro\/lexikon\/wp-json\/wp\/v2\/product_tag?post=18372"}],"curies":[{"name":"wp","href":"https:\/\/api.w.org\/{rel}","templated":true}]}}