{"id":18373,"date":"2025-07-16T10:49:25","date_gmt":"2025-07-16T08:49:25","guid":{"rendered":"https:\/\/uj.adatbank.ro\/lexikon\/termek\/polgar-jozsef\/"},"modified":"2025-07-16T10:49:25","modified_gmt":"2025-07-16T08:49:25","slug":"polgar-jozsef","status":"publish","type":"product","link":"https:\/\/uj.adatbank.ro\/lexikon\/termek\/polgar-jozsef\/","title":{"rendered":"POLG\u00c1R J\u00f3zsef"},"content":{"rendered":"<p>? \u2020 Mv., 1922. nov. 28.: tan\u00e1r. \u2013 A mv.-i sz. kir. v\u00e1ros Le\u00e1nygimn. tan\u00e1ra (24 \u00e9vig tan\u00edtott). <br \/><strong>Irod.:<\/strong> Gy\u00e1szjelent\u0151<\/br><\/p>\n","protected":false},"excerpt":{"rendered":"<p>? \u2020 Mv., 1922. nov. 28.: tan\u00e1r. \u2013 A mv.-i sz. kir. v\u00e1ros Le\u00e1nygimn. tan\u00e1ra (24 \u00e9vig tan\u00edtott). Irod.: Gy\u00e1szjelent\u0151<\/p>\n","protected":false},"featured_media":0,"comment_status":"open","ping_status":"closed","template":"","meta":[],"product_brand":[],"product_cat":[137],"product_tag":[],"class_list":{"0":"post-18373","1":"product","2":"type-product","3":"status-publish","5":"product_cat-maros-megyei-eletrajzi-lexikon","7":"first","8":"instock","9":"shipping-taxable","10":"product-type-simple"},"_links":{"self":[{"href":"https:\/\/uj.adatbank.ro\/lexikon\/wp-json\/wp\/v2\/product\/18373","targetHints":{"allow":["GET"]}}],"collection":[{"href":"https:\/\/uj.adatbank.ro\/lexikon\/wp-json\/wp\/v2\/product"}],"about":[{"href":"https:\/\/uj.adatbank.ro\/lexikon\/wp-json\/wp\/v2\/types\/product"}],"replies":[{"embeddable":true,"href":"https:\/\/uj.adatbank.ro\/lexikon\/wp-json\/wp\/v2\/comments?post=18373"}],"wp:attachment":[{"href":"https:\/\/uj.adatbank.ro\/lexikon\/wp-json\/wp\/v2\/media?parent=18373"}],"wp:term":[{"taxonomy":"product_brand","embeddable":true,"href":"https:\/\/uj.adatbank.ro\/lexikon\/wp-json\/wp\/v2\/product_brand?post=18373"},{"taxonomy":"product_cat","embeddable":true,"href":"https:\/\/uj.adatbank.ro\/lexikon\/wp-json\/wp\/v2\/product_cat?post=18373"},{"taxonomy":"product_tag","embeddable":true,"href":"https:\/\/uj.adatbank.ro\/lexikon\/wp-json\/wp\/v2\/product_tag?post=18373"}],"curies":[{"name":"wp","href":"https:\/\/api.w.org\/{rel}","templated":true}]}}