{"id":18377,"date":"2025-07-16T10:49:36","date_gmt":"2025-07-16T08:49:36","guid":{"rendered":"https:\/\/uj.adatbank.ro\/lexikon\/termek\/polgari-ferenc\/"},"modified":"2025-07-16T10:49:36","modified_gmt":"2025-07-16T08:49:36","slug":"polgari-ferenc","status":"publish","type":"product","link":"https:\/\/uj.adatbank.ro\/lexikon\/termek\/polgari-ferenc\/","title":{"rendered":"POLG\u00c1RI Ferenc"},"content":{"rendered":"<p>B\u00e9cs, 1912. szept. 6., \u2020\u00a0? : tartal\u00e9kos hadnagy. \u2013 A mv.-i 27. k\u00f6nny\u0171 hadoszt\u00e1ly mozgos\u00edt\u00e1sa ut\u00e1n beh\u00edvt\u00e1k \u00e9s mint az 57\/ I. z\u00e1szl\u00f3alj 2. l\u00f6v\u00e9szsz\u00e1zad\u00e1nak parancsnokak\u00e9nt vonult el a keleti hadszintt\u00e9rre. Megsebes\u00fclt Kutyn\u00e1l (1944. \u00e1pr. 28.). Majd Sepsiszentgy\u00f6rgy\u00f6n seregvont-parancsnoki beoszt\u00e1sban szolg\u00e1lt. Alakulat\u00e1val amerikai hadifogs\u00e1gba esett, franciaorsz\u00e1gi fogolyt\u00e1borb\u00f3l szabadult (1945. okt. 15.). <br \/><strong>Irod.:<\/strong> Berekm\u00e9ri: mv.-i 27. hadoszt\u00e1ly<\/br><\/p>\n","protected":false},"excerpt":{"rendered":"<p>B\u00e9cs, 1912. szept. 6., \u2020\u00a0? : tartal\u00e9kos hadnagy. \u2013 A mv.-i 27. k\u00f6nny\u0171 hadoszt\u00e1ly mozgos\u00edt\u00e1sa ut\u00e1n beh\u00edvt\u00e1k \u00e9s mint az 57\/ I. z\u00e1szl\u00f3alj 2. l\u00f6v\u00e9szsz\u00e1zad\u00e1nak parancsnokak\u00e9nt vonult el a keleti hadszintt\u00e9rre. Megsebes\u00fclt Kutyn\u00e1l (1944. \u00e1pr. 28.). Majd Sepsiszentgy\u00f6rgy\u00f6n seregvont-parancsnoki beoszt\u00e1sban szolg\u00e1lt. Alakulat\u00e1val amerikai hadifogs\u00e1gba esett, franciaorsz\u00e1gi fogolyt\u00e1borb\u00f3l szabadult (1945. okt. 15.). Irod.: Berekm\u00e9ri: mv.-i 27. [&hellip;]<\/p>\n","protected":false},"featured_media":0,"comment_status":"open","ping_status":"closed","template":"","meta":[],"product_brand":[],"product_cat":[137],"product_tag":[],"class_list":{"0":"post-18377","1":"product","2":"type-product","3":"status-publish","5":"product_cat-maros-megyei-eletrajzi-lexikon","7":"first","8":"instock","9":"shipping-taxable","10":"product-type-simple"},"_links":{"self":[{"href":"https:\/\/uj.adatbank.ro\/lexikon\/wp-json\/wp\/v2\/product\/18377","targetHints":{"allow":["GET"]}}],"collection":[{"href":"https:\/\/uj.adatbank.ro\/lexikon\/wp-json\/wp\/v2\/product"}],"about":[{"href":"https:\/\/uj.adatbank.ro\/lexikon\/wp-json\/wp\/v2\/types\/product"}],"replies":[{"embeddable":true,"href":"https:\/\/uj.adatbank.ro\/lexikon\/wp-json\/wp\/v2\/comments?post=18377"}],"wp:attachment":[{"href":"https:\/\/uj.adatbank.ro\/lexikon\/wp-json\/wp\/v2\/media?parent=18377"}],"wp:term":[{"taxonomy":"product_brand","embeddable":true,"href":"https:\/\/uj.adatbank.ro\/lexikon\/wp-json\/wp\/v2\/product_brand?post=18377"},{"taxonomy":"product_cat","embeddable":true,"href":"https:\/\/uj.adatbank.ro\/lexikon\/wp-json\/wp\/v2\/product_cat?post=18377"},{"taxonomy":"product_tag","embeddable":true,"href":"https:\/\/uj.adatbank.ro\/lexikon\/wp-json\/wp\/v2\/product_tag?post=18377"}],"curies":[{"name":"wp","href":"https:\/\/api.w.org\/{rel}","templated":true}]}}