{"id":18381,"date":"2025-07-16T10:49:45","date_gmt":"2025-07-16T08:49:45","guid":{"rendered":"https:\/\/uj.adatbank.ro\/lexikon\/termek\/pollak-mozes\/"},"modified":"2025-07-16T10:49:45","modified_gmt":"2025-07-16T08:49:45","slug":"pollak-mozes","status":"publish","type":"product","link":"https:\/\/uj.adatbank.ro\/lexikon\/termek\/pollak-mozes\/","title":{"rendered":"POLL\u00c1K M\u00f3zes"},"content":{"rendered":"<p>? \u2020\u00a0?: szappank\u00e9sz\u00edt\u0151 \u2013 A rend\u0151rs\u00e9g el\u0151\u00e1ll\u00edtotta illeg\u00e1lis szappangy\u00e1r \u00e9s lerakat m\u0171k\u00f6dtet\u00e9se v\u00e1dj\u00e1val t\u00f6bb zsid\u00f3 keresked\u0151vel egy\u00fctt (1942). <br \/><strong>Irod.:<\/strong> Id\u0151t\u00e1r 3; <\/br><\/p>\n","protected":false},"excerpt":{"rendered":"<p>? \u2020\u00a0?: szappank\u00e9sz\u00edt\u0151 \u2013 A rend\u0151rs\u00e9g el\u0151\u00e1ll\u00edtotta illeg\u00e1lis szappangy\u00e1r \u00e9s lerakat m\u0171k\u00f6dtet\u00e9se v\u00e1dj\u00e1val t\u00f6bb zsid\u00f3 keresked\u0151vel egy\u00fctt (1942). Irod.: Id\u0151t\u00e1r 3;<\/p>\n","protected":false},"featured_media":0,"comment_status":"open","ping_status":"closed","template":"","meta":[],"product_brand":[],"product_cat":[137],"product_tag":[],"class_list":{"0":"post-18381","1":"product","2":"type-product","3":"status-publish","5":"product_cat-maros-megyei-eletrajzi-lexikon","7":"first","8":"instock","9":"shipping-taxable","10":"product-type-simple"},"_links":{"self":[{"href":"https:\/\/uj.adatbank.ro\/lexikon\/wp-json\/wp\/v2\/product\/18381","targetHints":{"allow":["GET"]}}],"collection":[{"href":"https:\/\/uj.adatbank.ro\/lexikon\/wp-json\/wp\/v2\/product"}],"about":[{"href":"https:\/\/uj.adatbank.ro\/lexikon\/wp-json\/wp\/v2\/types\/product"}],"replies":[{"embeddable":true,"href":"https:\/\/uj.adatbank.ro\/lexikon\/wp-json\/wp\/v2\/comments?post=18381"}],"wp:attachment":[{"href":"https:\/\/uj.adatbank.ro\/lexikon\/wp-json\/wp\/v2\/media?parent=18381"}],"wp:term":[{"taxonomy":"product_brand","embeddable":true,"href":"https:\/\/uj.adatbank.ro\/lexikon\/wp-json\/wp\/v2\/product_brand?post=18381"},{"taxonomy":"product_cat","embeddable":true,"href":"https:\/\/uj.adatbank.ro\/lexikon\/wp-json\/wp\/v2\/product_cat?post=18381"},{"taxonomy":"product_tag","embeddable":true,"href":"https:\/\/uj.adatbank.ro\/lexikon\/wp-json\/wp\/v2\/product_tag?post=18381"}],"curies":[{"name":"wp","href":"https:\/\/api.w.org\/{rel}","templated":true}]}}