{"id":18382,"date":"2025-07-16T10:49:46","date_gmt":"2025-07-16T08:49:46","guid":{"rendered":"https:\/\/uj.adatbank.ro\/lexikon\/termek\/polnar-anthonius\/"},"modified":"2025-07-16T10:49:46","modified_gmt":"2025-07-16T08:49:46","slug":"polnar-anthonius","status":"publish","type":"product","link":"https:\/\/uj.adatbank.ro\/lexikon\/termek\/polnar-anthonius\/","title":{"rendered":"POLNAR, Anthonius"},"content":{"rendered":"<p>? \u2020\u00a015.., : polg\u00e1rmester. \u2013 Testv\u00e9re P. Gabrielnek. Segesv\u00e1ron volt polg\u00e1rmester, val\u00f3sz\u00edn\u0171 a testv\u00e9re hagyat\u00e9k\u00e1b\u00f3l sz\u00e1rmazott az a k\u00e9t velencei b\u00e1rsony miseruha, amit a segesv\u00e1ri domonkosoknak aj\u00e1nd\u00e9kozott (1505. k.). <br \/><strong>Irod.:<\/strong> Balogh Jol\u00e1n 1943; L\u00e9sty\u00e1n \u2013 templomok<\/br><\/p>\n","protected":false},"excerpt":{"rendered":"<p>? \u2020\u00a015.., : polg\u00e1rmester. \u2013 Testv\u00e9re P. Gabrielnek. Segesv\u00e1ron volt polg\u00e1rmester, val\u00f3sz\u00edn\u0171 a testv\u00e9re hagyat\u00e9k\u00e1b\u00f3l sz\u00e1rmazott az a k\u00e9t velencei b\u00e1rsony miseruha, amit a segesv\u00e1ri domonkosoknak aj\u00e1nd\u00e9kozott (1505. k.). Irod.: Balogh Jol\u00e1n 1943; L\u00e9sty\u00e1n \u2013 templomok<\/p>\n","protected":false},"featured_media":0,"comment_status":"open","ping_status":"closed","template":"","meta":[],"product_brand":[],"product_cat":[137],"product_tag":[],"class_list":{"0":"post-18382","1":"product","2":"type-product","3":"status-publish","5":"product_cat-maros-megyei-eletrajzi-lexikon","7":"first","8":"instock","9":"shipping-taxable","10":"product-type-simple"},"_links":{"self":[{"href":"https:\/\/uj.adatbank.ro\/lexikon\/wp-json\/wp\/v2\/product\/18382","targetHints":{"allow":["GET"]}}],"collection":[{"href":"https:\/\/uj.adatbank.ro\/lexikon\/wp-json\/wp\/v2\/product"}],"about":[{"href":"https:\/\/uj.adatbank.ro\/lexikon\/wp-json\/wp\/v2\/types\/product"}],"replies":[{"embeddable":true,"href":"https:\/\/uj.adatbank.ro\/lexikon\/wp-json\/wp\/v2\/comments?post=18382"}],"wp:attachment":[{"href":"https:\/\/uj.adatbank.ro\/lexikon\/wp-json\/wp\/v2\/media?parent=18382"}],"wp:term":[{"taxonomy":"product_brand","embeddable":true,"href":"https:\/\/uj.adatbank.ro\/lexikon\/wp-json\/wp\/v2\/product_brand?post=18382"},{"taxonomy":"product_cat","embeddable":true,"href":"https:\/\/uj.adatbank.ro\/lexikon\/wp-json\/wp\/v2\/product_cat?post=18382"},{"taxonomy":"product_tag","embeddable":true,"href":"https:\/\/uj.adatbank.ro\/lexikon\/wp-json\/wp\/v2\/product_tag?post=18382"}],"curies":[{"name":"wp","href":"https:\/\/api.w.org\/{rel}","templated":true}]}}