{"id":18383,"date":"2025-07-16T10:49:48","date_gmt":"2025-07-16T08:49:48","guid":{"rendered":"https:\/\/uj.adatbank.ro\/lexikon\/termek\/polnar-gabriel\/"},"modified":"2025-07-16T10:49:48","modified_gmt":"2025-07-16T08:49:48","slug":"polnar-gabriel","status":"publish","type":"product","link":"https:\/\/uj.adatbank.ro\/lexikon\/termek\/polnar-gabriel\/","title":{"rendered":"POLNAR, Gabriel"},"content":{"rendered":"<p>? \u2020\u00a01501: boszniai p\u00fcsp\u00f6k. \u2013 Segesv\u00e1ri sz\u00e1rmaz\u00e1s\u00fa domokos szerzetes, majd felszentelt boszniai p\u00fcsp\u00f6k. Kir\u00e1lyi titk\u00e1r (1496 k.), majd a kv.-i domonkosok priorja. Mec\u00e9n\u00e1sa a kv.-i domonkos templomnak \u00e9s a segesv\u00e1ri templomnak, amelynek falait felemeltette \u00e9s \u00fajraboltoztatta, orgon\u00e1t \u00e1ll\u00edtott, \u00fcvegablakokat csin\u00e1ltatott, fel\u00e9p\u00edtette a Mindszentek olt\u00e1r\u00e1t, miseruh\u00e1kat \u00e9s m\u00e1s egyh\u00e1zi t\u00e1rgyakat adom\u00e1nyozott. <br \/><strong>Irod.:<\/strong> Balogh Jol\u00e1n 1943<\/br><\/p>\n","protected":false},"excerpt":{"rendered":"<p>? \u2020\u00a01501: boszniai p\u00fcsp\u00f6k. \u2013 Segesv\u00e1ri sz\u00e1rmaz\u00e1s\u00fa domokos szerzetes, majd felszentelt boszniai p\u00fcsp\u00f6k. Kir\u00e1lyi titk\u00e1r (1496 k.), majd a kv.-i domonkosok priorja. Mec\u00e9n\u00e1sa a kv.-i domonkos templomnak \u00e9s a segesv\u00e1ri templomnak, amelynek falait felemeltette \u00e9s \u00fajraboltoztatta, orgon\u00e1t \u00e1ll\u00edtott, \u00fcvegablakokat csin\u00e1ltatott, fel\u00e9p\u00edtette a Mindszentek olt\u00e1r\u00e1t, miseruh\u00e1kat \u00e9s m\u00e1s egyh\u00e1zi t\u00e1rgyakat adom\u00e1nyozott. Irod.: Balogh Jol\u00e1n 1943<\/p>\n","protected":false},"featured_media":0,"comment_status":"open","ping_status":"closed","template":"","meta":[],"product_brand":[],"product_cat":[137],"product_tag":[],"class_list":{"0":"post-18383","1":"product","2":"type-product","3":"status-publish","5":"product_cat-maros-megyei-eletrajzi-lexikon","7":"first","8":"instock","9":"shipping-taxable","10":"product-type-simple"},"_links":{"self":[{"href":"https:\/\/uj.adatbank.ro\/lexikon\/wp-json\/wp\/v2\/product\/18383","targetHints":{"allow":["GET"]}}],"collection":[{"href":"https:\/\/uj.adatbank.ro\/lexikon\/wp-json\/wp\/v2\/product"}],"about":[{"href":"https:\/\/uj.adatbank.ro\/lexikon\/wp-json\/wp\/v2\/types\/product"}],"replies":[{"embeddable":true,"href":"https:\/\/uj.adatbank.ro\/lexikon\/wp-json\/wp\/v2\/comments?post=18383"}],"wp:attachment":[{"href":"https:\/\/uj.adatbank.ro\/lexikon\/wp-json\/wp\/v2\/media?parent=18383"}],"wp:term":[{"taxonomy":"product_brand","embeddable":true,"href":"https:\/\/uj.adatbank.ro\/lexikon\/wp-json\/wp\/v2\/product_brand?post=18383"},{"taxonomy":"product_cat","embeddable":true,"href":"https:\/\/uj.adatbank.ro\/lexikon\/wp-json\/wp\/v2\/product_cat?post=18383"},{"taxonomy":"product_tag","embeddable":true,"href":"https:\/\/uj.adatbank.ro\/lexikon\/wp-json\/wp\/v2\/product_tag?post=18383"}],"curies":[{"name":"wp","href":"https:\/\/api.w.org\/{rel}","templated":true}]}}