{"id":18385,"date":"2025-07-16T10:49:52","date_gmt":"2025-07-16T08:49:52","guid":{"rendered":"https:\/\/uj.adatbank.ro\/lexikon\/termek\/polnar-mark\/"},"modified":"2025-07-16T10:49:52","modified_gmt":"2025-07-16T08:49:52","slug":"polnar-mark","status":"publish","type":"product","link":"https:\/\/uj.adatbank.ro\/lexikon\/termek\/polnar-mark\/","title":{"rendered":"POLNAR M\u00e1rk"},"content":{"rendered":"<p>Segesv\u00e1r, ? \u2020 ?: r. k. pap. \u2013 A b\u00e9csi egyetemen tanult szabad m\u0171v\u00e9szetekb\u0151l vizsg\u00e1zott, majd jogi doktor\u00e1tust szerzett It\u00e1li\u00e1ban. Pl\u00e9b\u00e1nos volt Segesden, Segesv\u00e1ron, M\u00e1ty\u00e1s kir\u00e1ly kinevezi a p\u00e9csi Szt. Andr\u00e1s k\u00e1polna rektor\u00e1nak (1487), pesti f\u0151esperes (1494) \u00e9s v\u00e1ci kanonok. <br \/><strong>Irod.:<\/strong> Ferenczi S\u00e1ndor 2009; Tonk 1979<\/br><\/p>\n","protected":false},"excerpt":{"rendered":"<p>Segesv\u00e1r, ? \u2020 ?: r. k. pap. \u2013 A b\u00e9csi egyetemen tanult szabad m\u0171v\u00e9szetekb\u0151l vizsg\u00e1zott, majd jogi doktor\u00e1tust szerzett It\u00e1li\u00e1ban. Pl\u00e9b\u00e1nos volt Segesden, Segesv\u00e1ron, M\u00e1ty\u00e1s kir\u00e1ly kinevezi a p\u00e9csi Szt. Andr\u00e1s k\u00e1polna rektor\u00e1nak (1487), pesti f\u0151esperes (1494) \u00e9s v\u00e1ci kanonok. Irod.: Ferenczi S\u00e1ndor 2009; Tonk 1979<\/p>\n","protected":false},"featured_media":0,"comment_status":"open","ping_status":"closed","template":"","meta":[],"product_brand":[],"product_cat":[137],"product_tag":[],"class_list":{"0":"post-18385","1":"product","2":"type-product","3":"status-publish","5":"product_cat-maros-megyei-eletrajzi-lexikon","7":"first","8":"instock","9":"shipping-taxable","10":"product-type-simple"},"_links":{"self":[{"href":"https:\/\/uj.adatbank.ro\/lexikon\/wp-json\/wp\/v2\/product\/18385","targetHints":{"allow":["GET"]}}],"collection":[{"href":"https:\/\/uj.adatbank.ro\/lexikon\/wp-json\/wp\/v2\/product"}],"about":[{"href":"https:\/\/uj.adatbank.ro\/lexikon\/wp-json\/wp\/v2\/types\/product"}],"replies":[{"embeddable":true,"href":"https:\/\/uj.adatbank.ro\/lexikon\/wp-json\/wp\/v2\/comments?post=18385"}],"wp:attachment":[{"href":"https:\/\/uj.adatbank.ro\/lexikon\/wp-json\/wp\/v2\/media?parent=18385"}],"wp:term":[{"taxonomy":"product_brand","embeddable":true,"href":"https:\/\/uj.adatbank.ro\/lexikon\/wp-json\/wp\/v2\/product_brand?post=18385"},{"taxonomy":"product_cat","embeddable":true,"href":"https:\/\/uj.adatbank.ro\/lexikon\/wp-json\/wp\/v2\/product_cat?post=18385"},{"taxonomy":"product_tag","embeddable":true,"href":"https:\/\/uj.adatbank.ro\/lexikon\/wp-json\/wp\/v2\/product_tag?post=18385"}],"curies":[{"name":"wp","href":"https:\/\/api.w.org\/{rel}","templated":true}]}}