{"id":18387,"date":"2025-07-16T10:49:56","date_gmt":"2025-07-16T08:49:56","guid":{"rendered":"https:\/\/uj.adatbank.ro\/lexikon\/termek\/polonyi-janos\/"},"modified":"2025-07-16T10:49:56","modified_gmt":"2025-07-16T08:49:56","slug":"polonyi-janos","status":"publish","type":"product","link":"https:\/\/uj.adatbank.ro\/lexikon\/termek\/polonyi-janos\/","title":{"rendered":"POLONYI J\u00e1nos,"},"content":{"rendered":"<p>? \u2020 ?: ?. \u2013 <strong>F. m.:<\/strong> <strong>t\u00e1rssz.:<\/strong> Maros-V\u00e1s\u00e1rhelyi lexikon (Mv., 1912). <br \/><strong>Irod.:<\/strong> Szentgy\u00f6rgyi<\/br><\/p>\n","protected":false},"excerpt":{"rendered":"<p>? \u2020 ?: ?. \u2013 F. m.: t\u00e1rssz.: Maros-V\u00e1s\u00e1rhelyi lexikon (Mv., 1912). Irod.: Szentgy\u00f6rgyi<\/p>\n","protected":false},"featured_media":0,"comment_status":"open","ping_status":"closed","template":"","meta":[],"product_brand":[],"product_cat":[137],"product_tag":[],"class_list":{"0":"post-18387","1":"product","2":"type-product","3":"status-publish","5":"product_cat-maros-megyei-eletrajzi-lexikon","7":"first","8":"instock","9":"shipping-taxable","10":"product-type-simple"},"_links":{"self":[{"href":"https:\/\/uj.adatbank.ro\/lexikon\/wp-json\/wp\/v2\/product\/18387","targetHints":{"allow":["GET"]}}],"collection":[{"href":"https:\/\/uj.adatbank.ro\/lexikon\/wp-json\/wp\/v2\/product"}],"about":[{"href":"https:\/\/uj.adatbank.ro\/lexikon\/wp-json\/wp\/v2\/types\/product"}],"replies":[{"embeddable":true,"href":"https:\/\/uj.adatbank.ro\/lexikon\/wp-json\/wp\/v2\/comments?post=18387"}],"wp:attachment":[{"href":"https:\/\/uj.adatbank.ro\/lexikon\/wp-json\/wp\/v2\/media?parent=18387"}],"wp:term":[{"taxonomy":"product_brand","embeddable":true,"href":"https:\/\/uj.adatbank.ro\/lexikon\/wp-json\/wp\/v2\/product_brand?post=18387"},{"taxonomy":"product_cat","embeddable":true,"href":"https:\/\/uj.adatbank.ro\/lexikon\/wp-json\/wp\/v2\/product_cat?post=18387"},{"taxonomy":"product_tag","embeddable":true,"href":"https:\/\/uj.adatbank.ro\/lexikon\/wp-json\/wp\/v2\/product_tag?post=18387"}],"curies":[{"name":"wp","href":"https:\/\/api.w.org\/{rel}","templated":true}]}}