{"id":18389,"date":"2025-07-16T10:49:59","date_gmt":"2025-07-16T08:49:59","guid":{"rendered":"https:\/\/uj.adatbank.ro\/lexikon\/termek\/polya-tibor\/"},"modified":"2025-07-16T10:49:59","modified_gmt":"2025-07-16T08:49:59","slug":"polya-tibor","status":"publish","type":"product","link":"https:\/\/uj.adatbank.ro\/lexikon\/termek\/polya-tibor\/","title":{"rendered":"P\u00d3LYA Tibor"},"content":{"rendered":"<p>1886., \u2020\u00a0?\u00a0: fest\u0151, grafikus. \u2013 Tanulm\u00e1nyait P\u00e1rizsban folytatta. Falus Elek javaslat\u00e1ra Bern\u00e1dy Gy\u00f6rgy megb\u00edzta a Mv.-i a Kult\u00farpalota T\u00fck\u00f6rterm\u00e9nek k\u00e9t csoportk\u00e9pe elk\u00e9sz\u00edt\u00e9s\u00e9vel. A kalotaszegi \u00e9s sz\u00e9kely lakodalmas c. elt\u0171nt helyett\u00fck Aurel Ciupe rom\u00e1n lakodalmast \u00e1br\u00e1zol\u00f3 k\u00e9pe ker\u00fclt (1937). <br \/><strong>Irod.:<\/strong> Id\u0151t\u00e1r 3; Keresztes; Mv.-i Kult\u00farpalota 2013<\/br><\/p>\n","protected":false},"excerpt":{"rendered":"<p>1886., \u2020\u00a0?\u00a0: fest\u0151, grafikus. \u2013 Tanulm\u00e1nyait P\u00e1rizsban folytatta. Falus Elek javaslat\u00e1ra Bern\u00e1dy Gy\u00f6rgy megb\u00edzta a Mv.-i a Kult\u00farpalota T\u00fck\u00f6rterm\u00e9nek k\u00e9t csoportk\u00e9pe elk\u00e9sz\u00edt\u00e9s\u00e9vel. A kalotaszegi \u00e9s sz\u00e9kely lakodalmas c. elt\u0171nt helyett\u00fck Aurel Ciupe rom\u00e1n lakodalmast \u00e1br\u00e1zol\u00f3 k\u00e9pe ker\u00fclt (1937). Irod.: Id\u0151t\u00e1r 3; Keresztes; Mv.-i Kult\u00farpalota 2013<\/p>\n","protected":false},"featured_media":0,"comment_status":"open","ping_status":"closed","template":"","meta":[],"product_brand":[],"product_cat":[137],"product_tag":[],"class_list":{"0":"post-18389","1":"product","2":"type-product","3":"status-publish","5":"product_cat-maros-megyei-eletrajzi-lexikon","7":"first","8":"instock","9":"shipping-taxable","10":"product-type-simple"},"_links":{"self":[{"href":"https:\/\/uj.adatbank.ro\/lexikon\/wp-json\/wp\/v2\/product\/18389","targetHints":{"allow":["GET"]}}],"collection":[{"href":"https:\/\/uj.adatbank.ro\/lexikon\/wp-json\/wp\/v2\/product"}],"about":[{"href":"https:\/\/uj.adatbank.ro\/lexikon\/wp-json\/wp\/v2\/types\/product"}],"replies":[{"embeddable":true,"href":"https:\/\/uj.adatbank.ro\/lexikon\/wp-json\/wp\/v2\/comments?post=18389"}],"wp:attachment":[{"href":"https:\/\/uj.adatbank.ro\/lexikon\/wp-json\/wp\/v2\/media?parent=18389"}],"wp:term":[{"taxonomy":"product_brand","embeddable":true,"href":"https:\/\/uj.adatbank.ro\/lexikon\/wp-json\/wp\/v2\/product_brand?post=18389"},{"taxonomy":"product_cat","embeddable":true,"href":"https:\/\/uj.adatbank.ro\/lexikon\/wp-json\/wp\/v2\/product_cat?post=18389"},{"taxonomy":"product_tag","embeddable":true,"href":"https:\/\/uj.adatbank.ro\/lexikon\/wp-json\/wp\/v2\/product_tag?post=18389"}],"curies":[{"name":"wp","href":"https:\/\/api.w.org\/{rel}","templated":true}]}}