{"id":18390,"date":"2025-07-16T10:50:01","date_gmt":"2025-07-16T08:50:01","guid":{"rendered":"https:\/\/uj.adatbank.ro\/lexikon\/termek\/polyak-boldizsar-szekelyfalvi\/"},"modified":"2025-07-16T10:50:01","modified_gmt":"2025-07-16T08:50:01","slug":"polyak-boldizsar-szekelyfalvi","status":"publish","type":"product","link":"https:\/\/uj.adatbank.ro\/lexikon\/termek\/polyak-boldizsar-szekelyfalvi\/","title":{"rendered":"POLY\u00c1K Boldizs\u00e1r, sz\u00e9kelyfalvi"},"content":{"rendered":"<p>? \u2020 ?:marossz\u00e9ki nemes. \u2013 Protest\u00e1ns nemes t\u00f6bb t\u00e1rs\u00e1val egy\u00fctt ki\u0171zte a ferenceseket a v\u00e1rbeli templomb\u00f3l \u00e9s kolostorb\u00f3l (1556. aug. 5). Beiktatt\u00e1k a protest\u00e1ns lelkip\u00e1sztort. <br \/><strong>Irod.:<\/strong> Id\u0151t\u00e1r 1, K.L. M\u0171v. t\u00f6rt. tan. 1; P\u00e1l-Antal 2009; Sz\u00e9kelyf\u00f6ld t\u00f6rt.1.<\/br><\/p>\n","protected":false},"excerpt":{"rendered":"<p>? \u2020 ?:marossz\u00e9ki nemes. \u2013 Protest\u00e1ns nemes t\u00f6bb t\u00e1rs\u00e1val egy\u00fctt ki\u0171zte a ferenceseket a v\u00e1rbeli templomb\u00f3l \u00e9s kolostorb\u00f3l (1556. aug. 5). Beiktatt\u00e1k a protest\u00e1ns lelkip\u00e1sztort. Irod.: Id\u0151t\u00e1r 1, K.L. M\u0171v. t\u00f6rt. tan. 1; P\u00e1l-Antal 2009; Sz\u00e9kelyf\u00f6ld t\u00f6rt.1.<\/p>\n","protected":false},"featured_media":0,"comment_status":"open","ping_status":"closed","template":"","meta":[],"product_brand":[],"product_cat":[137],"product_tag":[],"class_list":{"0":"post-18390","1":"product","2":"type-product","3":"status-publish","5":"product_cat-maros-megyei-eletrajzi-lexikon","7":"first","8":"instock","9":"shipping-taxable","10":"product-type-simple"},"_links":{"self":[{"href":"https:\/\/uj.adatbank.ro\/lexikon\/wp-json\/wp\/v2\/product\/18390","targetHints":{"allow":["GET"]}}],"collection":[{"href":"https:\/\/uj.adatbank.ro\/lexikon\/wp-json\/wp\/v2\/product"}],"about":[{"href":"https:\/\/uj.adatbank.ro\/lexikon\/wp-json\/wp\/v2\/types\/product"}],"replies":[{"embeddable":true,"href":"https:\/\/uj.adatbank.ro\/lexikon\/wp-json\/wp\/v2\/comments?post=18390"}],"wp:attachment":[{"href":"https:\/\/uj.adatbank.ro\/lexikon\/wp-json\/wp\/v2\/media?parent=18390"}],"wp:term":[{"taxonomy":"product_brand","embeddable":true,"href":"https:\/\/uj.adatbank.ro\/lexikon\/wp-json\/wp\/v2\/product_brand?post=18390"},{"taxonomy":"product_cat","embeddable":true,"href":"https:\/\/uj.adatbank.ro\/lexikon\/wp-json\/wp\/v2\/product_cat?post=18390"},{"taxonomy":"product_tag","embeddable":true,"href":"https:\/\/uj.adatbank.ro\/lexikon\/wp-json\/wp\/v2\/product_tag?post=18390"}],"curies":[{"name":"wp","href":"https:\/\/api.w.org\/{rel}","templated":true}]}}