{"id":18393,"date":"2025-07-16T10:50:08","date_gmt":"2025-07-16T08:50:08","guid":{"rendered":"https:\/\/uj.adatbank.ro\/lexikon\/termek\/pongracz-antal-sandor-%c2%a7\/"},"modified":"2025-07-16T10:50:08","modified_gmt":"2025-07-16T08:50:08","slug":"pongracz-antal-sandor-%c2%a7","status":"publish","type":"product","link":"https:\/\/uj.adatbank.ro\/lexikon\/termek\/pongracz-antal-sandor-%c2%a7\/","title":{"rendered":"PONGR\u00c1CZ Antal S\u00e1ndor, \u00a7"},"content":{"rendered":"<p>Mv., 1948. m\u00e1rc. 18., \u2020 Mv., 2008. m\u00e1rc. 18.:adjunktus, f\u0151orvos, fogorvos, v\u00edv\u00f3, p\u00e1rbajt\u0151r\u00f6z\u0151, tan\u00e1r. \u2013 Iskolai tanulm\u00e1nyait a Bolyai Farkas L\u00edc.-ban kezdte \u00e9s az Unirea- Egyes\u00fcl\u00e9s L\u00edc.-ban fejezte be (1966). A MOGYI Fogorvostani Fakult\u00e1s\u00e1n v\u00e9gzett (1972), intern vizsg\u00e1val Mv.-en maradt \u00e9s dolgozott a konzerv\u00e1l\u00f3 fog\u00e1szati, sz\u00e1jseb\u00e9szeti, gyermekfog\u00e1szati \u00e9s fogp\u00f3tl\u00e1stani klinik\u00e1n (\u20131976). A Pedag\u00f3giai F\u0151iskola testnevel\u0151 szak\u00e1n a sport\u00e9lettan tansz\u00e9ken volt tan\u00e1rseg\u00e9d a f\u0151iskola felsz\u00e1mol\u00e1s\u00e1ig (1976- 82). Fogszakorvosi c\u00edmet szerzett (1978). Fog\u00e1sz orvos a Fogp\u00f3tl\u00e1stani Klinik\u00e1n (1982\u2013), Ieremia Lucian prof. felk\u00e9rte az OGYI-n a fogp\u00f3tl\u00e1stan m. nyelv\u0171 el\u0151ad\u00e1sainak megtart\u00e1s\u00e1ra, mint \u00f3raad\u00f3 mag\u00e1ntan\u00e1r (1988\u20132006). Meg\u00edrta az els\u0151 erd\u00e9lyi m. nyev\u0171 fogp\u00f3tl\u00e1stani egyetemi jegyzetet. F\u0151orvosi c\u00edmet nyert (1993). Mag\u00e1nfogorvosk\u00e9nt folytatta tev\u00e9kenys\u00e9g\u00e9t (1993\u2013), kutat\u00e1si tev\u00e9kenys\u00e9get is folytatott: a term\u00e9szetes fogazat okkl\u00fazi\u00f3s viszonyainak megtart\u00e1si \u00e9s rehabilit\u00e1ci\u00f3s lehet\u0151s\u00e9gei a klinikai gyakorlatban. Eredm\u00e9nyeit t\u00fckr\u00f6zik a szakfoly\u00f3\u00edratokban megjelent k\u00f6zlem\u00e9nyei \u00e9s 14 kongresszuson el\u0151adott tudom\u00e1nyos \u00e9rtekez\u00e9se, valamint a n\u00e9pszer\u0171s\u00edt\u0151 \u00edr\u00e1sai pl. a V. Z.-ban: A sportol\u00e1s \u00f6r\u00f6me c. sorozat (1983. szept. 17; 18; 20; 21). Tagja az EME Orvos- \u00e9s Gy\u00f3gyszer\u00e9sztudom\u00e1nyi Szakoszt\u00e1ly\u00e1nak (1996\u2013) \u00e9s v\u00e1laszm\u00e1nyi tag (1999\u2013), a Fogorvostani Szakcsoport vezet\u0151je (2002\u2013), mint ilyen szakmai tov\u00e1bbk\u00e9pz\u0151ket szervezett. Tagja a M. Fogorvosi Egyes\u00fcletnek \u00e9s a M. Fogp\u00f3tl\u00e1stani T\u00e1rsas\u00e1gnak, kongressz\u00fasaira dolgozataival jelentkezett. A M. Eg\u00e9szs\u00e9g\u00fcgyi T\u00e1rsas\u00e1g Fogorvostudom\u00e1nyi Szakoszt\u00e1ly\u00e1nak Eln\u00f6ks\u00e9gi tagja (2004\u2013), a Rom\u00e1n Fogorvosi Koll\u00e9gium Maros megyei eln\u00f6k\u00e9v\u00e9 v\u00e1lasztott\u00e1k (2004\u201306). Mv.-i \u00e9lsportol\u00f3, aki m\u00e1r l\u00edceumi di\u00e1kk\u00e9nt bekapcsol\u00f3dott a Kakuts Andr\u00e1s egyetemi el\u0151ad\u00f3tan\u00e1r-edz\u0151 \u00e9s dr. Dienes S\u00e1ndor prof. szervezte Egyetemi Sportklub (a Medicina) tev\u00e9kenys\u00e9g\u00e9be \u00e9s egyetemistak\u00e9nt, majd ifj\u00fa orvosk\u00e9nt 15 \u00e9vig orsz\u00e1gos, majd nemzetk\u00f6zi p\u00e1rbajt\u00f6rv\u00edv\u00f3 \u00e9rdemeket szerzett. 2. az olimpiai rem\u00e9nys\u00e9gek torn\u00e1j\u00e1n (1965.Bp.), a b\u00e9csi ifj\u00fas\u00e1gi vil\u00e1gbajnoks\u00e1gon p\u00e1rbajt\u0151rben 5. (1966), Teher\u00e1nban (1967) az Ifj\u00fas\u00e1gi v\u00edv\u00f3-vil\u00e1gbajnoks\u00e1gon p\u00e1rbajt\u0151rben vil\u00e1gbajnoki arany\u00e9rmet nyert. Feln\u0151tt v\u00e1logatottk\u00e9nt h\u00e1romszoros orsz\u00e1gos \u00e9s n\u00e9gyszeres Balk\u00e1n-bajnok, h\u00e9tszer nyerte meg a rom\u00e1nia kup\u00e1t; h\u00e1rom olimpi\u00e1n vett r\u00e9szt (M\u00fcnchen 4. helyezett, Montre\u00e1l, csapat 5; Moszkva a p\u00e1rbajt\u0151r\u00f6z\u0151, csapatban a 4-ik helyet \u00e9rte el, a csapat 5., Grenobleban a vil\u00e1gbajnoks\u00e1gon negyedik volt. Eredm\u00e9nyei: Teher\u00e1n, 1967, Ifj Vb.:I. hely; 1968, 1973, 1969, ifj. \u00e9s feln. Ob.:I. hely ( egy.), BB: I.hely (egy., cs.); 1973, feln.OB: I.hely; 1968, 1969, 1971, 1975, 1977, 1980, 1983, RK:I.hely (egy., cs.); 1972 M\u00fcnchen, OJ: 4.hely (egy.), 5. hely (cs.); 1974, Grenoblei feln. VB: 4. hely (egy.); 1976, Montreal, OJ: 6. hely; 1979, BB: I. hely (cs.); 1980 Moszkva OJ, EK:I. hely. A mv.-i ESK A-oszt\u00e1lyos p\u00e1rbajt\u0151rcsapat\u00e1nak tagja (1965\u201390). Edz\u0151je Kakuts Andr\u00e1s (1975\u201389). K\u00e9s\u0151bb edz\u0151 is volt. Tev\u00e9kenys\u00e9g\u00e9t sportmesteri c\u00edmmel jutalmazt\u00e1k. A sportklub v\u00edv\u00e1s\u00e9rt felel\u0151s aleln\u00f6ke (1989\u20132008). P\u00e1pai P\u00e1riz Ferenc-d\u00edjas (2007). Mv.-en Dr. P. A. Egyes\u00fclet l\u00e9tes\u00fclt, a di\u00e1kok, orvostanhallgat\u00f3k, fiatal orvosok, sportol\u00f3k t\u00e1mogat\u00e1s\u00e1ra (2008. j\u00fal.). Az mv.-i Egyetemi Sportcsarnokot Dr. P. A.-r\u00f3l nevezt\u00e9k el (2008. nov. 28.). Eml\u00e9k\u00e9re bronzplakettet helyeztek el a mv.-i egyetemi sportcsarnok fal\u00e1n, Gyarmathy J\u00e1nos szobr\u00e1szm\u0171v\u00e9sz munk\u00e1j\u00e1t (2010. m\u00e1rc.) Mv.-en utca viseli a nev\u00e9t (2010\u2013), felavatt\u00e1k mellszobr\u00e1t a r\u00f3la elnevezett sportcsarnokban, Gyarmathy J\u00e1nos \u00e9s Makkai Istv\u00e1n szobr\u00e1szm\u0171v\u00e9szek alkot\u00e1s\u00e1t (2021. nov. 26.). A P\u00e1pai P\u00e1riz Ferenc Alap\u00edtv\u00e1ny D\u00edjazottja (2007). \u2013 <strong>F. m.:<\/strong> Fiziologia \u015fi biochimia educa\u0163iei fizice \u015fi sportului (egyet. jegyzet; Mv., 1980); R\u00f6rz\u00edtett fogp\u00f3tl\u00e1sok (egyet. jegyzet; Mv., 2003); R\u00e9szleges lemezes fogp\u00f3tl\u00e1sok (egyet. jegyzet; el\u0151k\u00e9sz\u00fcletben ). <br \/><strong>Irod.:<\/strong> Bodolai Gy\u00f6ngyi: Mi ker\u00fclt az \u00fcres b\u00f6r\u00f6ndbe? (N\u00fa., 2007. jan. 31.); B. Gy.: Kozmikus l\u00e9nyek vagyunk: Eml\u00e9kez\u00e9s dr. P. A.-ra (N\u00fa., 2018. m\u00e1rc. 22.); Botezan, Gh. Mv.-i sportol\u00f3k: Dr. Pongr\u00e1cz Antal (N\u00fa., 2004. m\u00e1j. 24.); Csif\u00f3; Czimbalmos Ferenc Attila:\u00d6tven\u00f6t \u00e9ve lett dr.P.A.vil\u00e1gbajnok, 50 \u00e9ve olimpiai negyedik (N\u00fa., 2022. aug. 16.); Demeter J\u00f3zsef: P. A. (V. Z., 1979. dec. 4.); Derzsi L\u00e1szl\u00f3: Bemutatjuk olimpikonjainkat: P. A. (V. Z., 1972. szept. 24.); D\u00edjazottaink; EMKK 2000; F\u00e9nymagasban, f\u00f6nti m\u00e9lyben: P. A.-eml\u00e9kk\u00f6nyv (Mv., 2009); Kiss-P.- P; Kl\u00f3sz\u2013Tolok\u00e1n; Kov\u00e1cs Dezs\u0151: Dr.P.A..S., Ph D = D\u00edjazottaink; M\u00e1th\u00e9 \u00c9va: A gy\u00e1sz fogs\u00e1g\u00e1ban (V\u00e1s\u00e1rhelyi H\u00edrlap, 2008. \u00e1pr. 10.); Mv.-Bal\u00e1s; Papp J\u00f3zsef: A vil\u00e1gbajnok (V. Z., 1967. \u00e1pr. 7.); Dr. P. A. S.: \u00d6n\u00e9letrajz (2. p., k\u00e9zirat; Mv., 2005.); Dr. P. A. [Nekrol\u00f3g] (N\u00fa., 2008. m\u00e1rc. 20.); A p\u00e1rbajt\u0151r lovagja = R\u00e1d; [Az RMDSZ Maros megyei k\u00e9pvisel\u0151jel\u0151ltje] (N\u00fa., 1990. m\u00e1j. 11.); Szucher Ervin: Sz\u00fclet\u00e9snap f\u00e9nymagasban (2009. m\u00e1rc. 23.); Todea 2013; V\u00e1s\u00e1rhelyi olimpikon az olimpi\u00e1r\u00f3l: Dr. P. A. v\u00edv\u00f3 (N\u00fa., 2000. aug. 21.); Weisz S\u00e1ndor: \u00c9lsportol\u00f3ink: P. A. (V. Z., 1970. jan. 22.)<\/br><\/p>\n","protected":false},"excerpt":{"rendered":"<p>Mv., 1948. m\u00e1rc. 18., \u2020 Mv., 2008. m\u00e1rc. 18.:adjunktus, f\u0151orvos, fogorvos, v\u00edv\u00f3, p\u00e1rbajt\u0151r\u00f6z\u0151, tan\u00e1r. \u2013 Iskolai tanulm\u00e1nyait a Bolyai Farkas L\u00edc.-ban kezdte \u00e9s az Unirea- Egyes\u00fcl\u00e9s L\u00edc.-ban fejezte be (1966). A MOGYI Fogorvostani Fakult\u00e1s\u00e1n v\u00e9gzett (1972), intern vizsg\u00e1val Mv.-en maradt \u00e9s dolgozott a konzerv\u00e1l\u00f3 fog\u00e1szati, sz\u00e1jseb\u00e9szeti, gyermekfog\u00e1szati \u00e9s fogp\u00f3tl\u00e1stani klinik\u00e1n (\u20131976). A Pedag\u00f3giai F\u0151iskola testnevel\u0151 [&hellip;]<\/p>\n","protected":false},"featured_media":0,"comment_status":"open","ping_status":"closed","template":"","meta":[],"product_brand":[],"product_cat":[137],"product_tag":[],"class_list":{"0":"post-18393","1":"product","2":"type-product","3":"status-publish","5":"product_cat-maros-megyei-eletrajzi-lexikon","7":"first","8":"instock","9":"shipping-taxable","10":"product-type-simple"},"_links":{"self":[{"href":"https:\/\/uj.adatbank.ro\/lexikon\/wp-json\/wp\/v2\/product\/18393","targetHints":{"allow":["GET"]}}],"collection":[{"href":"https:\/\/uj.adatbank.ro\/lexikon\/wp-json\/wp\/v2\/product"}],"about":[{"href":"https:\/\/uj.adatbank.ro\/lexikon\/wp-json\/wp\/v2\/types\/product"}],"replies":[{"embeddable":true,"href":"https:\/\/uj.adatbank.ro\/lexikon\/wp-json\/wp\/v2\/comments?post=18393"}],"wp:attachment":[{"href":"https:\/\/uj.adatbank.ro\/lexikon\/wp-json\/wp\/v2\/media?parent=18393"}],"wp:term":[{"taxonomy":"product_brand","embeddable":true,"href":"https:\/\/uj.adatbank.ro\/lexikon\/wp-json\/wp\/v2\/product_brand?post=18393"},{"taxonomy":"product_cat","embeddable":true,"href":"https:\/\/uj.adatbank.ro\/lexikon\/wp-json\/wp\/v2\/product_cat?post=18393"},{"taxonomy":"product_tag","embeddable":true,"href":"https:\/\/uj.adatbank.ro\/lexikon\/wp-json\/wp\/v2\/product_tag?post=18393"}],"curies":[{"name":"wp","href":"https:\/\/api.w.org\/{rel}","templated":true}]}}