{"id":18395,"date":"2025-07-16T10:50:12","date_gmt":"2025-07-16T08:50:12","guid":{"rendered":"https:\/\/uj.adatbank.ro\/lexikon\/termek\/pongracz-jozsef\/"},"modified":"2025-07-16T10:50:12","modified_gmt":"2025-07-16T08:50:12","slug":"pongracz-jozsef","status":"publish","type":"product","link":"https:\/\/uj.adatbank.ro\/lexikon\/termek\/pongracz-jozsef\/","title":{"rendered":"PONGR\u00c1CZ J\u00f3zsef"},"content":{"rendered":"<p>1892., \u2020\u00a0Mv., 1978: l\u00e9vita lelkip\u00e1sztor. \u2013 Feles\u00e9ge: V. Kiss Ilona (1899\u20131973). \u2013 Mo.-on sz\u00fcletett. K\u00e1ntortan\u00edt\u00f3k\u00e9pes\u00edt\u00e9st kapott Szombathelyen. Zabol\u00e1n \u00e9s Enyeden Orgonista. L\u00e9vita \u2013lelk\u00e9szik\u00e9pz\u00e9st nyert, ez\u00e9rt egy \u00e9vi b\u00f6rt\u00f6n b\u00fcntet\u00e9st kapott. Lelk\u00e9sz Mez\u0151szengyelben, Egrest\u0151n, Mez\u0151\u00fajlakon, Korodszentm\u00e1rtonban, D\u00e9sfalv\u00e1n. Kov\u00e1szn\u00e1n seg\u00e9dlelk\u00e9sz nyugd\u00edjaz\u00e1s\u00e1ig (1954-ig).K\u00f3rusokat szervezett \u00e9s vez\u00e9nyelt Mv.-en. <br \/><strong>Irod.:<\/strong> Cs\u00e1ky; Csekme<\/p>\n","protected":false},"excerpt":{"rendered":"<p>1892., \u2020\u00a0Mv., 1978: l\u00e9vita lelkip\u00e1sztor. \u2013 Feles\u00e9ge: V. Kiss Ilona (1899\u20131973). \u2013 Mo.-on sz\u00fcletett. K\u00e1ntortan\u00edt\u00f3k\u00e9pes\u00edt\u00e9st kapott Szombathelyen. Zabol\u00e1n \u00e9s Enyeden Orgonista. L\u00e9vita \u2013lelk\u00e9szik\u00e9pz\u00e9st nyert, ez\u00e9rt egy \u00e9vi b\u00f6rt\u00f6n b\u00fcntet\u00e9st kapott. Lelk\u00e9sz Mez\u0151szengyelben, Egrest\u0151n, Mez\u0151\u00fajlakon, Korodszentm\u00e1rtonban, D\u00e9sfalv\u00e1n. Kov\u00e1szn\u00e1n seg\u00e9dlelk\u00e9sz nyugd\u00edjaz\u00e1s\u00e1ig (1954-ig).K\u00f3rusokat szervezett \u00e9s vez\u00e9nyelt Mv.-en. Irod.: Cs\u00e1ky; Csekme<\/p>\n","protected":false},"featured_media":0,"comment_status":"open","ping_status":"closed","template":"","meta":[],"product_brand":[],"product_cat":[137],"product_tag":[],"class_list":{"0":"post-18395","1":"product","2":"type-product","3":"status-publish","5":"product_cat-maros-megyei-eletrajzi-lexikon","7":"first","8":"instock","9":"shipping-taxable","10":"product-type-simple"},"_links":{"self":[{"href":"https:\/\/uj.adatbank.ro\/lexikon\/wp-json\/wp\/v2\/product\/18395","targetHints":{"allow":["GET"]}}],"collection":[{"href":"https:\/\/uj.adatbank.ro\/lexikon\/wp-json\/wp\/v2\/product"}],"about":[{"href":"https:\/\/uj.adatbank.ro\/lexikon\/wp-json\/wp\/v2\/types\/product"}],"replies":[{"embeddable":true,"href":"https:\/\/uj.adatbank.ro\/lexikon\/wp-json\/wp\/v2\/comments?post=18395"}],"wp:attachment":[{"href":"https:\/\/uj.adatbank.ro\/lexikon\/wp-json\/wp\/v2\/media?parent=18395"}],"wp:term":[{"taxonomy":"product_brand","embeddable":true,"href":"https:\/\/uj.adatbank.ro\/lexikon\/wp-json\/wp\/v2\/product_brand?post=18395"},{"taxonomy":"product_cat","embeddable":true,"href":"https:\/\/uj.adatbank.ro\/lexikon\/wp-json\/wp\/v2\/product_cat?post=18395"},{"taxonomy":"product_tag","embeddable":true,"href":"https:\/\/uj.adatbank.ro\/lexikon\/wp-json\/wp\/v2\/product_tag?post=18395"}],"curies":[{"name":"wp","href":"https:\/\/api.w.org\/{rel}","templated":true}]}}