{"id":18396,"date":"2025-07-16T10:50:13","date_gmt":"2025-07-16T08:50:13","guid":{"rendered":"https:\/\/uj.adatbank.ro\/lexikon\/termek\/pongracz-jusztina-pongracz-laszlone-erdelyi-janosne\/"},"modified":"2025-07-16T10:50:13","modified_gmt":"2025-07-16T08:50:13","slug":"pongracz-jusztina-pongracz-laszlone-erdelyi-janosne","status":"publish","type":"product","link":"https:\/\/uj.adatbank.ro\/lexikon\/termek\/pongracz-jusztina-pongracz-laszlone-erdelyi-janosne\/","title":{"rendered":"PONGR\u00c1CZ Jusztina, Pongr\u00e1cz L\u00e1szl\u00f3n\u00e9, Erd\u00e9lyi J\u00e1nosn\u00e9"},"content":{"rendered":"<p>? \u2020\u00a0?: birtokos. \u2013 F\u00e9rj\u00e9t\u0151l \u00f6r\u00f6k\u00f6lte a gernyeszegi kast\u00e9lyhoz tartoz\u00f3 Maross\u00e1rpatak \u00e9s Vajdaszentiv\u00e1ny birtokot (1477. dec. 2.), ezt M\u00e1ty\u00e1s kir\u00e1ly meger\u0151s\u00edtette (1478. aug. 13.). F\u00e9rjhez ment Erd\u00e9lyi J\u00e1noshoz. <br \/><strong>Irod.:<\/strong> Vajdaszentiv\u00e1ny<\/br><\/p>\n","protected":false},"excerpt":{"rendered":"<p>? \u2020\u00a0?: birtokos. \u2013 F\u00e9rj\u00e9t\u0151l \u00f6r\u00f6k\u00f6lte a gernyeszegi kast\u00e9lyhoz tartoz\u00f3 Maross\u00e1rpatak \u00e9s Vajdaszentiv\u00e1ny birtokot (1477. dec. 2.), ezt M\u00e1ty\u00e1s kir\u00e1ly meger\u0151s\u00edtette (1478. aug. 13.). F\u00e9rjhez ment Erd\u00e9lyi J\u00e1noshoz. Irod.: Vajdaszentiv\u00e1ny<\/p>\n","protected":false},"featured_media":0,"comment_status":"open","ping_status":"closed","template":"","meta":[],"product_brand":[],"product_cat":[137],"product_tag":[],"class_list":{"0":"post-18396","1":"product","2":"type-product","3":"status-publish","5":"product_cat-maros-megyei-eletrajzi-lexikon","7":"first","8":"instock","9":"shipping-taxable","10":"product-type-simple"},"_links":{"self":[{"href":"https:\/\/uj.adatbank.ro\/lexikon\/wp-json\/wp\/v2\/product\/18396","targetHints":{"allow":["GET"]}}],"collection":[{"href":"https:\/\/uj.adatbank.ro\/lexikon\/wp-json\/wp\/v2\/product"}],"about":[{"href":"https:\/\/uj.adatbank.ro\/lexikon\/wp-json\/wp\/v2\/types\/product"}],"replies":[{"embeddable":true,"href":"https:\/\/uj.adatbank.ro\/lexikon\/wp-json\/wp\/v2\/comments?post=18396"}],"wp:attachment":[{"href":"https:\/\/uj.adatbank.ro\/lexikon\/wp-json\/wp\/v2\/media?parent=18396"}],"wp:term":[{"taxonomy":"product_brand","embeddable":true,"href":"https:\/\/uj.adatbank.ro\/lexikon\/wp-json\/wp\/v2\/product_brand?post=18396"},{"taxonomy":"product_cat","embeddable":true,"href":"https:\/\/uj.adatbank.ro\/lexikon\/wp-json\/wp\/v2\/product_cat?post=18396"},{"taxonomy":"product_tag","embeddable":true,"href":"https:\/\/uj.adatbank.ro\/lexikon\/wp-json\/wp\/v2\/product_tag?post=18396"}],"curies":[{"name":"wp","href":"https:\/\/api.w.org\/{rel}","templated":true}]}}