{"id":18398,"date":"2025-07-16T10:50:18","date_gmt":"2025-07-16T08:50:18","guid":{"rendered":"https:\/\/uj.adatbank.ro\/lexikon\/termek\/pongracz-tamas\/"},"modified":"2025-07-16T10:50:18","modified_gmt":"2025-07-16T08:50:18","slug":"pongracz-tamas","status":"publish","type":"product","link":"https:\/\/uj.adatbank.ro\/lexikon\/termek\/pongracz-tamas\/","title":{"rendered":"PONGR\u00c1CZ Tam\u00e1s"},"content":{"rendered":"<p>? \u2020\u00a0?: tan\u00e1r. \u2013 A mv.-i R.K. Gimn.-ban \u00e9s Tan\u00edt\u00f3k\u00e9pz\u0151ben egyetemes t\u00f6rt\u00e9netet, t\u00f6rt\u00e9nelmet \u00e9s f\u00f6ldrajzot tan\u00edtott (1935\u201348 k.). <br \/><strong>Irod.:<\/strong> H\u00e1bor\u00fas nevel\u00e9s (Mv., 1943); P\u00e1l-Antal 2013; R. K. Okt.\u20131; Szab\u00f3 K. Attila<\/br><\/p>\n","protected":false},"excerpt":{"rendered":"<p>? \u2020\u00a0?: tan\u00e1r. \u2013 A mv.-i R.K. Gimn.-ban \u00e9s Tan\u00edt\u00f3k\u00e9pz\u0151ben egyetemes t\u00f6rt\u00e9netet, t\u00f6rt\u00e9nelmet \u00e9s f\u00f6ldrajzot tan\u00edtott (1935\u201348 k.). Irod.: H\u00e1bor\u00fas nevel\u00e9s (Mv., 1943); P\u00e1l-Antal 2013; R. K. Okt.\u20131; Szab\u00f3 K. Attila<\/p>\n","protected":false},"featured_media":0,"comment_status":"open","ping_status":"closed","template":"","meta":[],"product_brand":[],"product_cat":[137],"product_tag":[],"class_list":{"0":"post-18398","1":"product","2":"type-product","3":"status-publish","5":"product_cat-maros-megyei-eletrajzi-lexikon","7":"first","8":"instock","9":"shipping-taxable","10":"product-type-simple"},"_links":{"self":[{"href":"https:\/\/uj.adatbank.ro\/lexikon\/wp-json\/wp\/v2\/product\/18398","targetHints":{"allow":["GET"]}}],"collection":[{"href":"https:\/\/uj.adatbank.ro\/lexikon\/wp-json\/wp\/v2\/product"}],"about":[{"href":"https:\/\/uj.adatbank.ro\/lexikon\/wp-json\/wp\/v2\/types\/product"}],"replies":[{"embeddable":true,"href":"https:\/\/uj.adatbank.ro\/lexikon\/wp-json\/wp\/v2\/comments?post=18398"}],"wp:attachment":[{"href":"https:\/\/uj.adatbank.ro\/lexikon\/wp-json\/wp\/v2\/media?parent=18398"}],"wp:term":[{"taxonomy":"product_brand","embeddable":true,"href":"https:\/\/uj.adatbank.ro\/lexikon\/wp-json\/wp\/v2\/product_brand?post=18398"},{"taxonomy":"product_cat","embeddable":true,"href":"https:\/\/uj.adatbank.ro\/lexikon\/wp-json\/wp\/v2\/product_cat?post=18398"},{"taxonomy":"product_tag","embeddable":true,"href":"https:\/\/uj.adatbank.ro\/lexikon\/wp-json\/wp\/v2\/product_tag?post=18398"}],"curies":[{"name":"wp","href":"https:\/\/api.w.org\/{rel}","templated":true}]}}