{"id":18401,"date":"2025-07-16T10:50:27","date_gmt":"2025-07-16T08:50:27","guid":{"rendered":"https:\/\/uj.adatbank.ro\/lexikon\/termek\/pontet-sandor\/"},"modified":"2025-07-16T10:50:27","modified_gmt":"2025-07-16T08:50:27","slug":"pontet-sandor","status":"publish","type":"product","link":"https:\/\/uj.adatbank.ro\/lexikon\/termek\/pontet-sandor\/","title":{"rendered":"PONTET S\u00e1ndor"},"content":{"rendered":"<p>Freiburg, 1884., \u2020 Mv., 1953. A kat. temet\u0151ben nyugszik: g\u00e9p\u00e9szm\u00e9rn\u00f6k, \u00e9p\u00edt\u00e9sz, v\u00e1llalkoz\u00f3. \u2013 15 \u00e9ves kor\u00e1ra \u00e1rva maradt. Pesti nagyn\u00e9nje nevelte. Feleslge: Cs\u00edki Anna, Remeteszegen volt birtoka.. \u2013 G\u00e9p\u00e9szm\u00e9rn\u00f6ki oklevel\u00e9t a bp.-i J\u00f3zsef N\u00e1dor M\u0171egyetemen szerezte. F\u0151iskolai tanulm\u00e1nyai ut\u00e1n Fels\u0151b\u00e1ny\u00e1n, Petrozs\u00e9nyben v\u00edzvezet\u00e9k beszerel\u00e9si munk\u00e1latokon dolgozik. Innen Fekete \u00d6d\u00f6n kassai m\u00e9rn\u00f6kh\u00f6z ker\u00fclt (1907), aki Mv.-re k\u00fcldte(1908), ahol a v\u00e1ros v\u00edzm\u0171v\u00e9nek cs\u0151h\u00e1lozata lefektet\u00e9s\u00e9n dolgoztak, 25 alkalmazottal (1910). Kezdetben \u00e9p\u00edtkez\u00e9sek szakmunk\u00e1inak vezet\u00e9s\u00e9vel, ellen\u0151rz\u00e9s\u00e9vel foglalkozott, majd \u00f6n\u00e1ll\u00f3 tervez\u0151irod\u00e1t \u00e9s eg\u00e9szs\u00e9g\u00fcgyi berendez\u00e9sek v\u00e1llalat\u00e1t ind\u00edtotta (1912 k.), Bern\u00e1dy b\u00edztat\u00e1s\u00e1ra, amelyet az E\u00f6tv\u00f6s utcai Bornemissza h\u00e1zban rendezett be \u00e9s meg is v\u00e1s\u00e1rolt. A helyi \u00e9p\u00edt\u0151iparosok sz\u00f6vets\u00e9g\u00e9nek aleln\u00f6ke egy ideig. Amikor Kiss\u00e1rm\u00e1son g\u00e1z t\u00f6rt fel, felismerte a f\u00f6ldg\u00e1z bevezet\u00e9s\u00e9nek sz\u00fcks\u00e9gess\u00e9g\u00e9t, amely \u00faj korszakot nyithat az erd\u00e9lyi ipar \u00e9s kereskedelem sz\u00e1m\u00e1ra (Ellen\u0151r \u00fajs\u00e1gcikk, 1912, dec., 25). Nagyobb v\u00edzbevezet\u00e9si munk\u00e1i: Fels\u0151tagozatos Le\u00e1nyiskola, Polg\u00e1ri Iskola, az Albina Bank, Magyar Tanoncotthon, T\u00f6rv\u00e9nysz\u00e9k \u00e9p\u00fclete, Honv\u00e9dcsapat K\u00f3rh\u00e1z, Nagy\u00e1llom\u00e1s, Sz\u00e9kely \u00e9s R\u00e9ti, Mestitz b\u00fatorgy\u00e1r. K\u00f6zkutakat \u00e9p\u00edtett t\u00f6bb erd\u00e9lyi telep\u00fcl\u00e9sen :Szab\u00e9d, Mez\u0151b\u00e1nd, Mez\u0151madaras, B\u00faz\u00e1sbeseny\u0151, Sz\u00e9kelymoson, Pagocsa stb. Ekegy\u00e1rat l\u00e9tes\u00edtett (1912), az itt gy\u00e1rtott Juren\u00e1k nev\u0171 ek\u00e9j\u00e9vel t\u00f6bb arany\u00e9rmet nyert szakki\u00e1ll\u00edt\u00e1sokon. 1918 ut\u00e1n nem kapott v\u00e1rosi, \u00e1llami v\u00edzvezet\u00e9si munk\u00e1t. 1923-ban elv\u00e1lalta egy magyaro.-i mez\u0151gazdas\u00e1gi g\u00e9pgy\u00e1r kv.-i fi\u00f3kj\u00e1nak k\u00e9pviselet\u00e9t, k\u00e9s\u0151bb \u00e1tvette a pesti sz\u00e9khely\u0171 MAC \/ Kornicj angol mez\u0151gazdas\u00e1gi g\u00e9pgy\u00e1r k\u00e9pviselet\u00e9t, ezek a gazdas\u00e1gi v\u00e1ls\u00e1g miatt megsz\u00fcntek.Szakad\u00e1t k\u00f6zs\u00e9gben agyagb\u00f3l \u00e1ll\u00edtott el\u0151 okkeritet (s\u00e1rga fest\u00e9ket) (1935\u201336) T\u0151kehi\u00e1ny \u00e9s a h\u00e1bor\u00fa miatt v\u00e1llalkoz\u00e1sai megsz\u00fcntek. Az \u00c9p\u00edt\u0151iparosok Egyes\u00fclete eln\u00f6khelyettese (1919). <br \/><strong>Irod.:<\/strong> Id\u0151t\u00e1r 2; Keresztes 2000; Keresztes Gyula: A Haller- \u00e9s a Bornemisza-h\u00e1z (N\u00fa., 1991. jan. 11.); Mv.-i \u00f6rm\u00e9nyek; \u00d6rm\u00e9nyek; Sipos; Szentgy\u00f6rgyi<\/br><\/p>\n","protected":false},"excerpt":{"rendered":"<p>Freiburg, 1884., \u2020 Mv., 1953. A kat. temet\u0151ben nyugszik: g\u00e9p\u00e9szm\u00e9rn\u00f6k, \u00e9p\u00edt\u00e9sz, v\u00e1llalkoz\u00f3. \u2013 15 \u00e9ves kor\u00e1ra \u00e1rva maradt. Pesti nagyn\u00e9nje nevelte. Feleslge: Cs\u00edki Anna, Remeteszegen volt birtoka.. \u2013 G\u00e9p\u00e9szm\u00e9rn\u00f6ki oklevel\u00e9t a bp.-i J\u00f3zsef N\u00e1dor M\u0171egyetemen szerezte. F\u0151iskolai tanulm\u00e1nyai ut\u00e1n Fels\u0151b\u00e1ny\u00e1n, Petrozs\u00e9nyben v\u00edzvezet\u00e9k beszerel\u00e9si munk\u00e1latokon dolgozik. Innen Fekete \u00d6d\u00f6n kassai m\u00e9rn\u00f6kh\u00f6z ker\u00fclt (1907), aki Mv.-re k\u00fcldte(1908), [&hellip;]<\/p>\n","protected":false},"featured_media":0,"comment_status":"open","ping_status":"closed","template":"","meta":[],"product_brand":[],"product_cat":[137],"product_tag":[],"class_list":{"0":"post-18401","1":"product","2":"type-product","3":"status-publish","5":"product_cat-maros-megyei-eletrajzi-lexikon","7":"first","8":"instock","9":"shipping-taxable","10":"product-type-simple"},"_links":{"self":[{"href":"https:\/\/uj.adatbank.ro\/lexikon\/wp-json\/wp\/v2\/product\/18401","targetHints":{"allow":["GET"]}}],"collection":[{"href":"https:\/\/uj.adatbank.ro\/lexikon\/wp-json\/wp\/v2\/product"}],"about":[{"href":"https:\/\/uj.adatbank.ro\/lexikon\/wp-json\/wp\/v2\/types\/product"}],"replies":[{"embeddable":true,"href":"https:\/\/uj.adatbank.ro\/lexikon\/wp-json\/wp\/v2\/comments?post=18401"}],"wp:attachment":[{"href":"https:\/\/uj.adatbank.ro\/lexikon\/wp-json\/wp\/v2\/media?parent=18401"}],"wp:term":[{"taxonomy":"product_brand","embeddable":true,"href":"https:\/\/uj.adatbank.ro\/lexikon\/wp-json\/wp\/v2\/product_brand?post=18401"},{"taxonomy":"product_cat","embeddable":true,"href":"https:\/\/uj.adatbank.ro\/lexikon\/wp-json\/wp\/v2\/product_cat?post=18401"},{"taxonomy":"product_tag","embeddable":true,"href":"https:\/\/uj.adatbank.ro\/lexikon\/wp-json\/wp\/v2\/product_tag?post=18401"}],"curies":[{"name":"wp","href":"https:\/\/api.w.org\/{rel}","templated":true}]}}