{"id":18403,"date":"2025-07-16T10:50:32","date_gmt":"2025-07-16T08:50:32","guid":{"rendered":"https:\/\/uj.adatbank.ro\/lexikon\/termek\/ponyafi-mihaly-teremii\/"},"modified":"2025-07-16T10:50:32","modified_gmt":"2025-07-16T08:50:32","slug":"ponyafi-mihaly-teremii","status":"publish","type":"product","link":"https:\/\/uj.adatbank.ro\/lexikon\/termek\/ponyafi-mihaly-teremii\/","title":{"rendered":"PONYAFI Mih\u00e1ly, teremii"},"content":{"rendered":"<p>? \u2020\u00a0?: primipilus (hadnagy) Marossz\u00e9ken (1409). \u2013 Ponya fia, -. A budai k\u00e1ptalan Teremii Ponya fia Mih\u00e1ly mester k\u00e9r\u00e9s\u00e9re az \u0151 \u00e9s fiai sz\u00e1m\u00e1ra \u00e1t\u00edrja kiv\u00e1lts\u00e1g-lev\u00e9l alakj\u00e1ban K\u00e1roly kir\u00e1ly (1317) patens level\u00e9t. (Kelt 1379. jul. 2-\u00e1n) Hunyadi J\u00e1nos Magyarorsz\u00e1g korm\u00e1nyz\u00f3ja n\u00e9hai Ponyafi Mih\u00e1lynak Maros sz\u00e9k t\u00f6bb helys\u00e9g\u00e9ben fekv\u0151 \u00f6r\u00f6ks\u00e9geit egy r\u00e9szr\u0151l Medgyesfalvi Al\u00e1rdfi Jakab, m\u00e1s r\u00e9szr\u0151l n\u00e9hai Kisfaludi Ger\u0151fi Istv\u00e1n le\u00e1nyai Margit \u00e9s M\u00e1rtha s az emlitett Mih\u00e1ly m\u00e1s \u00f6r\u00f6k\u00f6sei k\u00f6zt it\u00e9letesen megosztotta (1451). <br \/><strong>Irod.:<\/strong> SzOkl, 1, 3, 4<\/br><\/p>\n","protected":false},"excerpt":{"rendered":"<p>? \u2020\u00a0?: primipilus (hadnagy) Marossz\u00e9ken (1409). \u2013 Ponya fia, -. A budai k\u00e1ptalan Teremii Ponya fia Mih\u00e1ly mester k\u00e9r\u00e9s\u00e9re az \u0151 \u00e9s fiai sz\u00e1m\u00e1ra \u00e1t\u00edrja kiv\u00e1lts\u00e1g-lev\u00e9l alakj\u00e1ban K\u00e1roly kir\u00e1ly (1317) patens level\u00e9t. (Kelt 1379. jul. 2-\u00e1n) Hunyadi J\u00e1nos Magyarorsz\u00e1g korm\u00e1nyz\u00f3ja n\u00e9hai Ponyafi Mih\u00e1lynak Maros sz\u00e9k t\u00f6bb helys\u00e9g\u00e9ben fekv\u0151 \u00f6r\u00f6ks\u00e9geit egy r\u00e9szr\u0151l Medgyesfalvi Al\u00e1rdfi Jakab, m\u00e1s [&hellip;]<\/p>\n","protected":false},"featured_media":0,"comment_status":"open","ping_status":"closed","template":"","meta":[],"product_brand":[],"product_cat":[137],"product_tag":[],"class_list":{"0":"post-18403","1":"product","2":"type-product","3":"status-publish","5":"product_cat-maros-megyei-eletrajzi-lexikon","7":"first","8":"instock","9":"shipping-taxable","10":"product-type-simple"},"_links":{"self":[{"href":"https:\/\/uj.adatbank.ro\/lexikon\/wp-json\/wp\/v2\/product\/18403","targetHints":{"allow":["GET"]}}],"collection":[{"href":"https:\/\/uj.adatbank.ro\/lexikon\/wp-json\/wp\/v2\/product"}],"about":[{"href":"https:\/\/uj.adatbank.ro\/lexikon\/wp-json\/wp\/v2\/types\/product"}],"replies":[{"embeddable":true,"href":"https:\/\/uj.adatbank.ro\/lexikon\/wp-json\/wp\/v2\/comments?post=18403"}],"wp:attachment":[{"href":"https:\/\/uj.adatbank.ro\/lexikon\/wp-json\/wp\/v2\/media?parent=18403"}],"wp:term":[{"taxonomy":"product_brand","embeddable":true,"href":"https:\/\/uj.adatbank.ro\/lexikon\/wp-json\/wp\/v2\/product_brand?post=18403"},{"taxonomy":"product_cat","embeddable":true,"href":"https:\/\/uj.adatbank.ro\/lexikon\/wp-json\/wp\/v2\/product_cat?post=18403"},{"taxonomy":"product_tag","embeddable":true,"href":"https:\/\/uj.adatbank.ro\/lexikon\/wp-json\/wp\/v2\/product_tag?post=18403"}],"curies":[{"name":"wp","href":"https:\/\/api.w.org\/{rel}","templated":true}]}}