{"id":18405,"date":"2025-07-16T10:50:38","date_gmt":"2025-07-16T08:50:38","guid":{"rendered":"https:\/\/uj.adatbank.ro\/lexikon\/termek\/poor-lili-%c2%a7-janovics-jenone\/"},"modified":"2025-07-16T10:50:38","modified_gmt":"2025-07-16T08:50:38","slug":"poor-lili-%c2%a7-janovics-jenone","status":"publish","type":"product","link":"https:\/\/uj.adatbank.ro\/lexikon\/termek\/poor-lili-%c2%a7-janovics-jenone\/","title":{"rendered":"PO\u00d3R Lili, \u00a7 Janovics Jen\u0151n\u00e9"},"content":{"rendered":"<p>Mariancs, 1886. \u00e1pr. 15., \u2020 Kv., 1962. nov. 26.: sz\u00edn\u00e9szn\u0151. \u2013 Janovics Jen\u0151 feles\u00e9ge (1928. aug. 29.\u2013). A bp.-i Sz\u00edniakad\u00e9m\u00e1n szerzett oklevelet (1904), majd j\u00e1tszott a Modern Sz\u00ednh\u00e1z Cabaret (1907\u201308). A kv.-i sz\u00ednh\u00e1zhoz szerz\u0151d\u00f6tt (1910\u2013). Sikeresen j\u00e1tszotta nagy szerepeit \u00e9s havonta l\u00e9pett fel t\u00f6bb erd\u00e9lyi v\u00e1rosban, k\u00f6zt\u00fck Mv.-en is (1915). Sokszor volt \u00fcld\u00f6ztet\u00e9sben is r\u00e9sze (1921\u2013). Mv.-en a n\u0151i f\u0151szeret j\u00e1tszotta D\u00e9k\u00e9nin\u00e9 M\u00e1th\u00e9 Mariska-Kiss Gyula: Balassa Erd\u00e9lyben c. darabj\u00e1ban (1921. m\u00e1j. 15.); KZST tag (1926. jan. 4.\u2013), vend\u00e9gszerepelt Mv.-en (1926. m\u00e1j. 3\u20135.; 1927. jan. 24\u201329; m\u00e1rc.3\u20134.; 1931. \u00e1pr. 30.). Kiszor\u00edtott\u00e1k a kv.-i sz\u00ednpadr\u00f3l (1934\u201340). Visszat\u00e9rt a kv.-i sz\u00ednpadra (1940\u2013) \u00e9s ennek \u00f6r\u00f6k\u00f6s tagja lett (1943\u2013). A Sz\u00ednm\u0171v\u00e9szeti Int\u00e9zet tan\u00e1ra, a sz\u00ednm\u0171v\u00e9szeti d\u00e9k\u00e1nja (1948. okt. Okt. 26.\u201349).T\u00f6bb n\u00e9mafilmben j\u00e1tszott. <br \/><strong>Irod.:<\/strong> Auton\u00f3m magyarok; Id\u0151t\u00e1r 2; Jord\u00e1ki Lajos\u00a0:Janovics Jen\u0151 \u00e9s Po\u00f3r Lili (Buk., 1971); K\u00e1ntor-K\u00f6t\u0151; Kem\u00e9ny J\u00e1nos: P. L. [Nekrol\u00f3g] ( \u00daj \u00c9let, 23. sz., 1962); MNL<\/br><\/p>\n","protected":false},"excerpt":{"rendered":"<p>Mariancs, 1886. \u00e1pr. 15., \u2020 Kv., 1962. nov. 26.: sz\u00edn\u00e9szn\u0151. \u2013 Janovics Jen\u0151 feles\u00e9ge (1928. aug. 29.\u2013). A bp.-i Sz\u00edniakad\u00e9m\u00e1n szerzett oklevelet (1904), majd j\u00e1tszott a Modern Sz\u00ednh\u00e1z Cabaret (1907\u201308). A kv.-i sz\u00ednh\u00e1zhoz szerz\u0151d\u00f6tt (1910\u2013). Sikeresen j\u00e1tszotta nagy szerepeit \u00e9s havonta l\u00e9pett fel t\u00f6bb erd\u00e9lyi v\u00e1rosban, k\u00f6zt\u00fck Mv.-en is (1915). Sokszor volt \u00fcld\u00f6ztet\u00e9sben is r\u00e9sze [&hellip;]<\/p>\n","protected":false},"featured_media":0,"comment_status":"open","ping_status":"closed","template":"","meta":[],"product_brand":[],"product_cat":[137],"product_tag":[],"class_list":{"0":"post-18405","1":"product","2":"type-product","3":"status-publish","5":"product_cat-maros-megyei-eletrajzi-lexikon","7":"first","8":"instock","9":"shipping-taxable","10":"product-type-simple"},"_links":{"self":[{"href":"https:\/\/uj.adatbank.ro\/lexikon\/wp-json\/wp\/v2\/product\/18405","targetHints":{"allow":["GET"]}}],"collection":[{"href":"https:\/\/uj.adatbank.ro\/lexikon\/wp-json\/wp\/v2\/product"}],"about":[{"href":"https:\/\/uj.adatbank.ro\/lexikon\/wp-json\/wp\/v2\/types\/product"}],"replies":[{"embeddable":true,"href":"https:\/\/uj.adatbank.ro\/lexikon\/wp-json\/wp\/v2\/comments?post=18405"}],"wp:attachment":[{"href":"https:\/\/uj.adatbank.ro\/lexikon\/wp-json\/wp\/v2\/media?parent=18405"}],"wp:term":[{"taxonomy":"product_brand","embeddable":true,"href":"https:\/\/uj.adatbank.ro\/lexikon\/wp-json\/wp\/v2\/product_brand?post=18405"},{"taxonomy":"product_cat","embeddable":true,"href":"https:\/\/uj.adatbank.ro\/lexikon\/wp-json\/wp\/v2\/product_cat?post=18405"},{"taxonomy":"product_tag","embeddable":true,"href":"https:\/\/uj.adatbank.ro\/lexikon\/wp-json\/wp\/v2\/product_tag?post=18405"}],"curies":[{"name":"wp","href":"https:\/\/api.w.org\/{rel}","templated":true}]}}