{"id":18408,"date":"2025-07-16T10:50:44","date_gmt":"2025-07-16T08:50:44","guid":{"rendered":"https:\/\/uj.adatbank.ro\/lexikon\/termek\/pop-alexandru-3\/"},"modified":"2025-07-16T10:50:44","modified_gmt":"2025-07-16T08:50:44","slug":"pop-alexandru-3","status":"publish","type":"product","link":"https:\/\/uj.adatbank.ro\/lexikon\/termek\/pop-alexandru-3\/","title":{"rendered":"POP, Alexandru"},"content":{"rendered":"<p>? \u2020\u00a0?: g. kat. pap. \u2013 Tribun vagyis n\u00e9pt\u00f6rzsf\u0151n\u00f6k Uzdiszentp\u00e9terben, akit C. Romanu Vivu, a XII. rom\u00e1n l\u00e9gi\u00f3 parancsnoka, kinevezett a mez\u0151s\u00e9gi l\u00e9gi\u00f3, majd a d\u00e9zsi l\u00e9gi\u00f3 prefektus\u00e1v\u00e1 \u2013 vez\u00e9r\u00e9v\u00e9 (1848. nov.). <br \/><strong>Irod.:<\/strong> S\u00e2npetru de C\u00e2mpie<\/br><\/p>\n","protected":false},"excerpt":{"rendered":"<p>? \u2020\u00a0?: g. kat. pap. \u2013 Tribun vagyis n\u00e9pt\u00f6rzsf\u0151n\u00f6k Uzdiszentp\u00e9terben, akit C. Romanu Vivu, a XII. rom\u00e1n l\u00e9gi\u00f3 parancsnoka, kinevezett a mez\u0151s\u00e9gi l\u00e9gi\u00f3, majd a d\u00e9zsi l\u00e9gi\u00f3 prefektus\u00e1v\u00e1 \u2013 vez\u00e9r\u00e9v\u00e9 (1848. nov.). Irod.: S\u00e2npetru de C\u00e2mpie<\/p>\n","protected":false},"featured_media":0,"comment_status":"open","ping_status":"closed","template":"","meta":[],"product_brand":[],"product_cat":[137],"product_tag":[],"class_list":{"0":"post-18408","1":"product","2":"type-product","3":"status-publish","5":"product_cat-maros-megyei-eletrajzi-lexikon","7":"first","8":"instock","9":"shipping-taxable","10":"product-type-simple"},"_links":{"self":[{"href":"https:\/\/uj.adatbank.ro\/lexikon\/wp-json\/wp\/v2\/product\/18408","targetHints":{"allow":["GET"]}}],"collection":[{"href":"https:\/\/uj.adatbank.ro\/lexikon\/wp-json\/wp\/v2\/product"}],"about":[{"href":"https:\/\/uj.adatbank.ro\/lexikon\/wp-json\/wp\/v2\/types\/product"}],"replies":[{"embeddable":true,"href":"https:\/\/uj.adatbank.ro\/lexikon\/wp-json\/wp\/v2\/comments?post=18408"}],"wp:attachment":[{"href":"https:\/\/uj.adatbank.ro\/lexikon\/wp-json\/wp\/v2\/media?parent=18408"}],"wp:term":[{"taxonomy":"product_brand","embeddable":true,"href":"https:\/\/uj.adatbank.ro\/lexikon\/wp-json\/wp\/v2\/product_brand?post=18408"},{"taxonomy":"product_cat","embeddable":true,"href":"https:\/\/uj.adatbank.ro\/lexikon\/wp-json\/wp\/v2\/product_cat?post=18408"},{"taxonomy":"product_tag","embeddable":true,"href":"https:\/\/uj.adatbank.ro\/lexikon\/wp-json\/wp\/v2\/product_tag?post=18408"}],"curies":[{"name":"wp","href":"https:\/\/api.w.org\/{rel}","templated":true}]}}