{"id":18409,"date":"2025-07-16T10:50:45","date_gmt":"2025-07-16T08:50:45","guid":{"rendered":"https:\/\/uj.adatbank.ro\/lexikon\/termek\/pop-alexandru-4\/"},"modified":"2025-07-16T10:50:45","modified_gmt":"2025-07-16T08:50:45","slug":"pop-alexandru-4","status":"publish","type":"product","link":"https:\/\/uj.adatbank.ro\/lexikon\/termek\/pop-alexandru-4\/","title":{"rendered":"POP, Alexandru"},"content":{"rendered":"<p>? \u2020\u00a0?: tan\u00edt\u00f3. \u2013 Sz\u00e9lk\u00fatban tan\u00edtott (1899\u20131919 ). Az I. vh. idej\u00e9n \u0151t is mozgos\u00edtott\u00e1k (1914\u2013), hely\u00e9re az \u00f6reg marosd\u00e9gi tan\u00edt\u00f3t, Festeu Gh.-t nevezt\u00e9k ki, viszont a h\u00e1bor\u00fa k\u00e9t \u00e9v\u00e9ben senki sem tan\u00edtott, bez\u00e1rt\u00e1k az iskol\u00e1t, pedig Pop tan\u00edt\u00f3 otthon volt m\u00e1r, de nem akart dolgozni (1916\u201317), azut\u00e1n ism\u00e9t Festeu oktatott (1918\u2013). Pop tan\u00edt\u00f3 l\u0151tte le, szem\u00e9lyes n\u00e9zetelt\u00e9r\u00e9sek miatt, k\u00e9t pisztolyl\u00f6v\u00e9ssel a kilenc gyermekes Ioan S\u00e2mp\u0103lean lelk\u00e9szt, aki ap\u00f3sa is volt (1918. nov. 5.). Az \u00e1rvn maradt csal\u00e1dot a szebeni Parochi\u00e1lis Tan\u00e1cs t\u00e1mogatta, az \u00f6zvegynek kis nyugd\u00edjat is utaltak (1919 \u2013), aki saj\u00e1t vagyon\u00e1b\u00f3l az ort. egyh\u00e1znak 1000 koron\u00e1t adom\u00e1nyozott. Ennek a p\u00e9nznek a fel\u00e9t egy \u00faj templom \u00e9p\u00edt\u00e9s\u00e9nek alapj\u00e1ban helyezt\u00e9k el, a m\u00e1sik fel\u00e9b\u0151l a szeg\u00e9ny sors\u00fa, de j\u00f3l anul\u00f3 falubeli gyermekek iskol\u00e1ztat\u00e1s\u00e1ra ford\u00edtott\u00e1k. <br \/><strong>Irod.:<\/strong> S\u0103lcud<\/br><\/p>\n","protected":false},"excerpt":{"rendered":"<p>? \u2020\u00a0?: tan\u00edt\u00f3. \u2013 Sz\u00e9lk\u00fatban tan\u00edtott (1899\u20131919 ). Az I. vh. idej\u00e9n \u0151t is mozgos\u00edtott\u00e1k (1914\u2013), hely\u00e9re az \u00f6reg marosd\u00e9gi tan\u00edt\u00f3t, Festeu Gh.-t nevezt\u00e9k ki, viszont a h\u00e1bor\u00fa k\u00e9t \u00e9v\u00e9ben senki sem tan\u00edtott, bez\u00e1rt\u00e1k az iskol\u00e1t, pedig Pop tan\u00edt\u00f3 otthon volt m\u00e1r, de nem akart dolgozni (1916\u201317), azut\u00e1n ism\u00e9t Festeu oktatott (1918\u2013). Pop tan\u00edt\u00f3 l\u0151tte [&hellip;]<\/p>\n","protected":false},"featured_media":0,"comment_status":"open","ping_status":"closed","template":"","meta":[],"product_brand":[],"product_cat":[137],"product_tag":[],"class_list":{"0":"post-18409","1":"product","2":"type-product","3":"status-publish","5":"product_cat-maros-megyei-eletrajzi-lexikon","7":"first","8":"instock","9":"shipping-taxable","10":"product-type-simple"},"_links":{"self":[{"href":"https:\/\/uj.adatbank.ro\/lexikon\/wp-json\/wp\/v2\/product\/18409","targetHints":{"allow":["GET"]}}],"collection":[{"href":"https:\/\/uj.adatbank.ro\/lexikon\/wp-json\/wp\/v2\/product"}],"about":[{"href":"https:\/\/uj.adatbank.ro\/lexikon\/wp-json\/wp\/v2\/types\/product"}],"replies":[{"embeddable":true,"href":"https:\/\/uj.adatbank.ro\/lexikon\/wp-json\/wp\/v2\/comments?post=18409"}],"wp:attachment":[{"href":"https:\/\/uj.adatbank.ro\/lexikon\/wp-json\/wp\/v2\/media?parent=18409"}],"wp:term":[{"taxonomy":"product_brand","embeddable":true,"href":"https:\/\/uj.adatbank.ro\/lexikon\/wp-json\/wp\/v2\/product_brand?post=18409"},{"taxonomy":"product_cat","embeddable":true,"href":"https:\/\/uj.adatbank.ro\/lexikon\/wp-json\/wp\/v2\/product_cat?post=18409"},{"taxonomy":"product_tag","embeddable":true,"href":"https:\/\/uj.adatbank.ro\/lexikon\/wp-json\/wp\/v2\/product_tag?post=18409"}],"curies":[{"name":"wp","href":"https:\/\/api.w.org\/{rel}","templated":true}]}}