{"id":1841,"date":"2025-06-28T11:55:00","date_gmt":"2025-06-28T09:55:00","guid":{"rendered":"https:\/\/uj.adatbank.ro\/lexikon\/termek\/bagyoni-szabo-david\/"},"modified":"2025-06-28T11:55:00","modified_gmt":"2025-06-28T09:55:00","slug":"bagyoni-szabo-david","status":"publish","type":"product","link":"https:\/\/uj.adatbank.ro\/lexikon\/termek\/bagyoni-szabo-david\/","title":{"rendered":"B\u00c1GYONI SZAB\u00d3 D\u00e1vid"},"content":{"rendered":"<p>Mv., 1886. m\u00e1rc. 3., \u2020 ? : sz\u00edn\u00e9sz. \u2013 Feles\u00e9ge: Kert\u00e9sz M\u00e1ria sz\u00edn\u00e9szn\u0151. \u2013 Szabadhegyi Alad\u00e1r t\u00e1rsulat\u00e1ban kezdte sz\u00edn\u00e9szp\u00e1ly\u00e1j\u00e1t (1907). Bihari \u00c1kos t\u00e1rsulat\u00e1nak tagja (1907-08), Zilahy Gyula (1909), majd Feh\u00e9r Vilmos t\u00e1rsulat\u00e1ban folytatta p\u00e1ly\u00e1j\u00e1. \u2013 <strong>F. sz.:<\/strong> Trokoff Fedor (Feh\u00e9r Jen\u0151: Katalin); Miska (G\u00e1rdonyi G\u00e9za: Feh\u00e9r Anna); Montbrigon admir\u00e1lis (K\u00e1lm\u00e1n Imre: A kis kir\u00e1ly); Zabola P\u00e9ter n\u00e9ptan\u00edt\u00f3 (Zerkovitz B\u00e9la: Katonadolog); Kemenes h\u00e1ztulajdonos (Huszka Jen\u0151: Nemtudomka). <br \/><strong>Irod.:<\/strong> Enyedi; K\u00f6t\u0151; Sch\u00f6pflin<\/br><\/p>\n","protected":false},"excerpt":{"rendered":"<p>Mv., 1886. m\u00e1rc. 3., \u2020 ? : sz\u00edn\u00e9sz. \u2013 Feles\u00e9ge: Kert\u00e9sz M\u00e1ria sz\u00edn\u00e9szn\u0151. \u2013 Szabadhegyi Alad\u00e1r t\u00e1rsulat\u00e1ban kezdte sz\u00edn\u00e9szp\u00e1ly\u00e1j\u00e1t (1907). Bihari \u00c1kos t\u00e1rsulat\u00e1nak tagja (1907-08), Zilahy Gyula (1909), majd Feh\u00e9r Vilmos t\u00e1rsulat\u00e1ban folytatta p\u00e1ly\u00e1j\u00e1. \u2013 F. sz.: Trokoff Fedor (Feh\u00e9r Jen\u0151: Katalin); Miska (G\u00e1rdonyi G\u00e9za: Feh\u00e9r Anna); Montbrigon admir\u00e1lis (K\u00e1lm\u00e1n Imre: A kis kir\u00e1ly); Zabola [&hellip;]<\/p>\n","protected":false},"featured_media":0,"comment_status":"open","ping_status":"closed","template":"","meta":[],"product_brand":[],"product_cat":[137],"product_tag":[],"class_list":{"0":"post-1841","1":"product","2":"type-product","3":"status-publish","5":"product_cat-maros-megyei-eletrajzi-lexikon","7":"first","8":"instock","9":"shipping-taxable","10":"product-type-simple"},"_links":{"self":[{"href":"https:\/\/uj.adatbank.ro\/lexikon\/wp-json\/wp\/v2\/product\/1841","targetHints":{"allow":["GET"]}}],"collection":[{"href":"https:\/\/uj.adatbank.ro\/lexikon\/wp-json\/wp\/v2\/product"}],"about":[{"href":"https:\/\/uj.adatbank.ro\/lexikon\/wp-json\/wp\/v2\/types\/product"}],"replies":[{"embeddable":true,"href":"https:\/\/uj.adatbank.ro\/lexikon\/wp-json\/wp\/v2\/comments?post=1841"}],"wp:attachment":[{"href":"https:\/\/uj.adatbank.ro\/lexikon\/wp-json\/wp\/v2\/media?parent=1841"}],"wp:term":[{"taxonomy":"product_brand","embeddable":true,"href":"https:\/\/uj.adatbank.ro\/lexikon\/wp-json\/wp\/v2\/product_brand?post=1841"},{"taxonomy":"product_cat","embeddable":true,"href":"https:\/\/uj.adatbank.ro\/lexikon\/wp-json\/wp\/v2\/product_cat?post=1841"},{"taxonomy":"product_tag","embeddable":true,"href":"https:\/\/uj.adatbank.ro\/lexikon\/wp-json\/wp\/v2\/product_tag?post=1841"}],"curies":[{"name":"wp","href":"https:\/\/api.w.org\/{rel}","templated":true}]}}