{"id":18410,"date":"2025-07-16T10:50:48","date_gmt":"2025-07-16T08:50:48","guid":{"rendered":"https:\/\/uj.adatbank.ro\/lexikon\/termek\/pop-alexandru-5\/"},"modified":"2025-07-16T10:50:48","modified_gmt":"2025-07-16T08:50:48","slug":"pop-alexandru-5","status":"publish","type":"product","link":"https:\/\/uj.adatbank.ro\/lexikon\/termek\/pop-alexandru-5\/","title":{"rendered":"POP, Alexandru"},"content":{"rendered":"<p>Mez\u0151szokol, 1889., \u2020\u00a0?: orvos. \u2013 Apja g. kat lelk\u00e9sz volt. K\u00f6z\u00e9piskol\u00e1t Sz\u00e1szr\u00e9genben \u00e9s Bal\u00e1zsfalv\u00e1n, egyetemet Kv.-on, Bp., B\u00e9csben(1914) hallgatott, Kv.-on doktor\u00e1lt (1915). Az els\u0151 vh.-ban mint katonaorvos teljes\u00edtett szolg\u00e1latot., mint f\u0151orvos szerelt le (1920). A Rom\u00e1n Nemzeti G\u00e1rda tisztje volt Sz\u00e1szr\u00e9genben (1918), \u00e9s r\u00e9szt vett a R\u00e9geni Nemzeti Tan\u00e1cs megalak\u00edt\u00e1s\u00e1ban; K\u00e1sva (Maros) hivatalos k\u00fcld\u00f6ttek\u00e9nt r\u00e9szt vett a gyulafeh\u00e9rv\u00e1ri nagygy\u0171l\u00e9sen (1918. dec. 1.). A b\u00e9csi M\u00e1ria Ter\u00e9zia k\u00f3rh\u00e1zban speci\u00e1liz\u00e1lta mag\u00e1t n\u0151gy\u00f3gy\u00e1sztb\u00f3l (1920), a kv.-i \u00e9s a drezdai klinik\u00e1n dolgozott, majd a szatm\u00e1ri k\u00f3rh\u00e1zban volt alorvos. Mv-i k\u00f3rh\u00e1zhoz ker\u00fclt (1923), ahol versenyvizsga ut\u00e1n f\u0151orvos lett (1927) a b\u0151r- \u00e9s nemibetegs\u00e9gek szakorvosa az \u00e1llami k\u00f3rh\u00e1zban. Kutat\u00f3 munk\u00e1t is v\u00e9gzett, ennek eredm\u00e9nyeit k\u00fclf\u00f6ldi \u00e9s belf\u00f6ldi szakfoly\u00f3iratokban k\u00f6z\u00f6lte. V\u00e1rosi k\u00f6zeg\u00e9szs\u00e9g\u00fcgyi tan\u00e1csosa k\u00e9nt sokat tett a lakoss\u00e1g eg\u00e9szs\u00e9g\u00fcgyi \u00e1llapota jav\u00edt\u00e1s\u00e1\u00e9rt <br \/><strong>Irod.:<\/strong> Bosoanc\u0103; Ki kicsoda?; Societatea de V\u00e2n\u0103toare Apostolii Tg. M. (Tg. M., 1941); Szab\u00f3\u2013Simon\u2013Sz\u00f6gi<\/br><\/p>\n","protected":false},"excerpt":{"rendered":"<p>Mez\u0151szokol, 1889., \u2020\u00a0?: orvos. \u2013 Apja g. kat lelk\u00e9sz volt. K\u00f6z\u00e9piskol\u00e1t Sz\u00e1szr\u00e9genben \u00e9s Bal\u00e1zsfalv\u00e1n, egyetemet Kv.-on, Bp., B\u00e9csben(1914) hallgatott, Kv.-on doktor\u00e1lt (1915). Az els\u0151 vh.-ban mint katonaorvos teljes\u00edtett szolg\u00e1latot., mint f\u0151orvos szerelt le (1920). A Rom\u00e1n Nemzeti G\u00e1rda tisztje volt Sz\u00e1szr\u00e9genben (1918), \u00e9s r\u00e9szt vett a R\u00e9geni Nemzeti Tan\u00e1cs megalak\u00edt\u00e1s\u00e1ban; K\u00e1sva (Maros) hivatalos k\u00fcld\u00f6ttek\u00e9nt r\u00e9szt [&hellip;]<\/p>\n","protected":false},"featured_media":0,"comment_status":"open","ping_status":"closed","template":"","meta":[],"product_brand":[],"product_cat":[137],"product_tag":[],"class_list":{"0":"post-18410","1":"product","2":"type-product","3":"status-publish","5":"product_cat-maros-megyei-eletrajzi-lexikon","7":"first","8":"instock","9":"shipping-taxable","10":"product-type-simple"},"_links":{"self":[{"href":"https:\/\/uj.adatbank.ro\/lexikon\/wp-json\/wp\/v2\/product\/18410","targetHints":{"allow":["GET"]}}],"collection":[{"href":"https:\/\/uj.adatbank.ro\/lexikon\/wp-json\/wp\/v2\/product"}],"about":[{"href":"https:\/\/uj.adatbank.ro\/lexikon\/wp-json\/wp\/v2\/types\/product"}],"replies":[{"embeddable":true,"href":"https:\/\/uj.adatbank.ro\/lexikon\/wp-json\/wp\/v2\/comments?post=18410"}],"wp:attachment":[{"href":"https:\/\/uj.adatbank.ro\/lexikon\/wp-json\/wp\/v2\/media?parent=18410"}],"wp:term":[{"taxonomy":"product_brand","embeddable":true,"href":"https:\/\/uj.adatbank.ro\/lexikon\/wp-json\/wp\/v2\/product_brand?post=18410"},{"taxonomy":"product_cat","embeddable":true,"href":"https:\/\/uj.adatbank.ro\/lexikon\/wp-json\/wp\/v2\/product_cat?post=18410"},{"taxonomy":"product_tag","embeddable":true,"href":"https:\/\/uj.adatbank.ro\/lexikon\/wp-json\/wp\/v2\/product_tag?post=18410"}],"curies":[{"name":"wp","href":"https:\/\/api.w.org\/{rel}","templated":true}]}}