{"id":18411,"date":"2025-07-16T10:50:50","date_gmt":"2025-07-16T08:50:50","guid":{"rendered":"https:\/\/uj.adatbank.ro\/lexikon\/termek\/pop-alexandru-6\/"},"modified":"2025-07-16T10:50:50","modified_gmt":"2025-07-16T08:50:50","slug":"pop-alexandru-6","status":"publish","type":"product","link":"https:\/\/uj.adatbank.ro\/lexikon\/termek\/pop-alexandru-6\/","title":{"rendered":"POP, Alexandru"},"content":{"rendered":"<p>G\u00f6rg\u00e9nyorsova, 1920., \u2020 G\u00f6rg\u00e9nyorsova, ?: tan\u00edt\u00f3. \u2013 Mv.-en a C.Angelescu Lic.-ban kezdett tanulni, de a h\u00e1bor\u00fa kit\u00f6r\u00e9se miatt a csal\u00e1d elmenek\u00fclt Tord\u00e1ra (1941. szept. 15\u2013). Nagyenyeden, k\u00e9t \u00e9v megszak\u00edt\u00e1s ut\u00e1n a Titu Maiorescu Tan\u00edt\u00f3k\u00e9pz\u0151ben befejezte a tanulm\u00e1nyait (1944). Katonas\u00e1got Abrudon az Altiszti Iskol\u00e1ban v\u00e9gzett, amellyel a h\u00e1bor\u00faban is r\u00e9szt vett azon a vid\u00e9ken (1944. szept.\u2013). Leszerel\u00e9s ut\u00e1n 40 \u00e9ven kereszt\u00fcl G\u00f6rg\u00e9nyorsov\u00e1ban tan\u00edt\u00f3skodott nyugd\u00edjaz\u00e1s\u00e1ig (1984). \u2013 Irod: Suciu<\/br><\/p>\n","protected":false},"excerpt":{"rendered":"<p>G\u00f6rg\u00e9nyorsova, 1920., \u2020 G\u00f6rg\u00e9nyorsova, ?: tan\u00edt\u00f3. \u2013 Mv.-en a C.Angelescu Lic.-ban kezdett tanulni, de a h\u00e1bor\u00fa kit\u00f6r\u00e9se miatt a csal\u00e1d elmenek\u00fclt Tord\u00e1ra (1941. szept. 15\u2013). Nagyenyeden, k\u00e9t \u00e9v megszak\u00edt\u00e1s ut\u00e1n a Titu Maiorescu Tan\u00edt\u00f3k\u00e9pz\u0151ben befejezte a tanulm\u00e1nyait (1944). Katonas\u00e1got Abrudon az Altiszti Iskol\u00e1ban v\u00e9gzett, amellyel a h\u00e1bor\u00faban is r\u00e9szt vett azon a vid\u00e9ken (1944. szept.\u2013). [&hellip;]<\/p>\n","protected":false},"featured_media":0,"comment_status":"open","ping_status":"closed","template":"","meta":[],"product_brand":[],"product_cat":[137],"product_tag":[],"class_list":{"0":"post-18411","1":"product","2":"type-product","3":"status-publish","5":"product_cat-maros-megyei-eletrajzi-lexikon","7":"first","8":"instock","9":"shipping-taxable","10":"product-type-simple"},"_links":{"self":[{"href":"https:\/\/uj.adatbank.ro\/lexikon\/wp-json\/wp\/v2\/product\/18411","targetHints":{"allow":["GET"]}}],"collection":[{"href":"https:\/\/uj.adatbank.ro\/lexikon\/wp-json\/wp\/v2\/product"}],"about":[{"href":"https:\/\/uj.adatbank.ro\/lexikon\/wp-json\/wp\/v2\/types\/product"}],"replies":[{"embeddable":true,"href":"https:\/\/uj.adatbank.ro\/lexikon\/wp-json\/wp\/v2\/comments?post=18411"}],"wp:attachment":[{"href":"https:\/\/uj.adatbank.ro\/lexikon\/wp-json\/wp\/v2\/media?parent=18411"}],"wp:term":[{"taxonomy":"product_brand","embeddable":true,"href":"https:\/\/uj.adatbank.ro\/lexikon\/wp-json\/wp\/v2\/product_brand?post=18411"},{"taxonomy":"product_cat","embeddable":true,"href":"https:\/\/uj.adatbank.ro\/lexikon\/wp-json\/wp\/v2\/product_cat?post=18411"},{"taxonomy":"product_tag","embeddable":true,"href":"https:\/\/uj.adatbank.ro\/lexikon\/wp-json\/wp\/v2\/product_tag?post=18411"}],"curies":[{"name":"wp","href":"https:\/\/api.w.org\/{rel}","templated":true}]}}