{"id":18412,"date":"2025-07-16T10:50:52","date_gmt":"2025-07-16T08:50:52","guid":{"rendered":"https:\/\/uj.adatbank.ro\/lexikon\/termek\/pop-anastasia-maniu\/"},"modified":"2025-07-16T10:50:52","modified_gmt":"2025-07-16T08:50:52","slug":"pop-anastasia-maniu","status":"publish","type":"product","link":"https:\/\/uj.adatbank.ro\/lexikon\/termek\/pop-anastasia-maniu\/","title":{"rendered":"POP Anastasia, Maniu"},"content":{"rendered":"<p>Z\u00e1gra, 1879., \u2020\u00a0Bal\u00e1zsfalva, 1975. j\u00fan. 12: tan\u00e1r. \u2013 Elemi iskol\u00e1it sz\u00fcl\u0151faluj\u00e1ban, a k\u00f6z\u00e9piskol\u00e1t az Ursula n\u0151v\u00e9rekn\u00e9l Suceavan, majd a fels\u0151 pedag\u00f3giai iskol\u00e1t Calacea-n a Notre Dame n\u0151v\u00e9rekn\u00e9l v\u00e9gezte, tan\u00e1ri oklevelet kapott kit\u00fcntet\u00e9ssel (1907). Tan\u00edtott Szebenben a Sancta Ursula k\u00f6z\u00e9piskol\u00e1ban (1907\u201318), Bal\u00e1zsfalv\u00e1n a g. kat le\u00e1nyk\u00f6z\u00e9piskol\u00e1ban (1919\u201320); a mv.-i le\u00e1nygimn\u00e1ziumban (1920\u201321), amelyet \u0151 avatott fel \u00e9s vezetett \u00e9s a mai Unirea liceum alapjait k\u00e9pezi.; Bal\u00e1zsfalv\u00e1n a g. kat. Liceumban (1921\u201339), ott igazgat\u00f3 is (1937\u201339). Tagja a Rom\u00e1n G. Kat. N\u0151egyletnek, a V\u00f6r\u00f6skereszt munkat\u00e1rsa. <br \/><strong>Irod.:<\/strong> Com\u015fa; Com\u015fa-Seicanu; Todea 2013<\/br><\/p>\n","protected":false},"excerpt":{"rendered":"<p>Z\u00e1gra, 1879., \u2020\u00a0Bal\u00e1zsfalva, 1975. j\u00fan. 12: tan\u00e1r. \u2013 Elemi iskol\u00e1it sz\u00fcl\u0151faluj\u00e1ban, a k\u00f6z\u00e9piskol\u00e1t az Ursula n\u0151v\u00e9rekn\u00e9l Suceavan, majd a fels\u0151 pedag\u00f3giai iskol\u00e1t Calacea-n a Notre Dame n\u0151v\u00e9rekn\u00e9l v\u00e9gezte, tan\u00e1ri oklevelet kapott kit\u00fcntet\u00e9ssel (1907). Tan\u00edtott Szebenben a Sancta Ursula k\u00f6z\u00e9piskol\u00e1ban (1907\u201318), Bal\u00e1zsfalv\u00e1n a g. kat le\u00e1nyk\u00f6z\u00e9piskol\u00e1ban (1919\u201320); a mv.-i le\u00e1nygimn\u00e1ziumban (1920\u201321), amelyet \u0151 avatott fel \u00e9s [&hellip;]<\/p>\n","protected":false},"featured_media":0,"comment_status":"open","ping_status":"closed","template":"","meta":[],"product_brand":[],"product_cat":[137],"product_tag":[],"class_list":{"0":"post-18412","1":"product","2":"type-product","3":"status-publish","5":"product_cat-maros-megyei-eletrajzi-lexikon","7":"first","8":"instock","9":"shipping-taxable","10":"product-type-simple"},"_links":{"self":[{"href":"https:\/\/uj.adatbank.ro\/lexikon\/wp-json\/wp\/v2\/product\/18412","targetHints":{"allow":["GET"]}}],"collection":[{"href":"https:\/\/uj.adatbank.ro\/lexikon\/wp-json\/wp\/v2\/product"}],"about":[{"href":"https:\/\/uj.adatbank.ro\/lexikon\/wp-json\/wp\/v2\/types\/product"}],"replies":[{"embeddable":true,"href":"https:\/\/uj.adatbank.ro\/lexikon\/wp-json\/wp\/v2\/comments?post=18412"}],"wp:attachment":[{"href":"https:\/\/uj.adatbank.ro\/lexikon\/wp-json\/wp\/v2\/media?parent=18412"}],"wp:term":[{"taxonomy":"product_brand","embeddable":true,"href":"https:\/\/uj.adatbank.ro\/lexikon\/wp-json\/wp\/v2\/product_brand?post=18412"},{"taxonomy":"product_cat","embeddable":true,"href":"https:\/\/uj.adatbank.ro\/lexikon\/wp-json\/wp\/v2\/product_cat?post=18412"},{"taxonomy":"product_tag","embeddable":true,"href":"https:\/\/uj.adatbank.ro\/lexikon\/wp-json\/wp\/v2\/product_tag?post=18412"}],"curies":[{"name":"wp","href":"https:\/\/api.w.org\/{rel}","templated":true}]}}