{"id":18413,"date":"2025-07-16T10:50:54","date_gmt":"2025-07-16T08:50:54","guid":{"rendered":"https:\/\/uj.adatbank.ro\/lexikon\/termek\/pop-aron\/"},"modified":"2025-07-16T10:50:54","modified_gmt":"2025-07-16T08:50:54","slug":"pop-aron","status":"publish","type":"product","link":"https:\/\/uj.adatbank.ro\/lexikon\/termek\/pop-aron\/","title":{"rendered":"POP, Aron"},"content":{"rendered":"<p>Vajdakuta, ? \u2020 XVIII sz v\u00e9g\u00e9n: ikonfest\u0151. \u2013 A XVIII sz v\u00e9g\u00e9n m\u0171k\u00f6d\u00f6tt R\u00e9gen k\u00f6rny\u00e9k\u00e9n a mez\u0151banyicai ikonogr\u00e1fiai k\u00f6zpontba.Teke\u00fajfaluban neki tulajdon\u00edtj\u00e1k a Sz\u0171z M\u00e1ria a kisdeddel (18.sz. v\u00e9ge); Mih\u00e1ly arkangyal \u00e9s G\u00e1bor arkangyal (mindkett\u0151 a 18. sz. v\u00e9g\u00e9r\u0151l).; Marosfelfaluban a Mih\u00e1ly arkangyal \u00e9s a J\u00e9zus, a tan\u00edt\u00f3 (18.sz v\u00e9ge) c. ikonokat. Biztosan \u0151 festette, al\u00e1\u00edrta \u00e9s d\u00e1tumozta, Mez\u0151banyic\u00e1ban a Szent Mikl\u00f3s; a Sz\u0171zanya; a J\u00e9zus Krisztus \u00e9s a Mih\u00e1ly arkangyal c. ikonokat, amelyeket, a h\u00e1toldalukon szerepl\u0151 feljegyz\u00e9s szerint, egy\u00fctt festett Toader Poppal \u00e9s Pavel Dumbr\u0103veanuval a mez\u0151banyicai kolostorban (1779. szept.13.). A szakirodalom m\u00e1s munk\u00e1it a fentieken k\u00edv\u00fcl nem eml\u00edt. St\u00edlusa neobrancovean, n\u00e9pi be\u00fct\u00e9sekkel. <br \/><strong>Irod.:<\/strong> Regh. cult. 9.; Todea 2013<\/br><\/p>\n","protected":false},"excerpt":{"rendered":"<p>Vajdakuta, ? \u2020 XVIII sz v\u00e9g\u00e9n: ikonfest\u0151. \u2013 A XVIII sz v\u00e9g\u00e9n m\u0171k\u00f6d\u00f6tt R\u00e9gen k\u00f6rny\u00e9k\u00e9n a mez\u0151banyicai ikonogr\u00e1fiai k\u00f6zpontba.Teke\u00fajfaluban neki tulajdon\u00edtj\u00e1k a Sz\u0171z M\u00e1ria a kisdeddel (18.sz. v\u00e9ge); Mih\u00e1ly arkangyal \u00e9s G\u00e1bor arkangyal (mindkett\u0151 a 18. sz. v\u00e9g\u00e9r\u0151l).; Marosfelfaluban a Mih\u00e1ly arkangyal \u00e9s a J\u00e9zus, a tan\u00edt\u00f3 (18.sz v\u00e9ge) c. ikonokat. Biztosan \u0151 festette, al\u00e1\u00edrta [&hellip;]<\/p>\n","protected":false},"featured_media":0,"comment_status":"open","ping_status":"closed","template":"","meta":[],"product_brand":[],"product_cat":[137],"product_tag":[],"class_list":{"0":"post-18413","1":"product","2":"type-product","3":"status-publish","5":"product_cat-maros-megyei-eletrajzi-lexikon","7":"first","8":"instock","9":"shipping-taxable","10":"product-type-simple"},"_links":{"self":[{"href":"https:\/\/uj.adatbank.ro\/lexikon\/wp-json\/wp\/v2\/product\/18413","targetHints":{"allow":["GET"]}}],"collection":[{"href":"https:\/\/uj.adatbank.ro\/lexikon\/wp-json\/wp\/v2\/product"}],"about":[{"href":"https:\/\/uj.adatbank.ro\/lexikon\/wp-json\/wp\/v2\/types\/product"}],"replies":[{"embeddable":true,"href":"https:\/\/uj.adatbank.ro\/lexikon\/wp-json\/wp\/v2\/comments?post=18413"}],"wp:attachment":[{"href":"https:\/\/uj.adatbank.ro\/lexikon\/wp-json\/wp\/v2\/media?parent=18413"}],"wp:term":[{"taxonomy":"product_brand","embeddable":true,"href":"https:\/\/uj.adatbank.ro\/lexikon\/wp-json\/wp\/v2\/product_brand?post=18413"},{"taxonomy":"product_cat","embeddable":true,"href":"https:\/\/uj.adatbank.ro\/lexikon\/wp-json\/wp\/v2\/product_cat?post=18413"},{"taxonomy":"product_tag","embeddable":true,"href":"https:\/\/uj.adatbank.ro\/lexikon\/wp-json\/wp\/v2\/product_tag?post=18413"}],"curies":[{"name":"wp","href":"https:\/\/api.w.org\/{rel}","templated":true}]}}