{"id":18414,"date":"2025-07-16T10:50:57","date_gmt":"2025-07-16T08:50:57","guid":{"rendered":"https:\/\/uj.adatbank.ro\/lexikon\/termek\/pop-augustin\/"},"modified":"2025-07-16T10:50:57","modified_gmt":"2025-07-16T08:50:57","slug":"pop-augustin","status":"publish","type":"product","link":"https:\/\/uj.adatbank.ro\/lexikon\/termek\/pop-augustin\/","title":{"rendered":"POP, Augustin"},"content":{"rendered":"<p>? \u2020\u00a0?: g. kat. tan\u00edt\u00f3. \u2013 Mez\u0151t\u00f3h\u00e1tban az egyh\u00e1zi iskol\u00e1ban tan\u00edtott (1888\u201321). Nev\u00e9hez f\u0171z\u0151dik az iskola anyak\u00f6nyv\u00e9nek felfetet\u00e9se (1888\u201389\u2013). 45 tanul\u00f3t tan\u00edtott m. nyelven, igazgat\u00f3 ebben az id\u0151ben Iuliu Deacu (1900-ig). Az isk nem rendelkezett saj\u00e1t \u00e9p\u00fclettel, mag\u00e1nh\u00e1zakban folyt a tan\u00edt\u00e1s.A tan\u00edt\u00f3t is a falu tartotta el. <br \/><strong>Irod.:<\/strong> T\u0103ureni<\/br><\/p>\n","protected":false},"excerpt":{"rendered":"<p>? \u2020\u00a0?: g. kat. tan\u00edt\u00f3. \u2013 Mez\u0151t\u00f3h\u00e1tban az egyh\u00e1zi iskol\u00e1ban tan\u00edtott (1888\u201321). Nev\u00e9hez f\u0171z\u0151dik az iskola anyak\u00f6nyv\u00e9nek felfetet\u00e9se (1888\u201389\u2013). 45 tanul\u00f3t tan\u00edtott m. nyelven, igazgat\u00f3 ebben az id\u0151ben Iuliu Deacu (1900-ig). Az isk nem rendelkezett saj\u00e1t \u00e9p\u00fclettel, mag\u00e1nh\u00e1zakban folyt a tan\u00edt\u00e1s.A tan\u00edt\u00f3t is a falu tartotta el. Irod.: T\u0103ureni<\/p>\n","protected":false},"featured_media":0,"comment_status":"open","ping_status":"closed","template":"","meta":[],"product_brand":[],"product_cat":[137],"product_tag":[],"class_list":{"0":"post-18414","1":"product","2":"type-product","3":"status-publish","5":"product_cat-maros-megyei-eletrajzi-lexikon","7":"first","8":"instock","9":"shipping-taxable","10":"product-type-simple"},"_links":{"self":[{"href":"https:\/\/uj.adatbank.ro\/lexikon\/wp-json\/wp\/v2\/product\/18414","targetHints":{"allow":["GET"]}}],"collection":[{"href":"https:\/\/uj.adatbank.ro\/lexikon\/wp-json\/wp\/v2\/product"}],"about":[{"href":"https:\/\/uj.adatbank.ro\/lexikon\/wp-json\/wp\/v2\/types\/product"}],"replies":[{"embeddable":true,"href":"https:\/\/uj.adatbank.ro\/lexikon\/wp-json\/wp\/v2\/comments?post=18414"}],"wp:attachment":[{"href":"https:\/\/uj.adatbank.ro\/lexikon\/wp-json\/wp\/v2\/media?parent=18414"}],"wp:term":[{"taxonomy":"product_brand","embeddable":true,"href":"https:\/\/uj.adatbank.ro\/lexikon\/wp-json\/wp\/v2\/product_brand?post=18414"},{"taxonomy":"product_cat","embeddable":true,"href":"https:\/\/uj.adatbank.ro\/lexikon\/wp-json\/wp\/v2\/product_cat?post=18414"},{"taxonomy":"product_tag","embeddable":true,"href":"https:\/\/uj.adatbank.ro\/lexikon\/wp-json\/wp\/v2\/product_tag?post=18414"}],"curies":[{"name":"wp","href":"https:\/\/api.w.org\/{rel}","templated":true}]}}