{"id":18415,"date":"2025-07-16T10:50:59","date_gmt":"2025-07-16T08:50:59","guid":{"rendered":"https:\/\/uj.adatbank.ro\/lexikon\/termek\/pop-augustin-emil-%c2%a7\/"},"modified":"2025-07-16T10:50:59","modified_gmt":"2025-07-16T08:50:59","slug":"pop-augustin-emil-%c2%a7","status":"publish","type":"product","link":"https:\/\/uj.adatbank.ro\/lexikon\/termek\/pop-augustin-emil-%c2%a7\/","title":{"rendered":"POP, Augustin Emil, \u00a7"},"content":{"rendered":"<p>Bal\u00e1zsfalva, 1924. j\u00fan. 9., \u2020 Mv., 1991.: tan\u00e1r. \u2013 Gyermekkor\u00e1t G\u00e1ldon t\u00f6lt\u00f6tte. Elemi iskol\u00e1t Bal\u00e1zsfalv\u00e1n (1935\u201338), a IV-V. oszt.-t Mv.-en az Al.Papiu Ilarian L\u00edc.-ban, a VI-VII.oszt.-t Beszterc\u00e9n a N\u00e9met L\u00edc.-ban (1940\u201342), a VIII.oszt.-t Kv.-on a M. \u00c1llami L\u00edc.-ban v\u00e9gezte. Bp.-en beiratkozott a Politechnikai Int.-be, de indokl\u00e1s n\u00e9lk\u00fcl, oda nem vett\u00e9k fel. A katonai szolg\u00e1lat elke-r\u00fcl\u00e9se \u00e9rdek\u00e9ben beiratkozott Nagyv\u00e1radon a teol\u00f3gi\u00e1ra, de n\u00e9h\u00e1ny h\u00f3nap m\u00falva otthagyta. Amiut\u00e1n a n\u00e9met csapatok elhagyt\u00e1k Mv.-t, r\u00e9szt vett a Rom\u00e1n \u00c1llami Vegyes L\u00edc. megalak\u00edt\u00e1s\u00e1ban, a mai Papiu Ilarian L\u00edc., majd oda nevezt\u00e9k ki h. rom\u00e1ntan\u00e1rnak (1944. szept. 1.\u20131945). Beiratkozott Kv.-on a Filol\u00f3giai Egyetem nappali tagozat\u00e1ra (1945\u201348), ahol k\u00f6zben prepar\u00e1tor is volt. R\u00e9szt vett a Bumbe\u015fti-Livezeni \u00e9p\u00edt\u0151telep munk\u00e1lataiban, ahol eviden\u0163iat \u00een munc\u0103 okl.-lel t\u00fcntett\u00e9k ki. Rom\u00e1ntan\u00e1ri kinevez\u00e9st kapott Palotailv\u00e1ra (1948. nov. 1\u20131950. okt. 1), onnan Sz\u00e1szr\u00e9genbe ker\u00fclt, ahol t\u00f6bb iskol\u00e1ban tan\u00edtott : Szakiskola(1950\u201354), 1-es sz. \u00c1lt. Isk. (1958\u201360), Petru Maior L\u00edc.(1960\u201362), 2-es sz. L\u00edc.(1962\u201364), megkapta a Pofesor frunta\u015f kit\u00fcntet\u00e9st (1962), letette a II-es \u00e9s I-es fokozati vizsg\u00e1t. Szolg\u00e1lati \u00e9rdekb\u0151l Mv.-re nevezt\u00e9k ki a Papiu Ilarian L\u00edc.-ba (1964\u201367); majd a Ped. L\u00edc. igazgat\u00f3ja (1967. szept. 1.\u201378), tan\u00e1rk\u00e9nt nyugd\u00edjaz\u00e1s\u00e1ig ott dolgozott (1985), ahol eredm\u00e9nyes tev\u00e9kenys\u00e9get fejtett ki nyugd\u00edjba vonul\u00e1s\u00e1ig (1990). Els\u0151k k\u00f6z\u00f6tt tette le I.tan\u00fcgyi fokozati vizsg\u00e1t (1967), dolgozat\u00e1nak c\u00edme: Aspecte ale folclorului de pe valea Gurghiului. Igazgat\u00f3k\u00e9nt sokat f\u00e1radozott a Ped. Lic.\u00faj \u00e9p\u00fclet\u00e9nek, a laborat\u00f3riumok, tantermek, tornaterem, az intern\u00e1tus \u00e9s az \u00e9tkezde valamint a k\u00f6nyvt\u00e1r berendez\u00e9se \u00e9s felszerel\u00e9se \u00e9rdek\u00e9ben (1977). A rom\u00e1niai pedag\u00f3giai iskol\u00e1k fenn\u00e1ll\u00e1s\u00e1nak 50.\u00e9vfordul\u00f3ja alkalm\u00e1b\u00f3l nagy \u00fcnneps\u00e9get szervezett, amelyre megh\u00edvta annak els\u0151 igazgat\u00f3j\u00e1t is, Nicolae Cre\u0163ut is. A Tanfel\u00fcgyel\u0151s\u00e9g metodist\u00e1ja, a rom\u00e1ntan\u00e1rok pedag\u00f3giai k\u00f6r\u00e9nek vezet\u0151je, fokozati vizsg\u00e1ra k\u00e9sz\u00fcl\u0151 taner\u0151k ir\u00e1ny\u00edt\u00f3ja. \u00c9ltan\u00e1r (1962), Munka \u00c9rdemrend (1969), \u00c9rdemes tan\u00e1r (1970) \u2013 kit\u0171ntet\u00e9sek birtokosa. \u2013 <strong>F. m.:<\/strong> Folclor de pe Valea Gurghiului; Cum s\u0103 \u00eenv\u0103\u0163\u0103m ? (Buc, 1965). K\u00e9zirata: Valea Gurghiului: Monogr\u00e1fia <br \/><strong>Irod.:<\/strong> Chertes-Cioat\u0103; Dasc\u0103li mure\u015feni 3.<\/br><\/p>\n","protected":false},"excerpt":{"rendered":"<p>Bal\u00e1zsfalva, 1924. j\u00fan. 9., \u2020 Mv., 1991.: tan\u00e1r. \u2013 Gyermekkor\u00e1t G\u00e1ldon t\u00f6lt\u00f6tte. Elemi iskol\u00e1t Bal\u00e1zsfalv\u00e1n (1935\u201338), a IV-V. oszt.-t Mv.-en az Al.Papiu Ilarian L\u00edc.-ban, a VI-VII.oszt.-t Beszterc\u00e9n a N\u00e9met L\u00edc.-ban (1940\u201342), a VIII.oszt.-t Kv.-on a M. \u00c1llami L\u00edc.-ban v\u00e9gezte. Bp.-en beiratkozott a Politechnikai Int.-be, de indokl\u00e1s n\u00e9lk\u00fcl, oda nem vett\u00e9k fel. A katonai szolg\u00e1lat elke-r\u00fcl\u00e9se [&hellip;]<\/p>\n","protected":false},"featured_media":0,"comment_status":"open","ping_status":"closed","template":"","meta":[],"product_brand":[],"product_cat":[137],"product_tag":[],"class_list":{"0":"post-18415","1":"product","2":"type-product","3":"status-publish","5":"product_cat-maros-megyei-eletrajzi-lexikon","7":"first","8":"instock","9":"shipping-taxable","10":"product-type-simple"},"_links":{"self":[{"href":"https:\/\/uj.adatbank.ro\/lexikon\/wp-json\/wp\/v2\/product\/18415","targetHints":{"allow":["GET"]}}],"collection":[{"href":"https:\/\/uj.adatbank.ro\/lexikon\/wp-json\/wp\/v2\/product"}],"about":[{"href":"https:\/\/uj.adatbank.ro\/lexikon\/wp-json\/wp\/v2\/types\/product"}],"replies":[{"embeddable":true,"href":"https:\/\/uj.adatbank.ro\/lexikon\/wp-json\/wp\/v2\/comments?post=18415"}],"wp:attachment":[{"href":"https:\/\/uj.adatbank.ro\/lexikon\/wp-json\/wp\/v2\/media?parent=18415"}],"wp:term":[{"taxonomy":"product_brand","embeddable":true,"href":"https:\/\/uj.adatbank.ro\/lexikon\/wp-json\/wp\/v2\/product_brand?post=18415"},{"taxonomy":"product_cat","embeddable":true,"href":"https:\/\/uj.adatbank.ro\/lexikon\/wp-json\/wp\/v2\/product_cat?post=18415"},{"taxonomy":"product_tag","embeddable":true,"href":"https:\/\/uj.adatbank.ro\/lexikon\/wp-json\/wp\/v2\/product_tag?post=18415"}],"curies":[{"name":"wp","href":"https:\/\/api.w.org\/{rel}","templated":true}]}}