{"id":18419,"date":"2025-07-16T10:51:07","date_gmt":"2025-07-16T08:51:07","guid":{"rendered":"https:\/\/uj.adatbank.ro\/lexikon\/termek\/pop-beniamin-lupu\/"},"modified":"2025-07-16T10:51:07","modified_gmt":"2025-07-16T08:51:07","slug":"pop-beniamin-lupu","status":"publish","type":"product","link":"https:\/\/uj.adatbank.ro\/lexikon\/termek\/pop-beniamin-lupu\/","title":{"rendered":"POP, Beniamin Lupu"},"content":{"rendered":"<p>? \u2020\u00a0?: g. kat. pap. \u2013 Lelk\u00e9sz volt Mez\u0151t\u00f3h\u00e1tban (1902\u201339). Iskola igazgat\u00f3 is (1901\u201306). R\u00e9szt vett a gyulafeh\u00e9rv\u00e1ri egyes\u00fcl\u00e9si gy\u0171l\u00e9sen (1918. dec. 1.). A RNPP vezet\u0151je a faluban (1932).-<br \/><strong>Irod.:<\/strong> T\u0103ureni<\/br><\/p>\n","protected":false},"excerpt":{"rendered":"<p>? \u2020\u00a0?: g. kat. pap. \u2013 Lelk\u00e9sz volt Mez\u0151t\u00f3h\u00e1tban (1902\u201339). Iskola igazgat\u00f3 is (1901\u201306). R\u00e9szt vett a gyulafeh\u00e9rv\u00e1ri egyes\u00fcl\u00e9si gy\u0171l\u00e9sen (1918. dec. 1.). A RNPP vezet\u0151je a faluban (1932).-Irod.: T\u0103ureni<\/p>\n","protected":false},"featured_media":0,"comment_status":"open","ping_status":"closed","template":"","meta":[],"product_brand":[],"product_cat":[137],"product_tag":[],"class_list":{"0":"post-18419","1":"product","2":"type-product","3":"status-publish","5":"product_cat-maros-megyei-eletrajzi-lexikon","7":"first","8":"instock","9":"shipping-taxable","10":"product-type-simple"},"_links":{"self":[{"href":"https:\/\/uj.adatbank.ro\/lexikon\/wp-json\/wp\/v2\/product\/18419","targetHints":{"allow":["GET"]}}],"collection":[{"href":"https:\/\/uj.adatbank.ro\/lexikon\/wp-json\/wp\/v2\/product"}],"about":[{"href":"https:\/\/uj.adatbank.ro\/lexikon\/wp-json\/wp\/v2\/types\/product"}],"replies":[{"embeddable":true,"href":"https:\/\/uj.adatbank.ro\/lexikon\/wp-json\/wp\/v2\/comments?post=18419"}],"wp:attachment":[{"href":"https:\/\/uj.adatbank.ro\/lexikon\/wp-json\/wp\/v2\/media?parent=18419"}],"wp:term":[{"taxonomy":"product_brand","embeddable":true,"href":"https:\/\/uj.adatbank.ro\/lexikon\/wp-json\/wp\/v2\/product_brand?post=18419"},{"taxonomy":"product_cat","embeddable":true,"href":"https:\/\/uj.adatbank.ro\/lexikon\/wp-json\/wp\/v2\/product_cat?post=18419"},{"taxonomy":"product_tag","embeddable":true,"href":"https:\/\/uj.adatbank.ro\/lexikon\/wp-json\/wp\/v2\/product_tag?post=18419"}],"curies":[{"name":"wp","href":"https:\/\/api.w.org\/{rel}","templated":true}]}}