{"id":18420,"date":"2025-07-16T10:51:11","date_gmt":"2025-07-16T08:51:11","guid":{"rendered":"https:\/\/uj.adatbank.ro\/lexikon\/termek\/pop-ciril\/"},"modified":"2025-07-16T10:51:11","modified_gmt":"2025-07-16T08:51:11","slug":"pop-ciril","status":"publish","type":"product","link":"https:\/\/uj.adatbank.ro\/lexikon\/termek\/pop-ciril\/","title":{"rendered":"POP, Ciril"},"content":{"rendered":"<p>H\u00e9derf\u00e1ja, ? \u2020\u00a0XIX sz. k\u00f6zepe: g. kat. pap, tan\u00e1r. \u2013 A teol\u00f3gi\u00e1t Bal\u00e1zsfalv\u00e1n v\u00e9gezte (1800 k.), ott tan\u00edtott (1803\u201305), majd pl\u00e9b\u00e1nos Maroscsesztv\u00e9n. <br \/><strong>Irod.:<\/strong> Com\u015fa; Com\u015fa\u2013Seiceanu; Todea 2013<\/br><\/p>\n","protected":false},"excerpt":{"rendered":"<p>H\u00e9derf\u00e1ja, ? \u2020\u00a0XIX sz. k\u00f6zepe: g. kat. pap, tan\u00e1r. \u2013 A teol\u00f3gi\u00e1t Bal\u00e1zsfalv\u00e1n v\u00e9gezte (1800 k.), ott tan\u00edtott (1803\u201305), majd pl\u00e9b\u00e1nos Maroscsesztv\u00e9n. Irod.: Com\u015fa; Com\u015fa\u2013Seiceanu; Todea 2013<\/p>\n","protected":false},"featured_media":0,"comment_status":"open","ping_status":"closed","template":"","meta":[],"product_brand":[],"product_cat":[137],"product_tag":[],"class_list":{"0":"post-18420","1":"product","2":"type-product","3":"status-publish","5":"product_cat-maros-megyei-eletrajzi-lexikon","7":"first","8":"instock","9":"shipping-taxable","10":"product-type-simple"},"_links":{"self":[{"href":"https:\/\/uj.adatbank.ro\/lexikon\/wp-json\/wp\/v2\/product\/18420","targetHints":{"allow":["GET"]}}],"collection":[{"href":"https:\/\/uj.adatbank.ro\/lexikon\/wp-json\/wp\/v2\/product"}],"about":[{"href":"https:\/\/uj.adatbank.ro\/lexikon\/wp-json\/wp\/v2\/types\/product"}],"replies":[{"embeddable":true,"href":"https:\/\/uj.adatbank.ro\/lexikon\/wp-json\/wp\/v2\/comments?post=18420"}],"wp:attachment":[{"href":"https:\/\/uj.adatbank.ro\/lexikon\/wp-json\/wp\/v2\/media?parent=18420"}],"wp:term":[{"taxonomy":"product_brand","embeddable":true,"href":"https:\/\/uj.adatbank.ro\/lexikon\/wp-json\/wp\/v2\/product_brand?post=18420"},{"taxonomy":"product_cat","embeddable":true,"href":"https:\/\/uj.adatbank.ro\/lexikon\/wp-json\/wp\/v2\/product_cat?post=18420"},{"taxonomy":"product_tag","embeddable":true,"href":"https:\/\/uj.adatbank.ro\/lexikon\/wp-json\/wp\/v2\/product_tag?post=18420"}],"curies":[{"name":"wp","href":"https:\/\/api.w.org\/{rel}","templated":true}]}}