{"id":18421,"date":"2025-07-16T10:51:13","date_gmt":"2025-07-16T08:51:13","guid":{"rendered":"https:\/\/uj.adatbank.ro\/lexikon\/termek\/pop-codreanu\/"},"modified":"2025-07-16T10:51:13","modified_gmt":"2025-07-16T08:51:13","slug":"pop-codreanu","status":"publish","type":"product","link":"https:\/\/uj.adatbank.ro\/lexikon\/termek\/pop-codreanu\/","title":{"rendered":"POP, Codreanu"},"content":{"rendered":"<p>1904., \u2020\u00a0?\u00a0: g. k. lelk\u00e9sz. \u2013 Tanulm\u00e1nyait Bal\u00e1zsfalv\u00e1n v\u00e9gezte, papp\u00e1 szentelt\u00e9k (1929). Mez\u0151bodonban kezdte lelk\u00e9szi m\u0171k\u00f6d\u00e9s\u00e9t, majd Mez\u0151b\u00e1ndra ker\u00fclt (1940), ahol az iskol\u00e1n\u00e1l mint hitoktat\u00f3 is m\u0171k\u00f6d\u00f6tt, az egyh\u00e1z vezet\u0151je volt. <br \/><strong>Irod.:<\/strong> Sz\u00e9kelyf\u00f6ld \u00ed.k.<\/br><\/p>\n","protected":false},"excerpt":{"rendered":"<p>1904., \u2020\u00a0?\u00a0: g. k. lelk\u00e9sz. \u2013 Tanulm\u00e1nyait Bal\u00e1zsfalv\u00e1n v\u00e9gezte, papp\u00e1 szentelt\u00e9k (1929). Mez\u0151bodonban kezdte lelk\u00e9szi m\u0171k\u00f6d\u00e9s\u00e9t, majd Mez\u0151b\u00e1ndra ker\u00fclt (1940), ahol az iskol\u00e1n\u00e1l mint hitoktat\u00f3 is m\u0171k\u00f6d\u00f6tt, az egyh\u00e1z vezet\u0151je volt. Irod.: Sz\u00e9kelyf\u00f6ld \u00ed.k.<\/p>\n","protected":false},"featured_media":0,"comment_status":"open","ping_status":"closed","template":"","meta":[],"product_brand":[],"product_cat":[137],"product_tag":[],"class_list":{"0":"post-18421","1":"product","2":"type-product","3":"status-publish","5":"product_cat-maros-megyei-eletrajzi-lexikon","7":"first","8":"instock","9":"shipping-taxable","10":"product-type-simple"},"_links":{"self":[{"href":"https:\/\/uj.adatbank.ro\/lexikon\/wp-json\/wp\/v2\/product\/18421","targetHints":{"allow":["GET"]}}],"collection":[{"href":"https:\/\/uj.adatbank.ro\/lexikon\/wp-json\/wp\/v2\/product"}],"about":[{"href":"https:\/\/uj.adatbank.ro\/lexikon\/wp-json\/wp\/v2\/types\/product"}],"replies":[{"embeddable":true,"href":"https:\/\/uj.adatbank.ro\/lexikon\/wp-json\/wp\/v2\/comments?post=18421"}],"wp:attachment":[{"href":"https:\/\/uj.adatbank.ro\/lexikon\/wp-json\/wp\/v2\/media?parent=18421"}],"wp:term":[{"taxonomy":"product_brand","embeddable":true,"href":"https:\/\/uj.adatbank.ro\/lexikon\/wp-json\/wp\/v2\/product_brand?post=18421"},{"taxonomy":"product_cat","embeddable":true,"href":"https:\/\/uj.adatbank.ro\/lexikon\/wp-json\/wp\/v2\/product_cat?post=18421"},{"taxonomy":"product_tag","embeddable":true,"href":"https:\/\/uj.adatbank.ro\/lexikon\/wp-json\/wp\/v2\/product_tag?post=18421"}],"curies":[{"name":"wp","href":"https:\/\/api.w.org\/{rel}","templated":true}]}}