{"id":18422,"date":"2025-07-16T10:51:15","date_gmt":"2025-07-16T08:51:15","guid":{"rendered":"https:\/\/uj.adatbank.ro\/lexikon\/termek\/pop-cornel\/"},"modified":"2025-07-16T10:51:15","modified_gmt":"2025-07-16T08:51:15","slug":"pop-cornel","status":"publish","type":"product","link":"https:\/\/uj.adatbank.ro\/lexikon\/termek\/pop-cornel\/","title":{"rendered":"POP, Cornel"},"content":{"rendered":"<p>Beszterceb\u00e1nya, 1892. \u2020\u00a0?: \u00fcgyv\u00e9d Segesv\u00e1ron. \u2013 Apja tanfel\u00fcgyel\u0151 volt. Bp.-en \u00e9retts\u00e9gizett, \u00e9s az egyetemet is ott v\u00e9gezte, \u00fcgyv\u00e9di vizyg\u00e1t Kv.-on tett (1914), azut\u00e1n \u00fcgyv\u00e1di praxist folytatott, Segesv\u00e1ron m\u0171k\u00f6d\u00f6tt (1922\u2013) \u00e9s a Fr\u0103\u0163ia bank \u00fcgy\u00e9sze, \u00e1llami \u00fcgyv\u00e9d, a v\u00e1rosi tan\u00e1cs tagja \u00e9s az \u00fcgyv\u00e9di kamara titk\u00e1ra, az Averescu P\u00e1rt v\u00e1rmegyei tagozat\u00e1nak vez\u00e9rtitk\u00e1ra, az Astra, a zeneegylet d\u00edszeln\u00f6ke, a Segesv\u00e1ri Rom\u00e1n Iparos \u00e9s Keresked\u0151 Egyes\u00fclet \u00fcgy\u00e9sze \u00e9s eln\u00f6ke, a Megyei K\u00f6zigazgat\u00e1si Bizotts\u00e1g tagja volt. Csend\u0151rsz\u00e1zados (\u20131922), katonai kit\u00fcntet\u00e9s birtokosa. <br \/><strong>Irod.:<\/strong> Ki kicsoda\u00a0?<\/br><\/p>\n","protected":false},"excerpt":{"rendered":"<p>Beszterceb\u00e1nya, 1892. \u2020\u00a0?: \u00fcgyv\u00e9d Segesv\u00e1ron. \u2013 Apja tanfel\u00fcgyel\u0151 volt. Bp.-en \u00e9retts\u00e9gizett, \u00e9s az egyetemet is ott v\u00e9gezte, \u00fcgyv\u00e9di vizyg\u00e1t Kv.-on tett (1914), azut\u00e1n \u00fcgyv\u00e1di praxist folytatott, Segesv\u00e1ron m\u0171k\u00f6d\u00f6tt (1922\u2013) \u00e9s a Fr\u0103\u0163ia bank \u00fcgy\u00e9sze, \u00e1llami \u00fcgyv\u00e9d, a v\u00e1rosi tan\u00e1cs tagja \u00e9s az \u00fcgyv\u00e9di kamara titk\u00e1ra, az Averescu P\u00e1rt v\u00e1rmegyei tagozat\u00e1nak vez\u00e9rtitk\u00e1ra, az Astra, a zeneegylet [&hellip;]<\/p>\n","protected":false},"featured_media":0,"comment_status":"open","ping_status":"closed","template":"","meta":[],"product_brand":[],"product_cat":[137],"product_tag":[],"class_list":{"0":"post-18422","1":"product","2":"type-product","3":"status-publish","5":"product_cat-maros-megyei-eletrajzi-lexikon","7":"first","8":"instock","9":"shipping-taxable","10":"product-type-simple"},"_links":{"self":[{"href":"https:\/\/uj.adatbank.ro\/lexikon\/wp-json\/wp\/v2\/product\/18422","targetHints":{"allow":["GET"]}}],"collection":[{"href":"https:\/\/uj.adatbank.ro\/lexikon\/wp-json\/wp\/v2\/product"}],"about":[{"href":"https:\/\/uj.adatbank.ro\/lexikon\/wp-json\/wp\/v2\/types\/product"}],"replies":[{"embeddable":true,"href":"https:\/\/uj.adatbank.ro\/lexikon\/wp-json\/wp\/v2\/comments?post=18422"}],"wp:attachment":[{"href":"https:\/\/uj.adatbank.ro\/lexikon\/wp-json\/wp\/v2\/media?parent=18422"}],"wp:term":[{"taxonomy":"product_brand","embeddable":true,"href":"https:\/\/uj.adatbank.ro\/lexikon\/wp-json\/wp\/v2\/product_brand?post=18422"},{"taxonomy":"product_cat","embeddable":true,"href":"https:\/\/uj.adatbank.ro\/lexikon\/wp-json\/wp\/v2\/product_cat?post=18422"},{"taxonomy":"product_tag","embeddable":true,"href":"https:\/\/uj.adatbank.ro\/lexikon\/wp-json\/wp\/v2\/product_tag?post=18422"}],"curies":[{"name":"wp","href":"https:\/\/api.w.org\/{rel}","templated":true}]}}