{"id":18423,"date":"2025-07-16T10:51:17","date_gmt":"2025-07-16T08:51:17","guid":{"rendered":"https:\/\/uj.adatbank.ro\/lexikon\/termek\/pop-cornel-2\/"},"modified":"2025-07-16T10:51:17","modified_gmt":"2025-07-16T08:51:17","slug":"pop-cornel-2","status":"publish","type":"product","link":"https:\/\/uj.adatbank.ro\/lexikon\/termek\/pop-cornel-2\/","title":{"rendered":"POP, Cornel"},"content":{"rendered":"<p>? \u2020\u00a0?: sziguranca kapit\u00e1ny. \u2013 A Korm\u00e1nyz\u00f3 Tan\u00e1cs kinevezte Mr.-re a politikai rend\u0151rs\u00e9ghez (1919). <br \/><strong>Irod.:<\/strong> Id\u0151t\u00e1r 3<\/br><\/p>\n","protected":false},"excerpt":{"rendered":"<p>? \u2020\u00a0?: sziguranca kapit\u00e1ny. \u2013 A Korm\u00e1nyz\u00f3 Tan\u00e1cs kinevezte Mr.-re a politikai rend\u0151rs\u00e9ghez (1919). Irod.: Id\u0151t\u00e1r 3<\/p>\n","protected":false},"featured_media":0,"comment_status":"open","ping_status":"closed","template":"","meta":[],"product_brand":[],"product_cat":[137],"product_tag":[],"class_list":{"0":"post-18423","1":"product","2":"type-product","3":"status-publish","5":"product_cat-maros-megyei-eletrajzi-lexikon","7":"first","8":"instock","9":"shipping-taxable","10":"product-type-simple"},"_links":{"self":[{"href":"https:\/\/uj.adatbank.ro\/lexikon\/wp-json\/wp\/v2\/product\/18423","targetHints":{"allow":["GET"]}}],"collection":[{"href":"https:\/\/uj.adatbank.ro\/lexikon\/wp-json\/wp\/v2\/product"}],"about":[{"href":"https:\/\/uj.adatbank.ro\/lexikon\/wp-json\/wp\/v2\/types\/product"}],"replies":[{"embeddable":true,"href":"https:\/\/uj.adatbank.ro\/lexikon\/wp-json\/wp\/v2\/comments?post=18423"}],"wp:attachment":[{"href":"https:\/\/uj.adatbank.ro\/lexikon\/wp-json\/wp\/v2\/media?parent=18423"}],"wp:term":[{"taxonomy":"product_brand","embeddable":true,"href":"https:\/\/uj.adatbank.ro\/lexikon\/wp-json\/wp\/v2\/product_brand?post=18423"},{"taxonomy":"product_cat","embeddable":true,"href":"https:\/\/uj.adatbank.ro\/lexikon\/wp-json\/wp\/v2\/product_cat?post=18423"},{"taxonomy":"product_tag","embeddable":true,"href":"https:\/\/uj.adatbank.ro\/lexikon\/wp-json\/wp\/v2\/product_tag?post=18423"}],"curies":[{"name":"wp","href":"https:\/\/api.w.org\/{rel}","templated":true}]}}