{"id":18424,"date":"2025-07-16T10:51:18","date_gmt":"2025-07-16T08:51:18","guid":{"rendered":"https:\/\/uj.adatbank.ro\/lexikon\/termek\/pop-cornel-3\/"},"modified":"2025-07-16T10:51:18","modified_gmt":"2025-07-16T08:51:18","slug":"pop-cornel-3","status":"publish","type":"product","link":"https:\/\/uj.adatbank.ro\/lexikon\/termek\/pop-cornel-3\/","title":{"rendered":"POP, Cornel"},"content":{"rendered":"<p>St. Gy\u00e9res, 1896., \u2020\u00a0?: g\u00e9p\u00e9szm\u00e9rn\u00f6k. \u2013Apja fegyint\u00e9zeti esperes volt. Nagyenyeden \u00e9retts\u00e9gizett, majd a bp.-i m\u0171egyetem hallgat\u00f3ja (\u20131918), majd mint m\u00e9rn\u00f6kgyakornok, a maros\u00fajv\u00e1ri s\u00f3b\u00e1nya jav\u00edt\u00f3m\u0171hely\u00e9nek vezet\u0151je (\u20131920). Tanulm\u00e1nyait Pr\u00e1g\u00e1ban folytatta, hazat\u00e9rve a mv.-i V\u00edz\u00fczemek igazgat\u00f3j\u00e1nak nevezt\u00e9k ki (1924). az Aero Club Muresul alap\u00edt\u00f3ja (1936). A kv.-i aut\u00f3klubbnak a v\u00e1rmegye r\u00e9sz\u00e9r\u0151l hivatalos kik\u00fcld\u00f6ttje, az aut\u00f3versenyn\u00e9l mint szakb\u00edr\u00f3 szerepelt. A modern technika k\u00e9rd\u00e9sei foglalkoztatt\u00e1k, a rep\u00fcl\u0151g\u00e9pek konstrukci\u00f3j\u00e1r\u00f3l cikkeki jelentek meg a n\u00e9met Flugwesen c. foly\u00f3iratban, azon kiv\u00fcl t\u00f6bb bel- \u00e9s k\u00fclf\u00f6ldi foly\u00f3iratban jelentek meg tanulm\u00e1nyai. <br \/><strong>Irod.:<\/strong> Ki kicsoda\u00a0?, Kl\u00f3sz\u2013Tolok\u00e1n<\/br><\/p>\n","protected":false},"excerpt":{"rendered":"<p>St. Gy\u00e9res, 1896., \u2020\u00a0?: g\u00e9p\u00e9szm\u00e9rn\u00f6k. \u2013Apja fegyint\u00e9zeti esperes volt. Nagyenyeden \u00e9retts\u00e9gizett, majd a bp.-i m\u0171egyetem hallgat\u00f3ja (\u20131918), majd mint m\u00e9rn\u00f6kgyakornok, a maros\u00fajv\u00e1ri s\u00f3b\u00e1nya jav\u00edt\u00f3m\u0171hely\u00e9nek vezet\u0151je (\u20131920). Tanulm\u00e1nyait Pr\u00e1g\u00e1ban folytatta, hazat\u00e9rve a mv.-i V\u00edz\u00fczemek igazgat\u00f3j\u00e1nak nevezt\u00e9k ki (1924). az Aero Club Muresul alap\u00edt\u00f3ja (1936). A kv.-i aut\u00f3klubbnak a v\u00e1rmegye r\u00e9sz\u00e9r\u0151l hivatalos kik\u00fcld\u00f6ttje, az aut\u00f3versenyn\u00e9l mint szakb\u00edr\u00f3 [&hellip;]<\/p>\n","protected":false},"featured_media":0,"comment_status":"open","ping_status":"closed","template":"","meta":[],"product_brand":[],"product_cat":[137],"product_tag":[],"class_list":{"0":"post-18424","1":"product","2":"type-product","3":"status-publish","5":"product_cat-maros-megyei-eletrajzi-lexikon","7":"first","8":"instock","9":"shipping-taxable","10":"product-type-simple"},"_links":{"self":[{"href":"https:\/\/uj.adatbank.ro\/lexikon\/wp-json\/wp\/v2\/product\/18424","targetHints":{"allow":["GET"]}}],"collection":[{"href":"https:\/\/uj.adatbank.ro\/lexikon\/wp-json\/wp\/v2\/product"}],"about":[{"href":"https:\/\/uj.adatbank.ro\/lexikon\/wp-json\/wp\/v2\/types\/product"}],"replies":[{"embeddable":true,"href":"https:\/\/uj.adatbank.ro\/lexikon\/wp-json\/wp\/v2\/comments?post=18424"}],"wp:attachment":[{"href":"https:\/\/uj.adatbank.ro\/lexikon\/wp-json\/wp\/v2\/media?parent=18424"}],"wp:term":[{"taxonomy":"product_brand","embeddable":true,"href":"https:\/\/uj.adatbank.ro\/lexikon\/wp-json\/wp\/v2\/product_brand?post=18424"},{"taxonomy":"product_cat","embeddable":true,"href":"https:\/\/uj.adatbank.ro\/lexikon\/wp-json\/wp\/v2\/product_cat?post=18424"},{"taxonomy":"product_tag","embeddable":true,"href":"https:\/\/uj.adatbank.ro\/lexikon\/wp-json\/wp\/v2\/product_tag?post=18424"}],"curies":[{"name":"wp","href":"https:\/\/api.w.org\/{rel}","templated":true}]}}