{"id":18426,"date":"2025-07-16T10:51:22","date_gmt":"2025-07-16T08:51:22","guid":{"rendered":"https:\/\/uj.adatbank.ro\/lexikon\/termek\/pop-d-popa-ioan\/"},"modified":"2025-07-16T10:51:22","modified_gmt":"2025-07-16T08:51:22","slug":"pop-d-popa-ioan","status":"publish","type":"product","link":"https:\/\/uj.adatbank.ro\/lexikon\/termek\/pop-d-popa-ioan\/","title":{"rendered":"POP D. POPA, Ioan"},"content":{"rendered":"<p>Nagyv\u00e1rad, 1927. okt. 6., \u2020\u00a0??\u00a0: orvos, anatomus, sz\u00edvseb\u00e9sz, dr. doc. prof., prorektor; a Rom\u00e1n Orvostudom\u00e1nyi Akad\u00e9mia tagja \u2013 A k\u00f6z\u00e9piskol\u00e1t Nagyv\u00e1radon (1946), az orvosi egyetemet Kv.-on v\u00e9gezte (1952); doktor\u00e1lt (1964); docens dr. (1968). Orvosi p\u00e1lyafut\u00e1s\u00e1t mint seb\u00e9sz Kv.-on kezfte (1954\u201362); a MOGYI adjunktusa (1962\u2013); prorektor (1962. szept. 15.\u201374); Mv.-en l\u00e9trehozta a 2. sz Seb\u00e9szeti Klinik\u00e1t \u00e9s a Sz\u00edvseb\u00e9szetet (1966); egyetemi el\u0151ad\u00f3tan\u00e1r (1966\u2013), prof. (1968\u2013) klinikaf\u0151n\u00f6k (1968\u201374); Buk.-be helyezt\u00e9k a Fundeni k\u00f3rh\u00e1zhoz ahol l\u00e9tre hozta a Sz\u00edvseb\u00e9szeti oszt\u00e1lyt, az els\u0151 m\u0171sz\u00edv \u00e9s m\u0171t\u00fcd\u0151 be\u00fcltet\u00e9se a nev\u00e9hez f\u0171z\u00f6dik; els\u0151k\u00e9nt v\u00e9gzett Rom\u00e1ni\u00e1ban nyiltmelkasi sz\u00edvm\u0171t\u00e9tet (1973); be\u00fcltette az els\u0151 biol\u00f3giai sz\u00edvbillenty\u0171t, megalkotta az els\u0151 rom\u00e1n sz\u00edvstimul\u00e1tort (1973), be\u00fcltete az els\u0151 mechanikus sz\u00edvbillenty\u0171ket (1991). A RKP KB p\u00f3ttagja (1974. nov. 28.\u20131984. nov. 23.); a MMAT \u00e9s Ilfov megye Nagy Nemzetgy\u0171l\u00e9si k\u00e9pvisel\u0151je (1965. m\u00e1rc. 7.\u20131980. nov. 23.). T\u00f6bb mint 650 tudom\u00e1nyos dolgozata van, egyetemi jegyzeteket \u00edrt, tal\u00e1lm\u00e1nyok \u00e9s \u00faj\u00edt\u00e1sok szerz\u0151je, sz\u00e1mos seb\u00e9szeti eszk\u00f6z megalkot\u00f3ja. Tov\u00e1bbk\u00e9pz\u00e9sen volt\u00a0: Moszkv\u00e1ban, az USA-ban. Kit\u0171ntet\u00e9sei\u00a0: Seb\u00e9szeti diploma \u201eMayo-Rochester\u201d, Minnesota, SUA (1983); \u201eEtranger\u201d diplom\u00e1ja a Francia Seb\u00e9szeti Akad\u00e9mi\u00e1nak (1984); \u00c9rdemes orvos (1971); \u00c9rdemes tan\u00e1r (1987); A Rom\u00e1n Akad\u00e9mia \u201eGh. Marinescu\u201d d\u00edja az els\u0151 biol\u00f3giai sz\u00edvbillenty\u0171\u00e9rt \u201eMiva Pop De Popa\u201d; a MOGYI-n \u201eDr. Honoris Causa\u201d (2004).Tagja a p\u00e1rizsi Seb\u00e9szeti Akad\u00e9mi\u00e1nak (1983); New York-i Tudom\u00e1nyos Akad\u00e9mi\u00e1nak (1979); The International Who\u2019 s Who of Intellectuals (1983); l\u00e9trehozta a Rom\u00e1niai Sz\u00edvseb\u00e9szeti T\u00e1rsas\u00e1got (1989). \u2013 <strong>F. m.:<\/strong> Transplantarea organelor \u015fi \u0163esuturilor (Tg.M., 1967); Inima. Patologie \u015fi tratament chirurgical (Buc., 1975); Iluzia puterii (Buc., 1992); <strong>t\u00e1rssz.:<\/strong> Patologia sistemului cav inferior. (1973); Patologie chirurgical\u0103. \u2013 Vol. 4. (1977); Sistemul arterial aortic. Patologie \u015fi tratament chirurgical Vol. 2. (Buc., 1982); Patologie chirurgical\u0103. Vol. 5. (Buc., 1991); Tratat de patologie chirurgical\u0103. 5 \/2: Patologia chirurgical\u0103 cardiovascular\u0103 (Buc., 1994) <strong>szerk.:<\/strong> Patologia sistemului cav inferior (Buc., 1973); Gheorghiu, Tudor: Posibila intoarcere: Interven\u0163ie chirurgical\u0103 pe cord deschis (urt\u00f3sz\u00f3; Buc. 1983); Sistemul arterial aortic: Patologie \u015fi tratament chirurgical 1\u20132. (Buc., 1982\u20131983); <br \/><strong>Irod.:<\/strong> Bartos 2012; Cri\u015fan; IMF; P\u00e9terffy \u00c1.- P.P.; Todea\u2013F\u00fcl\u00f6p\u2013Avram<\/br><\/p>\n","protected":false},"excerpt":{"rendered":"<p>Nagyv\u00e1rad, 1927. okt. 6., \u2020\u00a0??\u00a0: orvos, anatomus, sz\u00edvseb\u00e9sz, dr. doc. prof., prorektor; a Rom\u00e1n Orvostudom\u00e1nyi Akad\u00e9mia tagja \u2013 A k\u00f6z\u00e9piskol\u00e1t Nagyv\u00e1radon (1946), az orvosi egyetemet Kv.-on v\u00e9gezte (1952); doktor\u00e1lt (1964); docens dr. (1968). Orvosi p\u00e1lyafut\u00e1s\u00e1t mint seb\u00e9sz Kv.-on kezfte (1954\u201362); a MOGYI adjunktusa (1962\u2013); prorektor (1962. szept. 15.\u201374); Mv.-en l\u00e9trehozta a 2. sz Seb\u00e9szeti Klinik\u00e1t [&hellip;]<\/p>\n","protected":false},"featured_media":0,"comment_status":"open","ping_status":"closed","template":"","meta":[],"product_brand":[],"product_cat":[137],"product_tag":[],"class_list":{"0":"post-18426","1":"product","2":"type-product","3":"status-publish","5":"product_cat-maros-megyei-eletrajzi-lexikon","7":"first","8":"instock","9":"shipping-taxable","10":"product-type-simple"},"_links":{"self":[{"href":"https:\/\/uj.adatbank.ro\/lexikon\/wp-json\/wp\/v2\/product\/18426","targetHints":{"allow":["GET"]}}],"collection":[{"href":"https:\/\/uj.adatbank.ro\/lexikon\/wp-json\/wp\/v2\/product"}],"about":[{"href":"https:\/\/uj.adatbank.ro\/lexikon\/wp-json\/wp\/v2\/types\/product"}],"replies":[{"embeddable":true,"href":"https:\/\/uj.adatbank.ro\/lexikon\/wp-json\/wp\/v2\/comments?post=18426"}],"wp:attachment":[{"href":"https:\/\/uj.adatbank.ro\/lexikon\/wp-json\/wp\/v2\/media?parent=18426"}],"wp:term":[{"taxonomy":"product_brand","embeddable":true,"href":"https:\/\/uj.adatbank.ro\/lexikon\/wp-json\/wp\/v2\/product_brand?post=18426"},{"taxonomy":"product_cat","embeddable":true,"href":"https:\/\/uj.adatbank.ro\/lexikon\/wp-json\/wp\/v2\/product_cat?post=18426"},{"taxonomy":"product_tag","embeddable":true,"href":"https:\/\/uj.adatbank.ro\/lexikon\/wp-json\/wp\/v2\/product_tag?post=18426"}],"curies":[{"name":"wp","href":"https:\/\/api.w.org\/{rel}","templated":true}]}}