{"id":18429,"date":"2025-07-16T10:51:29","date_gmt":"2025-07-16T08:51:29","guid":{"rendered":"https:\/\/uj.adatbank.ro\/lexikon\/termek\/pop-dimitrie-papp-demeter\/"},"modified":"2025-07-16T10:51:29","modified_gmt":"2025-07-16T08:51:29","slug":"pop-dimitrie-papp-demeter","status":"publish","type":"product","link":"https:\/\/uj.adatbank.ro\/lexikon\/termek\/pop-dimitrie-papp-demeter\/","title":{"rendered":"POP Dimitrie, Papp Demeter"},"content":{"rendered":"<p>? \u2020 Sz\u00e1szr\u00e9gen, ?. Szenth\u00e1roms\u00e1g templom temet\u0151j\u00e9ben nyugszik.: g. kat. tan\u00edt\u00f3. \u2013 Ioan Bob p\u00fcsp\u00f6k utas\u00edt\u00e1s\u00e1ra a Mv.-en m\u0171k\u00f6d\u0151 tan\u00edt\u00f3t Magyarr\u00e9genbe helyezt\u00e9k az iskol\u00e1val egy\u00fctt, ahol Petru Maior volt a f\u0151diakonus. Az els\u0151 tan\u00edt\u00f3, aki a falusi rom\u00e1n tannyelv\u0171 g. kat. iskol\u00e1ban tan\u00edtott (1782), majd a sz\u00e1sz v\u00e1rosban, teh\u00e1t R\u00e9gen sz\u00e1szoklakta negyed\u00e9ben. Az iskol\u00e1t a m. \u00e1llam \u00e9p\u00edttette \u00fajj\u00e1 (1786). Akkor 28 tanul\u00f3val m\u0171k\u0151d\u00f6tt. <br \/><strong>Irod.:<\/strong> Costea 1999; Id\u0151t\u00e1r 1; P\u00e1l-Antal 2009<\/br><\/p>\n","protected":false},"excerpt":{"rendered":"<p>? \u2020 Sz\u00e1szr\u00e9gen, ?. Szenth\u00e1roms\u00e1g templom temet\u0151j\u00e9ben nyugszik.: g. kat. tan\u00edt\u00f3. \u2013 Ioan Bob p\u00fcsp\u00f6k utas\u00edt\u00e1s\u00e1ra a Mv.-en m\u0171k\u00f6d\u0151 tan\u00edt\u00f3t Magyarr\u00e9genbe helyezt\u00e9k az iskol\u00e1val egy\u00fctt, ahol Petru Maior volt a f\u0151diakonus. Az els\u0151 tan\u00edt\u00f3, aki a falusi rom\u00e1n tannyelv\u0171 g. kat. iskol\u00e1ban tan\u00edtott (1782), majd a sz\u00e1sz v\u00e1rosban, teh\u00e1t R\u00e9gen sz\u00e1szoklakta negyed\u00e9ben. Az iskol\u00e1t a [&hellip;]<\/p>\n","protected":false},"featured_media":0,"comment_status":"open","ping_status":"closed","template":"","meta":[],"product_brand":[],"product_cat":[137],"product_tag":[],"class_list":{"0":"post-18429","1":"product","2":"type-product","3":"status-publish","5":"product_cat-maros-megyei-eletrajzi-lexikon","7":"first","8":"instock","9":"shipping-taxable","10":"product-type-simple"},"_links":{"self":[{"href":"https:\/\/uj.adatbank.ro\/lexikon\/wp-json\/wp\/v2\/product\/18429","targetHints":{"allow":["GET"]}}],"collection":[{"href":"https:\/\/uj.adatbank.ro\/lexikon\/wp-json\/wp\/v2\/product"}],"about":[{"href":"https:\/\/uj.adatbank.ro\/lexikon\/wp-json\/wp\/v2\/types\/product"}],"replies":[{"embeddable":true,"href":"https:\/\/uj.adatbank.ro\/lexikon\/wp-json\/wp\/v2\/comments?post=18429"}],"wp:attachment":[{"href":"https:\/\/uj.adatbank.ro\/lexikon\/wp-json\/wp\/v2\/media?parent=18429"}],"wp:term":[{"taxonomy":"product_brand","embeddable":true,"href":"https:\/\/uj.adatbank.ro\/lexikon\/wp-json\/wp\/v2\/product_brand?post=18429"},{"taxonomy":"product_cat","embeddable":true,"href":"https:\/\/uj.adatbank.ro\/lexikon\/wp-json\/wp\/v2\/product_cat?post=18429"},{"taxonomy":"product_tag","embeddable":true,"href":"https:\/\/uj.adatbank.ro\/lexikon\/wp-json\/wp\/v2\/product_tag?post=18429"}],"curies":[{"name":"wp","href":"https:\/\/api.w.org\/{rel}","templated":true}]}}