{"id":1843,"date":"2025-06-28T11:55:06","date_gmt":"2025-06-28T09:55:06","guid":{"rendered":"https:\/\/uj.adatbank.ro\/lexikon\/termek\/bagyoni-szabo-odon\/"},"modified":"2025-06-28T11:55:06","modified_gmt":"2025-06-28T09:55:06","slug":"bagyoni-szabo-odon","status":"publish","type":"product","link":"https:\/\/uj.adatbank.ro\/lexikon\/termek\/bagyoni-szabo-odon\/","title":{"rendered":"B\u00c1GYONI SZAB\u00d3 \u00d6d\u00f6n"},"content":{"rendered":"<p>M\u00e1d, 1839., \u2020 Dics\u0151szentm\u00e1rton, 1907. febr.: sz\u00edn\u00e9sz. \u2013 P\u00e1ly\u00e1j\u00e1t Feh\u00e9r K\u00e1roly t\u00e1rsulat\u00e1n\u00e1l kezdte (1858 k.). Eleinte \u00fcgyel\u0151, de m\u00e1r Hubay Guszt\u00e1vn\u00e1l rendez\u0151 is (1862\u2013). Egy id\u0151re visszavonult, s Miskolcon mint v\u00e1rosi hivatalnok tev\u00e9kenykedett, de folyamatosan szerz\u0151d\u00e9sben volt (1873\u20131892). Ezut\u00e1n megyei tisztvisel\u0151 lett. A sikeres kezdet ut\u00e1n \u2013 amikor h\u0151sszerelmeseket j\u00e1tszott \u2013 id\u0151sebb kor\u00e1ban nehezen kapott szerz\u0151d\u00e9st. \u2013 <strong>F. sz.:<\/strong> Mar\u00f3t b\u00e1n (V\u00f6r\u00f6smarty M.); Her\u00f3des (Sz\u00e1sz K.); II. F\u00fcl\u00f6p (Schiller: Don Carlos). <br \/><strong>Irod.:<\/strong> MSZL; MSz\u00ednL<\/br><\/p>\n","protected":false},"excerpt":{"rendered":"<p>M\u00e1d, 1839., \u2020 Dics\u0151szentm\u00e1rton, 1907. febr.: sz\u00edn\u00e9sz. \u2013 P\u00e1ly\u00e1j\u00e1t Feh\u00e9r K\u00e1roly t\u00e1rsulat\u00e1n\u00e1l kezdte (1858 k.). Eleinte \u00fcgyel\u0151, de m\u00e1r Hubay Guszt\u00e1vn\u00e1l rendez\u0151 is (1862\u2013). Egy id\u0151re visszavonult, s Miskolcon mint v\u00e1rosi hivatalnok tev\u00e9kenykedett, de folyamatosan szerz\u0151d\u00e9sben volt (1873\u20131892). Ezut\u00e1n megyei tisztvisel\u0151 lett. A sikeres kezdet ut\u00e1n \u2013 amikor h\u0151sszerelmeseket j\u00e1tszott \u2013 id\u0151sebb kor\u00e1ban nehezen kapott [&hellip;]<\/p>\n","protected":false},"featured_media":0,"comment_status":"open","ping_status":"closed","template":"","meta":[],"product_brand":[],"product_cat":[137],"product_tag":[],"class_list":{"0":"post-1843","1":"product","2":"type-product","3":"status-publish","5":"product_cat-maros-megyei-eletrajzi-lexikon","7":"first","8":"instock","9":"shipping-taxable","10":"product-type-simple"},"_links":{"self":[{"href":"https:\/\/uj.adatbank.ro\/lexikon\/wp-json\/wp\/v2\/product\/1843","targetHints":{"allow":["GET"]}}],"collection":[{"href":"https:\/\/uj.adatbank.ro\/lexikon\/wp-json\/wp\/v2\/product"}],"about":[{"href":"https:\/\/uj.adatbank.ro\/lexikon\/wp-json\/wp\/v2\/types\/product"}],"replies":[{"embeddable":true,"href":"https:\/\/uj.adatbank.ro\/lexikon\/wp-json\/wp\/v2\/comments?post=1843"}],"wp:attachment":[{"href":"https:\/\/uj.adatbank.ro\/lexikon\/wp-json\/wp\/v2\/media?parent=1843"}],"wp:term":[{"taxonomy":"product_brand","embeddable":true,"href":"https:\/\/uj.adatbank.ro\/lexikon\/wp-json\/wp\/v2\/product_brand?post=1843"},{"taxonomy":"product_cat","embeddable":true,"href":"https:\/\/uj.adatbank.ro\/lexikon\/wp-json\/wp\/v2\/product_cat?post=1843"},{"taxonomy":"product_tag","embeddable":true,"href":"https:\/\/uj.adatbank.ro\/lexikon\/wp-json\/wp\/v2\/product_tag?post=1843"}],"curies":[{"name":"wp","href":"https:\/\/api.w.org\/{rel}","templated":true}]}}