{"id":18436,"date":"2025-07-16T10:51:48","date_gmt":"2025-07-16T08:51:48","guid":{"rendered":"https:\/\/uj.adatbank.ro\/lexikon\/termek\/pop-filip\/"},"modified":"2025-07-16T10:51:48","modified_gmt":"2025-07-16T08:51:48","slug":"pop-filip","status":"publish","type":"product","link":"https:\/\/uj.adatbank.ro\/lexikon\/termek\/pop-filip\/","title":{"rendered":"POP Filip"},"content":{"rendered":"<p>1849. nov. 21., \u2020 ?:g. kat., ort. pap. \u2013 Bal\u00e1zsfalv\u00e1n a gimn.-ban tanult, \u00e9retts\u00e9gizett (1872) \u00e9s a k\u00e9t \u00e9ves teol\u00f3giai szemin\u00e1riumot is itt v\u00e9gezte, papp\u00e1 szentelt\u00e9k (1878). Kinevezt\u00e9k par\u00f3kiai gondnoknak Mez\u0151b\u00e1nd faluba (1878. m\u00e1rc. 3.). Szolg\u00e1lata idej\u00e9ben \u00e9p\u00fclt a ma is \u00e1ll\u00f3 templom a r\u00e9gi templom hely\u00e9re (1905\u201309). A templom \u00cen\u0103l\u0163area Domnului nevet kapta. Ez l\u00e1tta el Mez\u0151r\u00fccs h\u00edveit is (1908\u201320). <br \/><strong>Irod.:<\/strong> \u0218ematism; \u015eincan 2006<\/br><\/p>\n","protected":false},"excerpt":{"rendered":"<p>1849. nov. 21., \u2020 ?:g. kat., ort. pap. \u2013 Bal\u00e1zsfalv\u00e1n a gimn.-ban tanult, \u00e9retts\u00e9gizett (1872) \u00e9s a k\u00e9t \u00e9ves teol\u00f3giai szemin\u00e1riumot is itt v\u00e9gezte, papp\u00e1 szentelt\u00e9k (1878). Kinevezt\u00e9k par\u00f3kiai gondnoknak Mez\u0151b\u00e1nd faluba (1878. m\u00e1rc. 3.). Szolg\u00e1lata idej\u00e9ben \u00e9p\u00fclt a ma is \u00e1ll\u00f3 templom a r\u00e9gi templom hely\u00e9re (1905\u201309). A templom \u00cen\u0103l\u0163area Domnului nevet kapta. Ez [&hellip;]<\/p>\n","protected":false},"featured_media":0,"comment_status":"open","ping_status":"closed","template":"","meta":[],"product_brand":[],"product_cat":[137],"product_tag":[],"class_list":{"0":"post-18436","1":"product","2":"type-product","3":"status-publish","5":"product_cat-maros-megyei-eletrajzi-lexikon","7":"first","8":"instock","9":"shipping-taxable","10":"product-type-simple"},"_links":{"self":[{"href":"https:\/\/uj.adatbank.ro\/lexikon\/wp-json\/wp\/v2\/product\/18436","targetHints":{"allow":["GET"]}}],"collection":[{"href":"https:\/\/uj.adatbank.ro\/lexikon\/wp-json\/wp\/v2\/product"}],"about":[{"href":"https:\/\/uj.adatbank.ro\/lexikon\/wp-json\/wp\/v2\/types\/product"}],"replies":[{"embeddable":true,"href":"https:\/\/uj.adatbank.ro\/lexikon\/wp-json\/wp\/v2\/comments?post=18436"}],"wp:attachment":[{"href":"https:\/\/uj.adatbank.ro\/lexikon\/wp-json\/wp\/v2\/media?parent=18436"}],"wp:term":[{"taxonomy":"product_brand","embeddable":true,"href":"https:\/\/uj.adatbank.ro\/lexikon\/wp-json\/wp\/v2\/product_brand?post=18436"},{"taxonomy":"product_cat","embeddable":true,"href":"https:\/\/uj.adatbank.ro\/lexikon\/wp-json\/wp\/v2\/product_cat?post=18436"},{"taxonomy":"product_tag","embeddable":true,"href":"https:\/\/uj.adatbank.ro\/lexikon\/wp-json\/wp\/v2\/product_tag?post=18436"}],"curies":[{"name":"wp","href":"https:\/\/api.w.org\/{rel}","templated":true}]}}